{"id":103,"date":"2018-02-20T19:47:00","date_gmt":"2018-02-20T18:47:00","guid":{"rendered":"http:\/\/roemerquartier.ch\/?page_id=103"},"modified":"2018-02-20T19:47:00","modified_gmt":"2018-02-20T18:47:00","slug":"der-verein-statuten","status":"publish","type":"page","link":"https:\/\/roemerquartier.ch\/index.php\/der-verein-statuten\/","title":{"rendered":"Der Verein \/ Statuten"},"content":{"rendered":"<p>Der R\u00f6mer-Quartierverein Baden wurde am 24. Januar 1980 gegr\u00fcndet. Er hat den Zweck, die Anliegen der Bev\u00f6lkerung gegen\u00fcber den Stadtbeh\u00f6rden zu vertreten und das Leben im Quartier aktiv zu gestalten.<\/p>\n<p><a href=\"http:\/\/roemerquartier.ch\/wp-content\/uploads\/2018\/02\/Statuten_QV_2006.pdf\" target=\"_blank\" rel=\"noopener\">Statuten<\/a><\/p>\n","protected":false},"excerpt":{"rendered":"<p>Der R\u00f6mer-Quartierverein Baden wurde am 24. Januar 1980 gegr\u00fcndet. Er hat den Zweck, die Anliegen der Bev\u00f6lkerung gegen\u00fcber den Stadtbeh\u00f6rden zu vertreten und das Leben im Quartier aktiv zu gestalten. Statuten<\/p>\n","protected":false},"author":1,"featured_media":0,"parent":0,"menu_order":0,"comment_status":"closed","ping_status":"closed","template":"","meta":{"ngg_post_thumbnail":0,"footnotes":""},"class_list":["post-103","page","type-page","status-publish","h-entry","hentry","h-as-page"],"_links":{"self":[{"href":"https:\/\/roemerquartier.ch\/index.php\/wp-json\/wp\/v2\/pages\/103","targetHints":{"allow":["GET"]}}],"collection":[{"href":"https:\/\/roemerquartier.ch\/index.php\/wp-json\/wp\/v2\/pages"}],"about":[{"href":"https:\/\/roemerquartier.ch\/index.php\/wp-json\/wp\/v2\/types\/page"}],"author":[{"embeddable":true,"href":"https:\/\/roemerquartier.ch\/index.php\/wp-json\/wp\/v2\/users\/1"}],"replies":[{"embeddable":true,"href":"https:\/\/roemerquartier.ch\/index.php\/wp-json\/wp\/v2\/comments?post=103"}],"version-history":[{"count":2,"href":"https:\/\/roemerquartier.ch\/index.php\/wp-json\/wp\/v2\/pages\/103\/revisions"}],"predecessor-version":[{"id":264,"href":"https:\/\/roemerquartier.ch\/index.php\/wp-json\/wp\/v2\/pages\/103\/revisions\/264"}],"wp:attachment":[{"href":"https:\/\/roemerquartier.ch\/index.php\/wp-json\/wp\/v2\/media?parent=103"}],"curies":[{"name":"wp","href":"https:\/\/api.w.org\/{rel}","templated":true}]}}