{"id":118,"date":"2018-02-21T18:21:14","date_gmt":"2018-02-21T17:21:14","guid":{"rendered":"http:\/\/roemerquartier.ch\/?page_id=118"},"modified":"2019-12-21T13:04:44","modified_gmt":"2019-12-21T12:04:44","slug":"themen","status":"publish","type":"page","link":"https:\/\/roemerquartier.ch\/index.php\/themen\/","title":{"rendered":"Themen"},"content":{"rendered":"<p>Aktuelle Themen, die uns im R\u00f6merquartier besch\u00e4ftigen:<\/p>\n<p><a href=\"http:\/\/roemerquartier.ch\/index.php\/baederquartier\/\" target=\"_blank\" rel=\"noopener noreferrer\">Bauprojekte und Umgestaltung des B\u00e4derquartiers<\/a><\/p>\n<p><a href=\"http:\/\/roemerquartier.ch\/index.php\/buslinie-nr-9\/\" target=\"_blank\" rel=\"noopener noreferrer\">Buslinie Nr. 9<\/a><\/p>\n<p><a href=\"https:\/\/roemerquartier.ch\/index.php\/seilbahn-2\/\" target=\"_blank\" rel=\"noopener noreferrer\">Seilbahn<\/a><\/p>\n<p><a href=\"http:\/\/roemerquartier.ch\/index.php\/kurtheater\/\" target=\"_blank\" rel=\"noopener noreferrer\">Erweiterung und Renovation des Kurtheaters<\/a><\/p>\n<p><a href=\"http:\/\/roemerquartier.ch\/index.php\/postgebaeude\/\" target=\"_blank\" rel=\"noopener noreferrer\">Umbau und Erweiterung Postgeb\u00e4ude<\/a><\/p>\n<p><a href=\"http:\/\/roemerquartier.ch\/index.php\/kurpark\/\" target=\"_blank\" rel=\"noopener noreferrer\">Kurpark<\/a><\/p>\n<p><a href=\"http:\/\/roemerquartier.ch\/index.php\/gaertnerhaus\/\" target=\"_blank\" rel=\"noopener noreferrer\">G\u00e4rtnerhaus<\/a><\/p>\n<p><a href=\"http:\/\/roemerquartier.ch\/index.php\/oelrain-treppe\/\" target=\"_blank\" rel=\"noopener noreferrer\">\u00d6lrain-Treppe<\/a><\/p>\n<p><a href=\"http:\/\/roemerquartier.ch\/index.php\/zukunft-langmatt\/\" target=\"_blank\" rel=\"noopener noreferrer\">Zukunft Langmatt<\/a><\/p>\n<p><a href=\"http:\/\/roemerquartier.ch\/index.php\/raumentwicklungskonzept-rek-stadt-baden\/\" target=\"_blank\" rel=\"noopener noreferrer\">Raumentwicklungskonzept REK Stadt Baden<\/a><\/p>\n","protected":false},"excerpt":{"rendered":"<p>Aktuelle Themen, die uns im R\u00f6merquartier besch\u00e4ftigen: Bauprojekte und Umgestaltung des B\u00e4derquartiers Buslinie Nr. 9 Seilbahn Erweiterung und Renovation des Kurtheaters Umbau und Erweiterung Postgeb\u00e4ude Kurpark G\u00e4rtnerhaus \u00d6lrain-Treppe Zukunft Langmatt Raumentwicklungskonzept REK Stadt Baden<\/p>\n","protected":false},"author":1,"featured_media":0,"parent":0,"menu_order":0,"comment_status":"closed","ping_status":"closed","template":"","meta":{"ngg_post_thumbnail":0,"footnotes":""},"class_list":["post-118","page","type-page","status-publish","h-entry","hentry","h-as-page"],"_links":{"self":[{"href":"https:\/\/roemerquartier.ch\/index.php\/wp-json\/wp\/v2\/pages\/118","targetHints":{"allow":["GET"]}}],"collection":[{"href":"https:\/\/roemerquartier.ch\/index.php\/wp-json\/wp\/v2\/pages"}],"about":[{"href":"https:\/\/roemerquartier.ch\/index.php\/wp-json\/wp\/v2\/types\/page"}],"author":[{"embeddable":true,"href":"https:\/\/roemerquartier.ch\/index.php\/wp-json\/wp\/v2\/users\/1"}],"replies":[{"embeddable":true,"href":"https:\/\/roemerquartier.ch\/index.php\/wp-json\/wp\/v2\/comments?post=118"}],"version-history":[{"count":22,"href":"https:\/\/roemerquartier.ch\/index.php\/wp-json\/wp\/v2\/pages\/118\/revisions"}],"predecessor-version":[{"id":1284,"href":"https:\/\/roemerquartier.ch\/index.php\/wp-json\/wp\/v2\/pages\/118\/revisions\/1284"}],"wp:attachment":[{"href":"https:\/\/roemerquartier.ch\/index.php\/wp-json\/wp\/v2\/media?parent=118"}],"curies":[{"name":"wp","href":"https:\/\/api.w.org\/{rel}","templated":true}]}}