{"id":122,"date":"2018-02-21T18:23:48","date_gmt":"2018-02-21T17:23:48","guid":{"rendered":"http:\/\/roemerquartier.ch\/?page_id=122"},"modified":"2019-12-21T12:48:38","modified_gmt":"2019-12-21T11:48:38","slug":"leben-im-roemerquartier","status":"publish","type":"page","link":"https:\/\/roemerquartier.ch\/index.php\/leben-im-roemerquartier\/","title":{"rendered":"Das R\u00f6merquartier"},"content":{"rendered":"<p>Das R\u00f6merquartier ist eines der zehn <a href=\"https:\/\/www.badenertagblatt.ch\/dossier\/Quartiere%20in%20Baden\" target=\"_blank\" rel=\"noopener noreferrer\">Quartiere der Stadt Baden\/Schweiz<\/a>. Es liegt zwischen der Bahnlinie und dem Limmatknie und reicht im S\u00fcden bis zum Brenntweg.<\/p>\n<p><img loading=\"lazy\" decoding=\"async\" class=\"alignnone size-full wp-image-248\" src=\"http:\/\/roemerquartier.ch\/wp-content\/uploads\/2018\/05\/Roemerquartier_ed_comp.png\" alt=\"\" width=\"1000\" height=\"768\" srcset=\"https:\/\/roemerquartier.ch\/wp-content\/uploads\/2018\/05\/Roemerquartier_ed_comp.png 1000w, https:\/\/roemerquartier.ch\/wp-content\/uploads\/2018\/05\/Roemerquartier_ed_comp-300x230.png 300w, https:\/\/roemerquartier.ch\/wp-content\/uploads\/2018\/05\/Roemerquartier_ed_comp-768x590.png 768w, https:\/\/roemerquartier.ch\/wp-content\/uploads\/2018\/05\/Roemerquartier_ed_comp-960x737.png 960w\" sizes=\"auto, (max-width: 1000px) 100vw, 1000px\" \/><em>Karte: Marie-Anne Spross<\/em><\/p>\n<p>&nbsp;<\/p>\n<p><strong>Einblick ins R\u00f6merquartier<\/strong><\/p>\n<p>\u00abDas R\u00f6merquartier besticht mit grossb\u00fcrgerlichen Geb\u00e4uden, Parkanlagen und viel Charme. Gleichzeitig wird auch rege gebaut. Dem Quartierverein ist es ein Anliegen, eine gute Mischung aus Bew\u00e4hrtem und Neuem beizubehalten.\u00bb<\/p>\n<p>In einem grossen <a href=\"https:\/\/www.aargauerzeitung.ch\/aargau\/baden\/einblick-ins-roemerquartier-wo-kultur-freizeit-und-geschichte-aufeinandertreffen-134481451\" target=\"_blank\" rel=\"noopener noreferrer\">Artikel<\/a> im Badener Tagblatt vom 16. Mai 2019 wird das R\u00f6merquartier vorgestellt.<\/p>\n<p><a href=\"http:\/\/roemerquartier.ch\/wp-content\/uploads\/2019\/05\/20190516_AZ-Badener-Tagblatt_E-Paper.pdf\" target=\"_blank\" rel=\"noopener noreferrer\">Link zum pdf<\/a><\/p>\n<p>&nbsp;<\/p>\n<p><strong>Auf Entdeckungsreise im und ums R\u00f6merquartier<\/strong><\/p>\n<p>Im R\u00f6merquartier gibt es viel zu entdecken. Basierend&nbsp; auf Zeitungsbeitr\u00e4gen im Badener Tagblatt stellen wir <a href=\"https:\/\/roemerquartier.ch\/index.php\/entdeckungsreise-im-roemerquartier\/\" target=\"_blank\" rel=\"noopener noreferrer\">hier<\/a> einige interessante Objekte und Orte vor.<\/p>\n<p>&nbsp;<\/p>\n<p><strong>Portr\u00e4ts<\/strong><\/p>\n<p>Im R\u00f6merquartier sind viele interessante Zeitgenoss\/inn\/en, Firmen und Institutionen beheimatet. <a href=\"https:\/\/roemerquartier.ch\/index.php\/portraets\/\" target=\"_blank\" rel=\"noopener noreferrer\">Hier<\/a> findet sich eine eher zuf\u00e4llige und sicherlich nicht vollst\u00e4ndige Auswahl von Portr\u00e4ts einiger unserer Nachbarn!<\/p>\n","protected":false},"excerpt":{"rendered":"<p>Das R\u00f6merquartier ist eines der zehn Quartiere der Stadt Baden\/Schweiz. Es liegt zwischen der Bahnlinie und dem Limmatknie und reicht im S\u00fcden bis zum Brenntweg. Karte: Marie-Anne Spross &nbsp; Einblick ins R\u00f6merquartier \u00abDas R\u00f6merquartier besticht mit grossb\u00fcrgerlichen Geb\u00e4uden, Parkanlagen und viel Charme. Gleichzeitig wird auch rege gebaut. Dem Quartierverein ist es ein Anliegen, eine gute <a href=\"https:\/\/roemerquartier.ch\/index.php\/leben-im-roemerquartier\/\" class=\"more-link\">\u2026weiterlesen<span class=\"screen-reader-text\"> Das R\u00f6merquartier\"<\/span><\/a><\/p>\n","protected":false},"author":1,"featured_media":1143,"parent":0,"menu_order":0,"comment_status":"closed","ping_status":"closed","template":"","meta":{"ngg_post_thumbnail":0,"footnotes":""},"class_list":["post-122","page","type-page","status-publish","has-post-thumbnail","h-entry","hentry","h-as-page"],"_links":{"self":[{"href":"https:\/\/roemerquartier.ch\/index.php\/wp-json\/wp\/v2\/pages\/122","targetHints":{"allow":["GET"]}}],"collection":[{"href":"https:\/\/roemerquartier.ch\/index.php\/wp-json\/wp\/v2\/pages"}],"about":[{"href":"https:\/\/roemerquartier.ch\/index.php\/wp-json\/wp\/v2\/types\/page"}],"author":[{"embeddable":true,"href":"https:\/\/roemerquartier.ch\/index.php\/wp-json\/wp\/v2\/users\/1"}],"replies":[{"embeddable":true,"href":"https:\/\/roemerquartier.ch\/index.php\/wp-json\/wp\/v2\/comments?post=122"}],"version-history":[{"count":49,"href":"https:\/\/roemerquartier.ch\/index.php\/wp-json\/wp\/v2\/pages\/122\/revisions"}],"predecessor-version":[{"id":1277,"href":"https:\/\/roemerquartier.ch\/index.php\/wp-json\/wp\/v2\/pages\/122\/revisions\/1277"}],"wp:featuredmedia":[{"embeddable":true,"href":"https:\/\/roemerquartier.ch\/index.php\/wp-json\/wp\/v2\/media\/1143"}],"wp:attachment":[{"href":"https:\/\/roemerquartier.ch\/index.php\/wp-json\/wp\/v2\/media?parent=122"}],"curies":[{"name":"wp","href":"https:\/\/api.w.org\/{rel}","templated":true}]}}