{"id":1248,"date":"2019-12-21T11:29:58","date_gmt":"2019-12-21T10:29:58","guid":{"rendered":"http:\/\/roemerquartier.ch\/?page_id=1248"},"modified":"2023-03-12T18:40:08","modified_gmt":"2023-03-12T17:40:08","slug":"portraets","status":"publish","type":"page","link":"https:\/\/roemerquartier.ch\/index.php\/portraets\/","title":{"rendered":"Portr\u00e4ts"},"content":{"rendered":"<p>Im R\u00f6merquartier sind viele interessante Zeitgenoss\/inn\/en, Firmen und Institutionen beheimatet. Hier folgt eine eher zuf\u00e4llige und sicherlich nicht vollst\u00e4ndige Auswahl von Portr\u00e4ts einiger unserer Nachbarn!&nbsp; <a href=\"mailto:webmaster@roemerquartier.ch?subject=Vorschlag Portr\u00e4t Website RQ\" target=\"_blank\" rel=\"noopener noreferrer\">Hinweise<\/a> zu weiteren Portr\u00e4ts sind immer willkommen.<\/p>\n<ul>\n<li><strong>Urs Urech<\/strong> will mit Lehrmittel mehr Empathie und weniger Dsikriminierung f\u00f6rdern. <a href=\"https:\/\/www.badenertagblatt.ch\/aargau\/baden\/baden-mehr-empathie-weniger-diskriminierung-er-will-mithilfe-spezieller-lehrmittel-toleranz-bei-kindern-und-jugendlichen-foerdern-ld.2420172\" target=\"_blank\" rel=\"noopener\">Artikel<\/a> im Badener Tagblatt vom 2. M\u00e4rz 2023<\/li>\n<li><strong>Galerie im Gw\u00f6lb<\/strong>: Die K\u00fcnstlerin Sibylle Bolliger hat 2017 in einem stilgerecht renovierten Gew\u00f6lbekeller an der R\u00f6merstrasse eine <a href=\"https:\/\/www.galerieimgwoelb.ch\/\" target=\"_blank\" rel=\"noopener noreferrer\">Galerie<\/a> er\u00f6ffnet, in der sie neben eigenen auch Werke anderer K\u00fcnstler ausstellt.<br \/>\nGalerie im Weinkeller: <a href=\"http:\/\/roemerquartier.ch\/wp-content\/uploads\/2020\/02\/2020-08_Rundschau_Sued_2020_02_20_Gwoelb.pdf\" target=\"_blank\" rel=\"noopener noreferrer\">Artikel<\/a> in der Rundschau S\u00fcd vom 20. Februar 2020<br \/>\nKunstort Gw\u00f6lb: <a href=\"http:\/\/roemerquartier.ch\/wp-content\/uploads\/2023\/01\/Gwoelb_Baden-aktuell-Magazin-November-2022.pdf\" target=\"_blank\" rel=\"noopener\">Artikel<\/a> in Badenaktuell vom November 2022<br \/>\n<a href=\"https:\/\/www.galerieimgwoelb.ch\/presse\/\" target=\"_blank\" rel=\"noopener noreferrer\">Auswahl<\/a> von weiteren Presseartikeln<\/li>\n<li>Der K\u00fcnstler <strong>Attila Herendi<\/strong> war ein Multitalent und Stadtoriginal. Er ist am 9. M\u00e4rz 2020 verstorben: <a href=\"https:\/\/www.badenertagblatt.ch\/aargau\/baden\/baden-verliert-ein-original-attila-herendi-ist-gestorben-136957650#\" target=\"_blank\" rel=\"noopener noreferrer\">Mitteilung<\/a>, <a href=\"https:\/\/www.badenertagblatt.ch\/aargau\/baden\/ein-grandseigneur-mit-stil-zum-gedenken-an-badener-original-attila-herendi-84-137172963\" target=\"_blank\" rel=\"noopener noreferrer\">Nachruf<\/a> und <a href=\"https:\/\/www.badenertagblatt.ch\/aargau\/baden\/eine-hommage-an-attila-herendi-die-bilder-des-verstorbenen-kunstlers-werden-ausgestellt-ld.1236057\" target=\"_blank\" rel=\"noopener\">Werkschau<\/a> im Badener Tagblatt<\/li>\n<li><strong>Veronika Spierenburgs<\/strong> Hommage an die B\u00e4derstadt an der CS-Filiale: <a href=\"https:\/\/www.badenertagblatt.ch\/aargau\/baden\/eine-hommage-an-die-baederstadt-baden-diese-kuenstlerin-will-zum-nachdenken-anregen-135425191\" target=\"_blank\" rel=\"noopener noreferrer\">Artikel<\/a> im Badener Tagblatt vom 19. August 2019<\/li>\n<li>Gitarrist <strong>Nic Niedermann<\/strong> in der Corona-Pause: <a href=\"https:\/\/www.badenertagblatt.ch\/aargau\/baden\/diese-badener-kunstler-erwachen-aus-der-corona-schockstarre-ld.1301083\" target=\"_blank\" rel=\"noopener\">Artikel<\/a> im Badener Tagblatt vom 24. Juni 2020<\/li>\n<li>Gitarrenbauer <strong>Jo Meister<\/strong>: <a href=\"https:\/\/www.badenertagblatt.ch\/aargau\/baden\/der-einstige-finanzjongleur-peter-jo-meister-zieht-heute-andere-saiten-auf-ld.1239969\" target=\"_blank\" rel=\"noopener\">Artikel<\/a> im Badener Tagblatt vom 21. Juli 2020<\/li>\n<li>Das <strong>Royal<\/strong> ist eine Kulturst\u00e4tte im ehemaligen Kino Royal, dem \u00e4ltesten freistehenden Kino der Schweiz. 2011 wurde das Royal von engagierten Menschen als Zwischennutzung in ein multimediales Kulturhaus verwandelt.<br \/>\nPortr\u00e4t Kafi Royal: <a href=\"http:\/\/roemerquartier.ch\/wp-content\/uploads\/2023\/01\/Royal-Baden-aktuell-Magazin-November-2022-2.pdf\" target=\"_blank\" rel=\"noopener\">Artikel<\/a> in Badenaktuelle vom November 2022<br \/>\n<a href=\"https:\/\/royalbaden.ch\/\" target=\"_blank\" rel=\"noopener noreferrer\">Website<\/a> des Royal<\/li>\n<li>Krimi-Autorin <strong>Conny L\u00fcscher<\/strong>: <a href=\"http:\/\/roemerquartier.ch\/wp-content\/uploads\/2021\/03\/Seiten-aus-2020-48_Rundschau_Sued_g.pdf\" target=\"_blank\" rel=\"noopener\">Artikel<\/a> in der Rundschau S\u00fcd vom 26. November 2020<\/li>\n<li><strong>Gabriele Susanna Merki<\/strong>: Verh\u00fcten ohne Hormone: <a href=\"https:\/\/www.srf.ch\/play\/tv\/sendung\/puls?id=709898cb-2dba-45da-8e21-b1f416c39dc9\" target=\"_blank\" rel=\"noopener noreferrer\">Sendung<\/a> am Schweizer Fernsehen vom 16. Dezember 2019 (ab 18 Min. 19 Sek.)<\/li>\n<li><strong>Martina Nordin<\/strong>: Diese Medizinerin gibt vielen Paaren neue Hoffnung: <a href=\"https:\/\/www.badenertagblatt.ch\/aargau\/baden\/kinderwuensche-diese-medizinerin-gibt-vielen-paaren-neue-hoffnung-136111679\" target=\"_blank\" rel=\"noopener noreferrer\">Artikel<\/a> im Badener Tagblatt vom 16. Dezember 2019<\/li>\n<li><strong>Ren\u00e9 Ryser<\/strong> kennt den Kurpark wie seine Westentasche: <a href=\"https:\/\/roemerquartier.ch\/wp-content\/uploads\/2019\/07\/190627_Roevue_web.pdf\" target=\"_blank\" rel=\"noopener noreferrer\">Artikel<\/a> in der R\u00f6vue 2019\/1 (Seiten 4 und 5)<\/li>\n<li>Liebesgeschichte: \u00abWir heissen <strong>Rolf und Rosa<\/strong>, wie Rolls und Royce\u00bb: <a href=\"https:\/\/roemerquartier.ch\/wp-content\/uploads\/2018\/12\/Roevue_2018-02_web.pdf\" target=\"_blank\" rel=\"noopener noreferrer\">Artikel<\/a> in der R\u00f6vue 2018\/2 (Seiten 6 und 7)<\/li>\n<li>Das <strong>Familienzentrum Karussell<\/strong> an der Haselstrasse ist eine Anlaufstelle f\u00fcr Jung und Alt und Ort zahlreicher Veranstaltungen und Anl\u00e4sse. Es wird vom Gemeinn\u00fctzigen Frauenverein Baden getragen.<br \/>\n<a href=\"https:\/\/www.karussell-baden.ch\/\" target=\"_blank\" rel=\"noopener\">Webseite<\/a> Karussell<br \/>\n<a href=\"https:\/\/www.badenertagblatt.ch\/aargau\/baden\/baden-zum-welttag-der-frau-ich-bin-so-lange-feministin-bis-die-gleichstellung-umgesetzt-ist-ld.2425705\" target=\"_blank\" rel=\"noopener\">Artikel<\/a> im Badener Tagblatt vom 8. M\u00e4rz 2023<\/li>\n<li>Weiblicher Pioniergeist: Alternatives <a href=\"http:\/\/www.frauundfamilie.ch\/\" target=\"_blank\" rel=\"noopener noreferrer\">Zentrum<\/a> f\u00fcr \u00abFrau und Familie\u00bb in der <strong>Villa Lewin<\/strong>: <a href=\"https:\/\/www.badenertagblatt.ch\/aargau\/baden\/weiblicher-pioniergeist-in-historischer-villa-wie-zwei-aargauerinnen-familien-nach-geburt-entlasten-wollen-135470894#\" target=\"_blank\" rel=\"noopener noreferrer\">Artikel<\/a> im Badener Tagblatt vom 28. August 2019<\/li>\n<li><strong>mischmasch.beer<\/strong>: Weltenbummer braut in Baden sein eigenes <a href=\"https:\/\/www.mischmasch.beer\/\" target=\"_blank\" rel=\"noopener noreferrer\">Bier<\/a>: <a href=\"https:\/\/www.badenertagblatt.ch\/aargau\/baden\/dieser-weltenbummer-braut-in-baden-sein-eigenes-bier-mein-leben-war-voller-zufaelle-135794565#\" target=\"_blank\" rel=\"noopener noreferrer\">Artikel<\/a> im Badener Tagblatt vom 16. Oktober 2019<br \/>\n<a href=\"https:\/\/www.badenertagblatt.ch\/aargau\/baden\/um-den-clubs-und-bars-zu-helfen-ein-solidaritaetsbier-gegen-den-party-kater-137929852\" target=\"_blank\" rel=\"noopener noreferrer\">Artikel<\/a> \u00fcber Corona-Solidarit\u00e4tsaktion in der Schweiz am Wochenende vom 23. Mai 2020<br \/>\n<a href=\"https:\/\/www.badenertagblatt.ch\/aargau\/baden\/baden-wie-der-pascha-bar-betreiber-und-neu-bierbrauer-der-krise-trotzt-ich-habe-finanziell-knapp-ueberlebt-ld.2107956\" target=\"_blank\" rel=\"noopener\">Artikel<\/a> im Badener Tagblatt vom 1. M\u00e4rz 2021<\/li>\n<li><strong>Dory&amp;Du \u2013 eatery bar caf\u00e9<\/strong>: Nach Aarau erobern sie Baden: Junges Wirtepaar er\u00f6ffnet <a href=\"https:\/\/doryunddu.ch\/\" target=\"_blank\" rel=\"noopener noreferrer\">Lokal<\/a> an der Limmat: <a href=\"https:\/\/www.badenertagblatt.ch\/aargau\/baden\/nach-aarau-erobern-sie-baden-junges-wirtepaar-eroeffnet-lokal-an-der-limmat-135943841\" target=\"_blank\" rel=\"noopener noreferrer\">Artikel<\/a> im Badener Tagblatt vom 9. November 2019<\/li>\n<li><strong>Don Jos\u00e9<\/strong>: Spanische K\u00fcche im B\u00e4derquartier.<br \/>\n<a href=\"https:\/\/www.tagesanzeiger.ch\/kulinarische-wellness-im-baederquartier-738147496657\" target=\"_blank\" rel=\"noopener\">Artikel<\/a> im Tages Anzeiger vom 26. September 2022<br \/>\n<a href=\"https:\/\/www.badenertagblatt.ch\/aargau\/baden\/untersiggenthalbaden-don-jose-wirtepaar-muss-wegen-umbau-in-neues-restaurant-ausweichen-werden-auch-diese-situation-gut-ueberstehen-ld.2404032\" target=\"_blank\" rel=\"noopener\">Artikel<\/a> im Badener Tagblatt vom 23. Januar 2023<\/li>\n<li>Seit 2018 kann man im Sommer an der Limmatpromenade beim Tr\u00e4nenbr\u00fcnneli in der <a href=\"https:\/\/www.kajuete-baden.ch\/\" target=\"_blank\" rel=\"noopener noreferrer\">Caf\u00e9-Bar<\/a> <strong>Kaj\u00fcte<\/strong> einkehren: Artikel im <a href=\"https:\/\/www.badenertagblatt.ch\/thema\/Kaj%C3%BCte\" target=\"_blank\" rel=\"noopener noreferrer\">Badener Tagblatt<\/a> und in der <a href=\"http:\/\/roemerquartier.ch\/wp-content\/uploads\/2020\/04\/Kajuete_Seiten-aus-2020-10_Rundschau_Sued_g.pdf\" target=\"_blank\" rel=\"noopener noreferrer\">Rundschau S\u00fcd<\/a><\/li>\n<li><strong>Brunellino<\/strong> und <strong>Bela Loko<\/strong>: Zwei Caf\u00e9s an der B\u00e4derstrasse.<br \/>\n<a href=\"https:\/\/www.badenertagblatt.ch\/aargau\/baden\/baden-nachwuchs-beim-beliebten-ristorante-il-brunello-neue-italianita-im-baederquartier-ld.2182217\" target=\"_blank\" rel=\"noopener\">Artikel<\/a> \u00fcber das Brunellino im Badener Tagblatt vom 3. September 2021<br \/>\n<a href=\"https:\/\/www.belaloko.ch\/\" target=\"_blank\" rel=\"noopener\">Website<\/a> und <a href=\"https:\/\/www.badenertagblatt.ch\/aargau\/baden\/baden-neues-cafe-im-baederquartier-das-bela-loko-bietet-fruehstueck-und-aperospezialitaeten-ld.2202537\" target=\"_blank\" rel=\"noopener\">Artikel<\/a> \u00fcber das Bela Loko im Badener Tagblatt vom 18. Oktober 2021<\/li>\n<li>Das <strong>Jugendstilhotel <\/strong><a href=\"https:\/\/blume-baden.ch\/\" target=\"_blank\" rel=\"noopener\">Blume<\/a> am Kurplatz ist einen Besuch wert und erstrahlt in neuem Glanz.<br \/>\n<a href=\"https:\/\/www.badenertagblatt.ch\/aargau\/baden\/baden-gastro-lockdown-macht-es-moeglich-praechtiger-saal-im-hotel-blume-zeigt-sich-wieder-von-schoenster-seite-ld.2141254\" target=\"_blank\" rel=\"noopener\">Artikel<\/a> im Badener Tagblatt vom 25. Mai 2021<br \/>\n<a href=\"https:\/\/www.badenertagblatt.ch\/aargau\/baden\/schmuckstueck-badener-hotel-blume-strahlt-in-neuem-glanz-diese-renovation-steht-nun-an-ld.2422394\" target=\"_blank\" rel=\"noopener\">Artikel<\/a> im Badener Tagblett vom 2. M\u00e4rz 2023<\/li>\n<li>Das <strong>H\u00f6rnli<\/strong> mit den spanischen Restaurant <a href=\"https:\/\/www.donjose.ch\/\" target=\"_blank\" rel=\"noopener\">Don Jos\u00e9<\/a>. <a href=\"https:\/\/www.badenertagblatt.ch\/aargau\/baden\/baden-das-teils-marode-hoernli-im-baederquartier-soll-wieder-zum-bijou-werden-ld.2143758\" target=\"_blank\" rel=\"noopener\">Artikel<\/a> im Badener Tagblatt vom 29. Mai 2021<\/li>\n<li>Das \u00abGammelhaus\u00bb am <strong>Brenntweg<\/strong>: <a href=\"https:\/\/www.badenertagblatt.ch\/aargau\/baden\/liegenschaft-an-bester-lage-das-gammelhaus-der-millionen-erbin-veraergert-die-stadt-135886804\" target=\"_blank\" rel=\"noopener noreferrer\">Artikel<\/a> im Badener Tagblatt vom 20. Oktober 2019<\/li>\n<\/ul>\n","protected":false},"excerpt":{"rendered":"<p>Im R\u00f6merquartier sind viele interessante Zeitgenoss\/inn\/en, Firmen und Institutionen beheimatet. Hier folgt eine eher zuf\u00e4llige und sicherlich nicht vollst\u00e4ndige Auswahl von Portr\u00e4ts einiger unserer Nachbarn!&nbsp; Hinweise zu weiteren Portr\u00e4ts sind immer willkommen. Urs Urech will mit Lehrmittel mehr Empathie und weniger Dsikriminierung f\u00f6rdern. Artikel im Badener Tagblatt vom 2. M\u00e4rz 2023 Galerie im Gw\u00f6lb: Die <a href=\"https:\/\/roemerquartier.ch\/index.php\/portraets\/\" class=\"more-link\">\u2026weiterlesen<span class=\"screen-reader-text\"> Portr\u00e4ts\"<\/span><\/a><\/p>\n","protected":false},"author":1,"featured_media":470,"parent":0,"menu_order":0,"comment_status":"closed","ping_status":"closed","template":"","meta":{"ngg_post_thumbnail":0,"footnotes":""},"class_list":["post-1248","page","type-page","status-publish","has-post-thumbnail","h-entry","hentry","h-as-page"],"_links":{"self":[{"href":"https:\/\/roemerquartier.ch\/index.php\/wp-json\/wp\/v2\/pages\/1248","targetHints":{"allow":["GET"]}}],"collection":[{"href":"https:\/\/roemerquartier.ch\/index.php\/wp-json\/wp\/v2\/pages"}],"about":[{"href":"https:\/\/roemerquartier.ch\/index.php\/wp-json\/wp\/v2\/types\/page"}],"author":[{"embeddable":true,"href":"https:\/\/roemerquartier.ch\/index.php\/wp-json\/wp\/v2\/users\/1"}],"replies":[{"embeddable":true,"href":"https:\/\/roemerquartier.ch\/index.php\/wp-json\/wp\/v2\/comments?post=1248"}],"version-history":[{"count":41,"href":"https:\/\/roemerquartier.ch\/index.php\/wp-json\/wp\/v2\/pages\/1248\/revisions"}],"predecessor-version":[{"id":2588,"href":"https:\/\/roemerquartier.ch\/index.php\/wp-json\/wp\/v2\/pages\/1248\/revisions\/2588"}],"wp:featuredmedia":[{"embeddable":true,"href":"https:\/\/roemerquartier.ch\/index.php\/wp-json\/wp\/v2\/media\/470"}],"wp:attachment":[{"href":"https:\/\/roemerquartier.ch\/index.php\/wp-json\/wp\/v2\/media?parent=1248"}],"curies":[{"name":"wp","href":"https:\/\/api.w.org\/{rel}","templated":true}]}}