{"id":1268,"date":"2019-12-21T12:04:02","date_gmt":"2019-12-21T11:04:02","guid":{"rendered":"http:\/\/roemerquartier.ch\/?page_id=1268"},"modified":"2020-03-06T08:37:00","modified_gmt":"2020-03-06T07:37:00","slug":"entdeckungsreise-im-roemerquartier","status":"publish","type":"page","link":"https:\/\/roemerquartier.ch\/index.php\/entdeckungsreise-im-roemerquartier\/","title":{"rendered":"Entdeckungsreise im R\u00f6merquartier"},"content":{"rendered":"<p>Im R\u00f6merquartier gibt es viel zu entdecken. Basierend&nbsp; auf Zeitungsbeitr\u00e4gen im Badener Tagblatt stellen wir hier einige interessante Objekte und Orte vor:<\/p>\n<ul>\n<li>Im <strong>B\u00e4derquartier<\/strong> liefern insgesamt 18 Thermalquellen (davon 2 in Ennetbaden) das mineralreichste Wasser der Schweiz. Die Mineralquellen (Aquae Helveticae) wurden schon in der R\u00f6merzeit genutzt. Im Moment wird ein neues Thermalbad gebaut.<br \/>\n<a href=\"http:\/\/roemerquartier.ch\/index.php\/baederquartier\/\" target=\"_blank\" rel=\"noopener noreferrer\">Mehr<\/a> zum B\u00e4derquartier<\/li>\n<li>Der <strong>Kurpark<\/strong> ist mit seinen m\u00e4chtigen B\u00e4umen die gr\u00fcne Lunge des R\u00f6merquartiers und beherbergt auch das <strong>Casino Baden<\/strong>.<br \/>\n<a href=\"http:\/\/roemerquartier.ch\/index.php\/kurpark\/\" target=\"_blank\" rel=\"noopener noreferrer\">Weitere Informationen<\/a> zum Kurpark<\/li>\n<li>Am Rande des Kurparks ist das <strong>Kurtheater<\/strong>, ein Gastspieltheater, in einem Geb\u00e4ude von 1952. Es wird momentan umgebaut.<br \/>\n<a href=\"https:\/\/www.kurtheater.ch\/\" target=\"_blank\" rel=\"noopener noreferrer\">Link<\/a> zum Kurtheater<br \/>\n<a href=\"https:\/\/roemerquartier.ch\/index.php\/kurtheater\/\" target=\"_blank\" rel=\"noopener noreferrer\">Mehr<\/a> zum Kurtheater<\/li>\n<li>Die <strong>Villa Langmatt<\/strong> an der R\u00f6merstrasse wurde 1900 von Karl Moser f\u00fcr Sidney Brown gebaut und beherbergt heute eine bedeutende Sammlung franz\u00f6sischer Impressionisten.<br \/>\n<a href=\"http:\/\/www.langmatt.ch\/\" target=\"_blank\" rel=\"noopener noreferrer\">Link<\/a> zum Museum Langmatt<br \/>\n<a href=\"https:\/\/roemerquartier.ch\/index.php\/zukunft-langmatt\/\" target=\"_blank\" rel=\"noopener noreferrer\">Mehr<\/a> zum Museum Langmatt<\/li>\n<li>Die ehemalige Villa R\u00f6merburg wurde 1898 von Karl Moser f\u00fcr Charles Brown, den Mitbegr\u00fcnder der BBC und Bruder von Sidney Brown, neben der Langmatt erbaut und bereits 1957 wieder abgerissen. An der Fassade prangten eine Reihe von <strong>Fratzen<\/strong> des s\u00fcddeutschen K\u00fcnstlers Oskar A. Kiefer. Seit kurzem k\u00f6nnen sie am frisch renovierten Haus zum Glas bei der Cordula-Passage bestaunt werden.<br \/>\n<a href=\"https:\/\/www.badenertagblatt.ch\/aargau\/baden\/baden-hat-seine-fratzen-zurueck-frueher-zierten-sie-die-roemerburg-heute-den-schulhausplatz-132816483\" target=\"_blank\" rel=\"noopener noreferrer\">Artikel<\/a> im Badener Tagblatt vom 17. Juli 2018<\/li>\n<li><strong>Hans Trudel<\/strong> (1881\u20131958) war ein zu Lebzeiten umstrittener Badener Maler und Bildhauer, der mit seinen unverbl\u00fcmten Kunstwerken gewisse Leute vor den Kopf stiess. Im R\u00f6merquartier sind verschiedene seiner Skulpturen zu finden, so der Bacchus oder eine Dreiergruppe im Kurpark, das Tr\u00e4nenbr\u00fcnneli an der Limmatpromenade oder der Flieger auf dem unteren Bahnhofplatz.<br \/>\n<a href=\"https:\/\/www.badenertagblatt.ch\/aargau\/baden\/das-plastikexperiment-ist-gestartet-wegen-corona-virus-aber-etwas-kleiner-136450927\" target=\"_blank\" rel=\"noopener noreferrer\">Artikel<\/a> zum Tr\u00e4nenbr\u00fcnneli (Verh\u00fcllungsaktion Plastikexperiment) im Badener Tagblatt vom 3. M\u00e4rz 2020&nbsp;<br \/>\n<a href=\"https:\/\/www.badenertagblatt.ch\/aargau\/baden\/vor-100-jahren-kam-das-traenenbruenneli-an-die-stadt-als-geschenk-von-hans-trudels-freunden-136392063\" target=\"_blank\" rel=\"noopener noreferrer\">Artikel<\/a> zum Tr\u00e4nenbr\u00fcnneli im Badener Tagblatt vom 20. Februar 2020<br \/>\n<a href=\"https:\/\/www.badenertagblatt.ch\/aargau\/baden\/1918-das-traenenbruenneli-erhitzt-die-gemueter-133643038\" target=\"_blank\" rel=\"noopener noreferrer\">Artikel<\/a> zum Tr\u00e4nenbr\u00fcnneli im Badener Tagblatt vom 29. Oktober 2018<br \/>\n<a href=\"https:\/\/www.badenertagblatt.ch\/aargau\/baden\/hans-trudel-auch-60-jahre-nach-seinem-tod-praegen-seine-werke-das-stadtbild-132312692#\" target=\"_blank\" rel=\"noopener noreferrer\">Artikel<\/a> \u00fcber die Skulpturen im Badener Tagblatt vom 13. M\u00e4rz 2018<\/li>\n<li>Die <strong>Limmatpromenade<\/strong> ist ideal zum Flanieren und im Sommer herrscht am Ufer der Limmat unter den Platanen eine angenehme K\u00fchle. Ein Bistro beim Tr\u00e4nenbr\u00fcnneli von Hans Trudel l\u00e4dt zum Verweilen ein.<\/li>\n<li>Die <strong>r\u00f6mischen S\u00e4ulen<\/strong> an der R\u00f6merstrasse wurden Ende der Achtziger Jahre durch Dr. Martin Hartmann zur Markierung der ehemaligen r\u00f6mischen Strasse ins B\u00e4derquartier aufgestellt. Sie stammen aus einem r\u00f6mischen Gutshof in Schleinikon.<br \/>\n<a href=\"http:\/\/roemerquartier.ch\/wp-content\/uploads\/2018\/02\/150630_Roevue_2015_02_Satz_Seite_1-10__low.pdf\" target=\"_blank\" rel=\"noopener noreferrer\">Artikel<\/a> in R\u00f6vue 62, Seite 7<br \/>\nDie schiefe <strong>S\u00e4ule<\/strong> von Baden \u2013 was hat es mit dem fast vergessenen Wahrzeichen auf sich? <a href=\"https:\/\/www.badenertagblatt.ch\/aargau\/baden\/die-schiefe-saeule-von-baden-was-hat-es-mit-dem-fast-vergessenen-wahrzeichen-auf-sich-135366326\" target=\"_blank\" rel=\"noopener noreferrer\">Artikel<\/a> im Badener Tagblatt vom 7. August 2019<\/li>\n<li>Die <strong>Reformierte Kirche<\/strong> an der Badstrasse wurde 1712 nach der Niederlage Badens im Zweiten Villmerger Krieg auf Geheiss der siegreichen reformierten Z\u00fcrcher zwangsweise durch die katholischen Badener aus den Tr\u00fcmmern von Schloss Stein erbaut. Sie ist heute die Hauptkirche der Reformierten Kirchgemeinde Baden und Umgebung. Hinter der Kirche befindet sich der Grabstein des heute fast vergessenen Komponisten Daniel Elster.<br \/>\nDie Kirche auf der <a href=\"https:\/\/www.ref-baden.ch\/unsere-kirchgemeinde\/gebaeude-und-raeume\/baden-ennetbaden\/reformierte-kirche-baden\/\" target=\"_blank\" rel=\"noopener noreferrer\">Website<\/a> der Reformierten Kirchgemeinde Baden<br \/>\n<a href=\"https:\/\/www.ag.ch\/denkmalpflege\/suche\/detail.aspx?id=20412\" target=\"_blank\" rel=\"noopener noreferrer\">Eintrag<\/a> im Inventar der Denkmalpflege des Kantons Aargau<br \/>\n<a href=\"http:\/\/roemerquartier.ch\/wp-content\/uploads\/2019\/02\/20190215_AZ-Badener-Tagblatt_E-Paper.pdf\" target=\"_blank\" rel=\"noopener noreferrer\">Artikel<\/a> \u00fcber Daniel Elster im Badener Tagblatt vom 15. Februar 2019<\/li>\n<li>Die reformierte <strong>Parkkapelle<\/strong> befindet sich an der Parkstrasse vis-\u00e0-vis des Kurtheaters und es werden dort haupts\u00e4chlich Gottesdienste der franz\u00f6sischsprachigen Kirchgemeinde abgehalten.<br \/>\nDie Parkkapelle auf der <a href=\"https:\/\/www.ref-baden.ch\/unsere-kirchgemeinde\/gebaeude-und-raeume\/baden-ennetbaden\/parkkapelle-baden\/\" target=\"_blank\" rel=\"noopener noreferrer\">Website<\/a> der Reformierten Kirchgemeinde Baden<br \/>\n<a href=\"https:\/\/eglise-argovie.ch\/index.html\" target=\"_blank\" rel=\"noopener noreferrer\">Website<\/a> der der franz\u00f6sischsprachigen Kirche des Kantons Aargau<\/li>\n<li>Die katholische <strong>Dreik\u00f6nigskapelle<\/strong> im B\u00e4derquartier wurde 1882 als Ersatz einer sich n\u00f6rdlich davon befindlichen Kapelle errichtet, deren Urspr\u00fcnge auf das 11. Jahrhundert zur\u00fcckgehen.<br \/>\nDie Dreik\u00f6nigskapelle auf der <a href=\"http:\/\/www.aargauerkapellen.ch\/kapellen\/DreikoenigskapelleBaden\/Index.php\" target=\"_blank\" rel=\"noopener noreferrer\">Website<\/a> der r\u00f6m.-kath. Kirche<br \/>\n<a href=\"https:\/\/www.ag.ch\/denkmalpflege\/suche\/detail.aspx?ID=20406\" target=\"_blank\" rel=\"noopener noreferrer\">Eintrag<\/a> im Inventar der Denkmalpflege des Kantons Aargau<\/li>\n<li>Die <strong>Synagoge<\/strong> von Baden an der Parkstrasse wurde 1917 erbaut und steht unter Denkmalschutz.<br \/>\n<a href=\"https:\/\/www.ikgb.ch\/\" target=\"_blank\" rel=\"noopener noreferrer\">Link<\/a> zur Israelitischen Kultusgemeinde Baden<br \/>\n<a href=\"https:\/\/www.badenertagblatt.ch\/aargau\/baden\/gedenken-an-reichspogromnacht-133700843\" target=\"_blank\" rel=\"noopener noreferrer\">Artikel<\/a> im Badener Tagblatt vom 10. November 2018<\/li>\n<li>Die <strong>Spanisch-Br\u00f6tli-Bahn<\/strong> war die erste Eisenbahnlinie der Schweiz und verband Z\u00fcrich mit Baden. Sie wurde 1847 er\u00f6ffnet und erm\u00f6glichte den Z\u00fcrcher Badeg\u00e4sten einen einfachen Zugang zu den Badener Thermen. Die Bahnlinie ist heute Teil der originalen Eisenbahnverbindung zwischen Z\u00fcrich und Bern. Das Badener Bahnhofsgeb\u00e4ude ist das \u00e4lteste seiner Art in der Schweiz.<br \/>\n<a href=\"https:\/\/www.badenertagblatt.ch\/aargau\/baden\/jetzt-ist-die-spanischbroetlibahn-zurueck-im-bahnhof-baden-132955091#\" target=\"_blank\" rel=\"noopener noreferrer\">Artikel<\/a> im Badener Tagblatt vom 23. August 2018<\/li>\n<li>Das <strong>Merker<\/strong>-Areal liegt an der Bruggerstrasse, also nicht mehr im R\u00f6merquartier. Bis 1991 wurden dort die bekannten Merker-Waschmaschinen gebaut (heute Schulthess); jetzt beherbergen die Geb\u00e4ude einen Gewerbepark. Eine interessante, audiovisuell unterst\u00fctzte Ausstellung gibt Auskunft \u00fcber die wechselvolle Geschichte der Firma.<br \/>\n<a href=\"https:\/\/www.badenertagblatt.ch\/aargau\/baden\/mit-dem-kopfhoerer-durchs-merker-areal-ein-audiovisueller-rundgang-133743838\" target=\"_blank\" rel=\"noopener noreferrer\">Artikel<\/a> im Badener Tagblatt vom 21. November 2018<\/li>\n<\/ul>\n","protected":false},"excerpt":{"rendered":"<p>Im R\u00f6merquartier gibt es viel zu entdecken. Basierend&nbsp; auf Zeitungsbeitr\u00e4gen im Badener Tagblatt stellen wir hier einige interessante Objekte und Orte vor: Im B\u00e4derquartier liefern insgesamt 18 Thermalquellen (davon 2 in Ennetbaden) das mineralreichste Wasser der Schweiz. Die Mineralquellen (Aquae Helveticae) wurden schon in der R\u00f6merzeit genutzt. Im Moment wird ein neues Thermalbad gebaut. Mehr <a href=\"https:\/\/roemerquartier.ch\/index.php\/entdeckungsreise-im-roemerquartier\/\" class=\"more-link\">\u2026weiterlesen<span class=\"screen-reader-text\"> Entdeckungsreise im R\u00f6merquartier\"<\/span><\/a><\/p>\n","protected":false},"author":1,"featured_media":292,"parent":0,"menu_order":0,"comment_status":"closed","ping_status":"closed","template":"","meta":{"ngg_post_thumbnail":0,"footnotes":""},"class_list":["post-1268","page","type-page","status-publish","has-post-thumbnail","h-entry","hentry","h-as-page"],"_links":{"self":[{"href":"https:\/\/roemerquartier.ch\/index.php\/wp-json\/wp\/v2\/pages\/1268","targetHints":{"allow":["GET"]}}],"collection":[{"href":"https:\/\/roemerquartier.ch\/index.php\/wp-json\/wp\/v2\/pages"}],"about":[{"href":"https:\/\/roemerquartier.ch\/index.php\/wp-json\/wp\/v2\/types\/page"}],"author":[{"embeddable":true,"href":"https:\/\/roemerquartier.ch\/index.php\/wp-json\/wp\/v2\/users\/1"}],"replies":[{"embeddable":true,"href":"https:\/\/roemerquartier.ch\/index.php\/wp-json\/wp\/v2\/comments?post=1268"}],"version-history":[{"count":9,"href":"https:\/\/roemerquartier.ch\/index.php\/wp-json\/wp\/v2\/pages\/1268\/revisions"}],"predecessor-version":[{"id":1460,"href":"https:\/\/roemerquartier.ch\/index.php\/wp-json\/wp\/v2\/pages\/1268\/revisions\/1460"}],"wp:featuredmedia":[{"embeddable":true,"href":"https:\/\/roemerquartier.ch\/index.php\/wp-json\/wp\/v2\/media\/292"}],"wp:attachment":[{"href":"https:\/\/roemerquartier.ch\/index.php\/wp-json\/wp\/v2\/media?parent=1268"}],"curies":[{"name":"wp","href":"https:\/\/api.w.org\/{rel}","templated":true}]}}