{"id":1281,"date":"2019-12-21T13:02:32","date_gmt":"2019-12-21T12:02:32","guid":{"rendered":"http:\/\/roemerquartier.ch\/?page_id=1281"},"modified":"2021-08-26T11:17:58","modified_gmt":"2021-08-26T09:17:58","slug":"seilbahn-2","status":"publish","type":"page","link":"https:\/\/roemerquartier.ch\/index.php\/seilbahn-2\/","title":{"rendered":"Seilbahn vs. Elektrobusse"},"content":{"rendered":"<p>Das Projekt einer Gondelbahn entlang der Parkstrasse zwischen Bahnhof und dem Thermalbad existiert schon lange und wird mit der Er\u00f6ffnung der neuen B\u00e4der wieder aktuell. Alternativ wird die Erschliessung mit autonomen Elektrobussen evaluiert. Beide Vorschl\u00e4ge werden vom Stadtrat nicht unterst\u00fctzt (Stand August 2021).<\/p>\n<p>Zeitungsberichte zur Seilbahn und zu den Bussen (j\u00fcngste zuoberst):<\/p>\n<ul>\n<li>Stadtrat lehnt Elektrobusse ab: <a href=\"https:\/\/www.badenertagblatt.ch\/aargau\/baden\/baden-selbstfahrende-elektrobusse-zum-thermalbad-der-stadtrat-hat-einen-entscheid-gefaellt-ld.2178131\" target=\"_blank\" rel=\"noopener\">Artikel<\/a> im Badener Tagblatt vom 25. August 2021<\/li>\n<li>Elektrobusse zum Thermalbad: <a href=\"https:\/\/www.badenertagblatt.ch\/aargau\/baden\/elektrobusse-fur-badegaste-das-ist-der-neuste-vorschlag-ld.2074541\" target=\"_blank\" rel=\"noopener\">Artikel<\/a> im Badener Tagblatt vom 11. Dezember 2020<\/li>\n<li>Stadt tritt bei Seilbahn auf Bremse: <a href=\"https:\/\/www.badenertagblatt.ch\/aargau\/baden\/stadt-tritt-bei-der-seilbahn-ins-baderquartier-auf-die-bremse-und-bringt-eine-neue-idee-ins-spiel-ld.1249286\" target=\"_blank\" rel=\"noopener\">Artikel<\/a> im Badener Tagblatt vom 22. August 2020<\/li>\n<li>Interview mit Stefan Kalt zum Seilbahn-projekt: <a href=\"http:\/\/roemerquartier.ch\/wp-content\/uploads\/2020\/04\/Badenaktuell_Seilbahn.pdf\" target=\"_blank\" rel=\"noopener noreferrer\">Artikel<\/a> in Baden Aktuell 3\/20<\/li>\n<li>\u00abSchildb\u00fcrgerstreich Seilbahn\u00bb: <a href=\"http:\/\/roemerquartier.ch\/wp-content\/uploads\/2020\/02\/Ausgabe-AZ-Badener-Tagblatt-04.02.pdf\" target=\"_blank\" rel=\"noopener noreferrer\">Leserbrief<\/a> im Badener Tagblatt vom 4. Februar 2020<\/li>\n<li>Was Seilbahn und Nationalbahn gemein haben: <a href=\"https:\/\/www.badenertagblatt.ch\/aargau\/baden\/was-seilbahn-und-nationalbahn-gemein-haben-136208160\" target=\"_blank\" rel=\"noopener noreferrer\">Kommentar<\/a> im Badener Tagblatt vom 10. Januar 2020<\/li>\n<li>Die B\u00e4der-Gondelbahn kommt jetzt aufs politische Tapet - Initiant begr\u00fcsst dies: <a href=\"https:\/\/www.badenertagblatt.ch\/aargau\/baden\/die-baeder-gondelbahn-kommt-jetzt-aufs-politische-tapet-initiant-begruesst-dies-136196957\" target=\"_blank\" rel=\"noopener noreferrer\">Artikel<\/a> im Badener Tagblatt vom 10. Januar 2020<\/li>\n<li>Idee f\u00fcr eine Seilbahn: Staufrei vom Bahnhof in die neuen B\u00e4der: <a href=\"https:\/\/www.badenertagblatt.ch\/aargau\/baden\/staufrei-vom-bahnhof-in-die-neuen-baeder-idee-fuer-eine-seilbahn-erntet-viel-sympathie-135820138\" target=\"_blank\" rel=\"noopener noreferrer\">Artikel<\/a> im Badener Tagblatt vom 18. Oktober 2019<\/li>\n<\/ul>\n","protected":false},"excerpt":{"rendered":"<p>Das Projekt einer Gondelbahn entlang der Parkstrasse zwischen Bahnhof und dem Thermalbad existiert schon lange und wird mit der Er\u00f6ffnung der neuen B\u00e4der wieder aktuell. Alternativ wird die Erschliessung mit autonomen Elektrobussen evaluiert. Beide Vorschl\u00e4ge werden vom Stadtrat nicht unterst\u00fctzt (Stand August 2021). Zeitungsberichte zur Seilbahn und zu den Bussen (j\u00fcngste zuoberst): Stadtrat lehnt Elektrobusse <a href=\"https:\/\/roemerquartier.ch\/index.php\/seilbahn-2\/\" class=\"more-link\">\u2026weiterlesen<span class=\"screen-reader-text\"> Seilbahn vs. Elektrobusse\"<\/span><\/a><\/p>\n","protected":false},"author":1,"featured_media":1393,"parent":0,"menu_order":0,"comment_status":"closed","ping_status":"closed","template":"","meta":{"ngg_post_thumbnail":0,"footnotes":""},"class_list":["post-1281","page","type-page","status-publish","has-post-thumbnail","h-entry","hentry","h-as-page"],"_links":{"self":[{"href":"https:\/\/roemerquartier.ch\/index.php\/wp-json\/wp\/v2\/pages\/1281","targetHints":{"allow":["GET"]}}],"collection":[{"href":"https:\/\/roemerquartier.ch\/index.php\/wp-json\/wp\/v2\/pages"}],"about":[{"href":"https:\/\/roemerquartier.ch\/index.php\/wp-json\/wp\/v2\/types\/page"}],"author":[{"embeddable":true,"href":"https:\/\/roemerquartier.ch\/index.php\/wp-json\/wp\/v2\/users\/1"}],"replies":[{"embeddable":true,"href":"https:\/\/roemerquartier.ch\/index.php\/wp-json\/wp\/v2\/comments?post=1281"}],"version-history":[{"count":9,"href":"https:\/\/roemerquartier.ch\/index.php\/wp-json\/wp\/v2\/pages\/1281\/revisions"}],"predecessor-version":[{"id":2009,"href":"https:\/\/roemerquartier.ch\/index.php\/wp-json\/wp\/v2\/pages\/1281\/revisions\/2009"}],"wp:featuredmedia":[{"embeddable":true,"href":"https:\/\/roemerquartier.ch\/index.php\/wp-json\/wp\/v2\/media\/1393"}],"wp:attachment":[{"href":"https:\/\/roemerquartier.ch\/index.php\/wp-json\/wp\/v2\/media?parent=1281"}],"curies":[{"name":"wp","href":"https:\/\/api.w.org\/{rel}","templated":true}]}}