{"id":1367,"date":"2020-01-27T23:09:27","date_gmt":"2020-01-27T22:09:27","guid":{"rendered":"http:\/\/roemerquartier.ch\/?page_id=1367"},"modified":"2020-06-01T18:52:42","modified_gmt":"2020-06-01T16:52:42","slug":"verkehrssituation-im-roemerquartier","status":"publish","type":"page","link":"https:\/\/roemerquartier.ch\/index.php\/verkehrssituation-im-roemerquartier\/","title":{"rendered":"Verkehrssituation im R\u00f6merquartier"},"content":{"rendered":"<p>Im Zusammenhang mit dem neuen Thermalbad, aber auch mit den zuk\u00fcnftigen neuen \u00dcberbauungen (Ansaldo-Areal, Verena\u00e4cker, Axpo-Areal, ...) ist mit einer <strong>Zunahme des motorisierten Verkehrs im R\u00f6merquartier<\/strong> zu rechnen. Der R\u00f6mer-Quartierverein verfolgt die Entwicklung genau, erfr\u00e4gt die Meinungen der Bev\u00f6lkerung und holt Stellungnahmen der Beh\u00f6rden ein. Informations- und Diskussionsanl\u00e4sse fanden an der <a href=\"http:\/\/roemerquartier.ch\/wp-content\/uploads\/2020\/01\/2019_Protokoll_RQV_GV.pdf\" target=\"_blank\" rel=\"noopener noreferrer\">GV des R\u00f6mer-Quartiervereins vom 25. M\u00e4rz 2019<\/a> und an einem <a href=\"http:\/\/roemerquartier.ch\/wp-content\/uploads\/2020\/06\/2019-11-03-RunderTischVerkehr_Protokoll_V2.pdf\" target=\"_blank\" rel=\"noopener noreferrer\">Runden Tisch am 23. September 2019<\/a> statt. In diesem Kontext stehen auch die Aufhebung des Teilst\u00fccks Langmatt\u2013Roggenboden der <a href=\"https:\/\/roemerquartier.ch\/index.php\/buslinie-nr-9\/\" target=\"_blank\" rel=\"noopener noreferrer\">Buslinie Nr. 9<\/a> und das Projekt einer <a href=\"https:\/\/roemerquartier.ch\/index.php\/seilbahn-2\/\" target=\"_blank\" rel=\"noopener noreferrer\">Seilbahn<\/a> vom Bahnhof \u00fcber die Parkstrasse zum Thermalbad.<\/p>\n<p>Zeitungsartikel zum Thema (j\u00fcngste zuoberst):<\/p>\n<ul>\n<li>Veloweg soll Bahnhof und Thermalbad verbinden: <a href=\"https:\/\/www.badenertagblatt.ch\/aargau\/baden\/sp-fordert-veloweg-zwischen-bahnhof-und-thermalbad-136391706\" target=\"_blank\" rel=\"noopener noreferrer\">Artikel<\/a> im Badener Tagblatt 19. Februar 2020<\/li>\n<li>Wegen Thermalbad: Bewohner des R\u00f6merquartiers bef\u00fcrchten Verkehrskollaps: <a href=\"https:\/\/www.badenertagblatt.ch\/aargau\/baden\/wegen-thermalbad-bewohner-des-roemerquartiers-befuerchten-verkehrskollaps-135648886\" target=\"_blank\" rel=\"noopener noreferrer\">Artikel<\/a> im Badener Tagblatt vom 20. September 2019<\/li>\n<\/ul>\n<p>Offizielle Dokumente:<\/p>\n<ul>\n<li>Erschliessungs- und Verkehrskonzept R\u00f6mer- und B\u00e4derquartier von 2011: <a href=\"https:\/\/www.baden.ch\/de\/stadt-behoerde\/stadtentwicklung\/konzepte\/erschliessungs--und-verkehrskonzept-roemer-baederquartier.html\/1009\" target=\"_blank\" rel=\"noopener noreferrer\">Link<\/a><\/li>\n<li>Entwicklungsrichtplan B\u00e4derquartier von 2011: <a href=\"https:\/\/www.baden.ch\/de\/stadt-behoerde\/stadtentwicklung\/richtplaene\/entwicklungsrichtplan-baederquartier.html\/951\" target=\"_blank\" rel=\"noopener noreferrer\">Link<\/a><\/li>\n<\/ul>\n<p>&nbsp;<\/p>\n<p>Die vor drei Jahren eingereichte Badener \u00abSt\u00e4dte\u00adinitiative\u00bb der Sozialdemokraten fordert eine Reduktion des Autoverkehrs und die F\u00f6rderung des Langsamverkehrs. Das daraus resultierende <strong>Mobilit\u00e4tsreglement<\/strong> wurde im Januar 2020 vom Einwohnerrat verabschiedet.<\/p>\n<p>Zeitungsartikel zum Mobilit\u00e4tsreglement (j\u00fcngste zuoberst):<\/p>\n<ul>\n<li>St\u00e4dte\u00adinitiative: <a href=\"https:\/\/www.badenertagblatt.ch\/aargau\/baden\/gibt-es-bald-mehr-platz-fuer-fussgaenger-velos-und-busse-136202105\" target=\"_blank\" rel=\"noopener noreferrer\">Artikel<\/a> im Badener Tagblatt vom 9. Januar 2020<\/li>\n<\/ul>\n","protected":false},"excerpt":{"rendered":"<p>Im Zusammenhang mit dem neuen Thermalbad, aber auch mit den zuk\u00fcnftigen neuen \u00dcberbauungen (Ansaldo-Areal, Verena\u00e4cker, Axpo-Areal, ...) ist mit einer Zunahme des motorisierten Verkehrs im R\u00f6merquartier zu rechnen. Der R\u00f6mer-Quartierverein verfolgt die Entwicklung genau, erfr\u00e4gt die Meinungen der Bev\u00f6lkerung und holt Stellungnahmen der Beh\u00f6rden ein. Informations- und Diskussionsanl\u00e4sse fanden an der GV des R\u00f6mer-Quartiervereins vom <a href=\"https:\/\/roemerquartier.ch\/index.php\/verkehrssituation-im-roemerquartier\/\" class=\"more-link\">\u2026weiterlesen<span class=\"screen-reader-text\"> Verkehrssituation im R\u00f6merquartier\"<\/span><\/a><\/p>\n","protected":false},"author":1,"featured_media":1103,"parent":0,"menu_order":0,"comment_status":"closed","ping_status":"closed","template":"","meta":{"ngg_post_thumbnail":0,"footnotes":""},"class_list":["post-1367","page","type-page","status-publish","has-post-thumbnail","h-entry","hentry","h-as-page"],"_links":{"self":[{"href":"https:\/\/roemerquartier.ch\/index.php\/wp-json\/wp\/v2\/pages\/1367","targetHints":{"allow":["GET"]}}],"collection":[{"href":"https:\/\/roemerquartier.ch\/index.php\/wp-json\/wp\/v2\/pages"}],"about":[{"href":"https:\/\/roemerquartier.ch\/index.php\/wp-json\/wp\/v2\/types\/page"}],"author":[{"embeddable":true,"href":"https:\/\/roemerquartier.ch\/index.php\/wp-json\/wp\/v2\/users\/1"}],"replies":[{"embeddable":true,"href":"https:\/\/roemerquartier.ch\/index.php\/wp-json\/wp\/v2\/comments?post=1367"}],"version-history":[{"count":10,"href":"https:\/\/roemerquartier.ch\/index.php\/wp-json\/wp\/v2\/pages\/1367\/revisions"}],"predecessor-version":[{"id":1667,"href":"https:\/\/roemerquartier.ch\/index.php\/wp-json\/wp\/v2\/pages\/1367\/revisions\/1667"}],"wp:featuredmedia":[{"embeddable":true,"href":"https:\/\/roemerquartier.ch\/index.php\/wp-json\/wp\/v2\/media\/1103"}],"wp:attachment":[{"href":"https:\/\/roemerquartier.ch\/index.php\/wp-json\/wp\/v2\/media?parent=1367"}],"curies":[{"name":"wp","href":"https:\/\/api.w.org\/{rel}","templated":true}]}}