{"id":2760,"date":"2024-05-13T22:27:31","date_gmt":"2024-05-13T20:27:31","guid":{"rendered":"https:\/\/roemerquartier.ch\/?page_id=2760"},"modified":"2024-05-13T22:27:31","modified_gmt":"2024-05-13T20:27:31","slug":"gesamtverkehrskonzeption-baden-und-umgebung","status":"publish","type":"page","link":"https:\/\/roemerquartier.ch\/index.php\/gesamtverkehrskonzeption-baden-und-umgebung\/","title":{"rendered":"Gesamtverkehrskonzeption Baden und Umgebung"},"content":{"rendered":"<p>Das Gesamtverkehrskonzept (GVK) Raum Baden und Umgebung befindet sich in der Phase der Massnahmenentwicklung. In der \u00d6ffentlichkeit und den Medien werden aktuell vor allem die gr\u00f6sseren Massnahmen diskutiert, insbesondere eine allf\u00e4llige Zentrumsentlastung. Weiter steht teilweise der im GVK angewandte Partizipationsprozess in der Kritik. Die Beh\u00f6rdendelegation des GVK nimmt diese Diskussionen ernst und hat diese Themen an ihrer Sitzung vom 4. April 2024 behandelt. Dabei hat sie die Grundlagen des GVK bekr\u00e4ftigt sowie den bisherigen Planungs- und Partizipationsprozess best\u00e4tigt. Weiter unterstreicht die Beh\u00f6rdendelegation, dass im GVK ein vielf\u00e4ltiger F\u00e4cher von \u00fcber 60 Massnahmen in den f\u00fcnf Handlungsfeldern Bahn und Bus, Fuss- und Veloverkehr, Strassennetz- und Betrieb, Stadt- und Freiraum sowie Mobilit\u00e4tsmanagement entsteht. Diese Massnahmen betreffen alle Verkehrstr\u00e4ger: Fuss- und Veloverkehr, \u00f6ffentlicher Verkehr, motorisierter Individualverkehr. Dabei betont die Beh\u00f6rdendelegation: Es ist noch keine der erarbeiteten Massnahmen definitiv beschlossen. Im Sommer 2024 findet zun\u00e4chst eine Partizipationsrunde mit Mobilit\u00e4tskonferenzen in drei Teilregionen statt. In einer Online-Partizipation f\u00fcr die breite Bev\u00f6lkerung kann anschliessend jede einzelne Massnahme kommentiert werden.<\/p>\n<p>Newsletter:<br \/>\n<a href=\"https:\/\/newsletter.ag.ch\/html_mail.jsp?params=j%2FzviILdwSNnGV3cgUSBy7ZBtX%2FluMgEUUuEjD4oPXgVqk1IbtA5tcGVmRXC4WUrWtUcDQPb5gk78gtm8IqQiX7ujAgGNod7AuTACIxjBLaLCT94t8c0YEQ2EVcD7mUk\" target=\"_blank\" rel=\"noopener\">2024 \/ 04<\/a><\/p>\n<p><em>Quelle: Kanton Aargau, Departement Bau, Verkehr und Umwelt, Abteilung Verkehr&nbsp;<\/em><\/p>\n","protected":false},"excerpt":{"rendered":"<p>Das Gesamtverkehrskonzept (GVK) Raum Baden und Umgebung befindet sich in der Phase der Massnahmenentwicklung. In der \u00d6ffentlichkeit und den Medien werden aktuell vor allem die gr\u00f6sseren Massnahmen diskutiert, insbesondere eine allf\u00e4llige Zentrumsentlastung. Weiter steht teilweise der im GVK angewandte Partizipationsprozess in der Kritik. Die Beh\u00f6rdendelegation des GVK nimmt diese Diskussionen ernst und hat diese Themen <a href=\"https:\/\/roemerquartier.ch\/index.php\/gesamtverkehrskonzeption-baden-und-umgebung\/\" class=\"more-link\">\u2026weiterlesen<span class=\"screen-reader-text\"> Gesamtverkehrskonzeption Baden und Umgebung\"<\/span><\/a><\/p>\n","protected":false},"author":1,"featured_media":2761,"parent":0,"menu_order":0,"comment_status":"closed","ping_status":"closed","template":"","meta":{"ngg_post_thumbnail":0,"footnotes":""},"class_list":["post-2760","page","type-page","status-publish","has-post-thumbnail","h-entry","hentry","h-as-page"],"_links":{"self":[{"href":"https:\/\/roemerquartier.ch\/index.php\/wp-json\/wp\/v2\/pages\/2760","targetHints":{"allow":["GET"]}}],"collection":[{"href":"https:\/\/roemerquartier.ch\/index.php\/wp-json\/wp\/v2\/pages"}],"about":[{"href":"https:\/\/roemerquartier.ch\/index.php\/wp-json\/wp\/v2\/types\/page"}],"author":[{"embeddable":true,"href":"https:\/\/roemerquartier.ch\/index.php\/wp-json\/wp\/v2\/users\/1"}],"replies":[{"embeddable":true,"href":"https:\/\/roemerquartier.ch\/index.php\/wp-json\/wp\/v2\/comments?post=2760"}],"version-history":[{"count":2,"href":"https:\/\/roemerquartier.ch\/index.php\/wp-json\/wp\/v2\/pages\/2760\/revisions"}],"predecessor-version":[{"id":2763,"href":"https:\/\/roemerquartier.ch\/index.php\/wp-json\/wp\/v2\/pages\/2760\/revisions\/2763"}],"wp:featuredmedia":[{"embeddable":true,"href":"https:\/\/roemerquartier.ch\/index.php\/wp-json\/wp\/v2\/media\/2761"}],"wp:attachment":[{"href":"https:\/\/roemerquartier.ch\/index.php\/wp-json\/wp\/v2\/media?parent=2760"}],"curies":[{"name":"wp","href":"https:\/\/api.w.org\/{rel}","templated":true}]}}