{"id":423,"date":"2018-05-30T15:35:15","date_gmt":"2018-05-30T13:35:15","guid":{"rendered":"http:\/\/roemerquartier.ch\/?page_id=423"},"modified":"2024-02-17T19:15:53","modified_gmt":"2024-02-17T18:15:53","slug":"rechtliches","status":"publish","type":"page","link":"https:\/\/roemerquartier.ch\/index.php\/rechtliches\/","title":{"rendered":"Datenschutzerkl\u00e4rung \/ Haftungsausschluss \/ Urheberrechte"},"content":{"rendered":"<div class=\"clearfix entry-content\">\n<div id=\"cc-m-12971251634\" class=\"j-module n j-header \">\n<p><strong>I. DATENSCHUTZERKL\u00c4RUNG R\u00d6MER-QUARTIERVEREIN<\/strong><\/p>\n<p><em>G\u00fcltig ab: 11.11.2023<\/em><\/p>\n<p><strong>1. Allgemeines<\/strong><\/p>\n<p>Mit dieser Datenschutzerkl\u00e4rung informiert der R\u00f6mer-Quartierverein (nachfolgend \u00abVerein\u00bb, \u00abwir\u00bb oder \u00abuns\u00bb genannt), welche Daten er von nat\u00fcrlichen Personen wof\u00fcr, wie und wo bearbeitet, insbesondere im Zusammenhang mit seiner Website (<a href=\"https:\/\/www.roemerquartier.ch\">https:\/\/www.roemerquartier.ch<\/a> ) und seinem Dienstleistungs-Angebot. Ausserdem informiert er \u00fcber die Rechte von Personen, deren Daten er bearbeitet.<\/p>\n<p>Diese Datenschutzerkl\u00e4rung gilt, soweit die Verarbeitungst\u00e4tigkeiten nicht anderen Datenschutzerkl\u00e4rungen unterliegen oder durch geltendes Recht vorgesehen sind. Bitte lesen Sie diese Datenschutzerkl\u00e4rung sorgf\u00e4ltig durch. Durch die Nutzung unserer Dienstleistungen stimmen Sie der Erhebung und Verarbeitung Ihrer personenbezogenen Daten gem\u00e4ss dieser Datenschutzerkl\u00e4rung zu.<\/p>\n<p><em><strong>1.1. Rechtliche Grundlagen<\/strong><\/em><\/p>\n<p>Der Schutz von Personendaten ist uns sehr wichtig. Der Verein untersteht dem schweizerischen Recht. Das gilt auch in Bezug auf den Datenschutz. Sein Angebot richtet sich prim\u00e4r an Personen in der Schweiz.<\/p>\n<p>Wir bearbeiten Personendaten im Einklang mit dem schweizerischen Datenschutzrecht, wie insbesondere dem <a href=\"https:\/\/www.fedlex.admin.ch\/eli\/cc\/2022\/491\/de\" target=\"_blank\" rel=\"noopener\">Bundesgesetz \u00fcber den Datenschutz (DSG)<\/a> und der <a href=\"https:\/\/www.fedlex.admin.ch\/eli\/cc\/2022\/568\/de\" target=\"_blank\" rel=\"noopener\">Verordnung \u00fcber den Datenschutz (DSV)<\/a>. Bei der Datenbearbeitung von nat\u00fcrlichen Personen im Ausland h\u00e4lt sich Verein an die Bestimmungen der <a href=\"https:\/\/eur-lex.europa.eu\/eli\/reg\/2016\/679\/oj?locale=de\" target=\"_blank\" rel=\"noopener\">Europ\u00e4ischen Datenschutz-Grundverordnung (DSGVO)<\/a>. Dar\u00fcber hinaus entspricht unser Umgang mit Personendaten dem <a href=\"https:\/\/zewo.ch\/de\/die-21-zewo-standards\/\" target=\"_blank\" rel=\"noopener\">Datenschutz-Standard 19<\/a> der ZEWO.<\/p>\n<p><em><strong>1.2. Verantwortung und Kontakt<\/strong><\/em><\/p>\n<p>Beim Verein tr\u00e4gt der Vorstand die Verantwortung f\u00fcr den datenschutzkonformen Umgang mit Personendaten. <a href=\"https:\/\/roemerquartier.ch\/wp-admin\/post.php?post=419&amp;action=edit&amp;classic-editor\" target=\"_blank\" rel=\"noopener\">Kontakt<\/a><\/p>\n<p>&nbsp;<\/p>\n<p><strong>2. Bearbeitung von Personendaten<\/strong><\/p>\n<p>Der Verein bearbeitet nur jene Personendaten, die erforderlich sind, um seine Dienstleistungen dauerhaft, nutzerfreundlich, sicher und zuverl\u00e4ssig bereitstellen zu k\u00f6nnen (Name, Adresse, Telefonnummer, E-Mail-Adresse und Online-Kennung). Darunter k\u00f6nnen auch Daten von nat\u00fcrlichen Personen mit Sitz im Ausland fallen. Wir erheben, bearbeiten und verwenden keine besonders sch\u00fctzenswerten Daten im Sinne des Datenschutzgesetzes.<\/p>\n<p><em><strong>2.1 Bearbeitungszweck<\/strong><\/em><\/p>\n<p>Die von Verein erhobenen Personendaten stehen in direktem Zusammenhang mit dem Vereinszweck und den damit verbundenen Aufgaben. Beides ist in den <u>Statuten des Vereins<\/u> festgelegt. Wir bearbeiten nur Personendaten die f\u00fcr die Information, Unterst\u00fctzung, F\u00f6rderung, Zusammenarbeit und Vertretung des Vereins und dessen Mitgliedern notwendig sind. Sie dienen ausserdem der Mittelbeschaffung zur Erf\u00fcllung des erw\u00e4hnten statutarischen Zweckes.<\/p>\n<p><em><strong>2.1 Bearbeitungsinhalt- und Dauer<\/strong><\/em><\/p>\n<p>Der Verein erfasst nur Personendaten, die dem Vereinszweck dienen und gem\u00e4ss Datenschutzgesetz als nicht besonders sch\u00fctzenswert eingestuft werden. Er bearbeitet also keine besonders sch\u00fctzenswerten Daten \u00fcber religi\u00f6se, politische Ansichten oder T\u00e4tigkeiten, Gesundheitsdaten, Daten zur Intimsph\u00e4re, Rasse oder Ethnie, genetische und biometrische Daten, solche zu verwaltungs- und strafrechtlichen Verfahren sowie Daten zu Sozialhilfemassnahmen. Die Daten werden nur so lange aufbewahrt, wie sie dem Vereinszweck gem\u00e4ss <u>\u200e2.1<\/u> <u>Bearbeitungszweck<\/u> dienen.<\/p>\n<p><em>2.2.1 Automatisch \u00fcbermittelte Informationen<\/em><\/p>\n<p>Der Verein erhebt und speichert Informationen, die Ihr Browser uns beim Besuch unserer Website automatisch in \u00abServer-Log-Dateien\u00bb \u00fcbermittelt. Die Datenerhebung erfolgt aufgrund Ihres Willens und Interesses, unsere Website zu besuchen und unserer berechtigten Interessen, die Website zu betreiben.<\/p>\n<p><em>2.2.2 Von Ihnen per Online-Kontaktformular, E-Mail oder per Telefon mitgeteilte Informationen<\/em><\/p>\n<p>Wir erfassen Informationen, die Sie uns aktiv und freiwillig, mit Ihrer Einwilligung und\/oder im Vorfeld eines m\u00f6glichen Vertragsabschlusses mit uns durch das Online-Kontaktformular, durch das Senden einer Nachricht an unsere Kontakt-E-Mail-Adresse, per Briefpost oder per Telefon mitteilen. Wir werden die von Ihnen zur Verf\u00fcgung gestellten Informationen zur Bearbeitung und Beantwortung Ihrer Anfrage verwenden, oder f\u00fcr die rechtm\u00e4ssigen Zwecke verarbeiten, die sich aus den Umst\u00e4nden ergeben.<\/p>\n<p><em>2.2.3 Informationen, die im Zusammenhang mit der Anmeldung oder Registrierung f\u00fcr eine Mitgliedschaft erhoben oder generiert werden<\/em><\/p>\n<p>Wir erfassen und generieren Informationen, wenn Sie sich f\u00fcr eine Mitgliedschaft in den Verein anmelden. Dies umfasst personenbezogene Daten (Namen, Adresse, Telefon, E-Mail, weitere Informationen \u00fcber Sie), wobei wir die, als nicht-optional anzugebenden Daten zwingend f\u00fcr die Bearbeitung der angeforderten Dienste ben\u00f6tigen.<\/p>\n<p><em><strong>2.3 Bearbeitung durch Dritte<\/strong><\/em><\/p>\n<p>Der Verein kann Personendaten durch ihn beauftragte Dritte bearbeiten lassen oder gemeinsam mit Dritten sowie mit Hilfe von Dritten bearbeiten oder an Dritte \u00fcbermitteln (z.B. Dienstleistungserbringer wie Druckereien, IT-Support, Newsletter-Provider). Wir w\u00e4hlen unsere Partner und Auftragsverarbeiter sorgf\u00e4ltig aus und nur bei Gew\u00e4hrleistung ausreichender Garantien, dass sie \u00fcber geeignete technische und organisatorische Massnahmen in \u00dcbereinstimmung mit den gesetzlichen Anforderungen verf\u00fcgen. Sie sind ebenfalls verpflichtet, die schweizerischen Datenschutzbestimmungen einzuhalten. Sie d\u00fcrfen Adressen ohne ausdr\u00fcckliche Einwilligung der betroffenen Personen weder, verkaufen, vermieten, noch ver\u00f6ffentlichen. Mit Dritten regelt der Verein die Zusammenarbeit und die Einhaltung des Datenschutzrechts vertraglich.<\/p>\n<p>&nbsp;<\/p>\n<p><strong>3. Nutzung der Webseiten und Sozialen Medien<\/strong><\/p>\n<p><em><strong>3.1 Cookies<\/strong><\/em><\/p>\n<p>Der Verein setzt auf seiner Website keine Cookies ein, mit denen Ihr Browser oder Ihr Ger\u00e4t identifiziert werden kann.<\/p>\n<p><em><strong>3.2 Web-Analysedienste<\/strong><\/em><\/p>\n<p>Die Website des Vereins verwendet keine Web-Analysedienste.<\/p>\n<p><em><strong>3.3 Soziale Medien<\/strong><\/em><\/p>\n<p>Wir setzen auf unserer Website die nachfolgend beschriebenen Social-Plug-ins ein, um unsere Organisation hier\u00fcber bekannter zu machen. Der dahinterstehende werbliche Zweck ist als berechtigtes Interesse im Sinne von Art. 6 Abs. 1 lit. f DSGVO anzusehen. Die Verantwortung f\u00fcr den datenschutzkonformen Betrieb ist durch deren jeweiligen Anbieter zu gew\u00e4hrleisten. Die Datenbearbeitung im Zusammenhang mit diesen Plug-ins erfolgt bei Ihrer Benutzung dieser Plug-ins mit Ihrer Einwilligung.<\/p>\n<p><em>3.3.1 Facebook<\/em><\/p>\n<p>Auf unserer Website werden keine Plug-ins des sozialen Netzwerks Facebook verwendet, es wird nur auf unsere separate Facebook-Seite verlinkt.<\/p>\n<p><em>3.3.2 Instagram<\/em><\/p>\n<p>Auf unserer Website verwenden wir ein WordPress Plug-in Smash Balloon, welches unseren Instagram-Auftritt in der Website einbettet. Die Daten werden erst dann an den Social-Media-Provider gesendet, wenn Sie das Social-Media-Plug-in durch Anklicken des ausgew\u00e4hlten Plug-ins aktivieren. Sie k\u00f6nnen also w\u00e4hlen, wann Sie dieses aktivieren m\u00f6chten. In diesem Fall kann Meta w\u00e4hrend Ihres Besuchs auf der Website eine direkte Verbindung zum Nutzer herstellen, die es Meta erm\u00f6glicht, Ihren Besuch zu erkennen und die entsprechenden Informationen zu analysieren. Die Weiterverarbeitung der personenbezogenen Daten erfolgt in der Verantwortung von Meta gem\u00e4ss den Datenschutzgesetzen und den auf ihrer Website ver\u00f6ffentlichten <a href=\"https:\/\/help.instagram.com\/519522125107875\/?helpref=hc_fnav&amp;bc[0]=Instagram-Hilfebereich&amp;bc[1]=Richtlinien%20und%20Meldungen\" target=\"_blank\" rel=\"noopener\">Datenschutzrichtlinien<\/a>.<\/p>\n<p>&nbsp;<\/p>\n<p><strong>4. Umgang mit Bildern<\/strong><\/p>\n<p>Bei der Verwendung und Ver\u00f6ffentlichung von Bildern h\u00e4lt sich der Verein an die urheberrechtlichen Gesetzesbestimmungen. Wir ver\u00f6ffentlichen weder auf der eigenen Website noch in den eigenen digitalen und physischen Publikationen sowie Dokumenten Personenfotos oder Fotos, ohne Einwilligung der betreffenden Personen oder Fotografen, resp. der Quellenangabe.<\/p>\n<p>&nbsp;<\/p>\n<p><strong>5. Datensicherheit<\/strong><\/p>\n<p>Der Verein trifft angemessene sowie geeignete technische und organisatorische Massnahmen, um den Datenschutz und insbesondere die Datensicherheit zu gew\u00e4hrleisten. Die Daten\u00fcbertragung erfolgt mittels SSL-Verschl\u00fcsselung (zu erkennen an https:\/\/ in der Adresszeile des Browsers), sie ist durch unseren Hoster Webland gew\u00e4hrleistet. Der Zugang zur Adressdatenbank erfolgt \u00fcber ein Berechtigungsverfahren.<\/p>\n<p>Sie k\u00f6nnen von Verein Auskunft dar\u00fcber verlangen, ob personenbezogene Daten \u00fcber Sie verarbeitet werden. Dar\u00fcber hinaus haben Sie das Recht, die Berichtigung, Vernichtung oder Einschr\u00e4nkung personenbezogener Daten \u00fcber sich selbst zu verlangen sowie der Verarbeitung personenbezogener Daten zu widersprechen, sofern damit keine gesetzliche Vorgabe verletzt wird (z. B. Aufbewahrungspflichten).<\/p>\n<p>&nbsp;<\/p>\n<p><strong>6. Schlussbestimmungen<\/strong><\/p>\n<p>Diese Datenschutzerkl\u00e4rung kann von Zeit zu Zeit und ohne vorherige Ank\u00fcndigung ge\u00e4ndert werden. Alle \u00c4nderungen an dieser Datenschutzerkl\u00e4rung gelten, wenn sie auf der Website ver\u00f6ffentlicht werden, sofern nicht anders angegeben. Wenn wir die Datenschutzerkl\u00e4rung in einer wesentlichen Weise \u00e4ndern, werden wir Sie per E-Mail und\/oder oder in einer anderen geeigneten Weise vor Inkrafttreten der \u00c4nderung informieren und das Datum des Inkrafttretens am <a href=\"#_top\">Dokumentenbeginn<\/a> aktualisieren. Soweit die Datenschutzerkl\u00e4rung Teil einer schriftlichen Vereinbarung mit Ihnen ist, werden wir Sie im Falle einer Aktualisierung \u00fcber die \u00c4nderung per E-Mail oder auf andere geeignete Weise informieren.<\/p>\n<p>&nbsp;<\/p>\n<p>&nbsp;<\/p>\n<p><strong>II. HAFTUNGSAUSSCHLUSS<\/strong><\/p>\n<p><strong>1. Haftungsausschluss f\u00fcr Inhalte der Website<br \/>\n<\/strong>Der R\u00f6mer-Quartierverein \u00fcbernimmt keinerlei Gew\u00e4hrleistung hinsichtlich der inhaltlichen Richtigkeit, Genauigkeit, Aktualit\u00e4t und Vollst\u00e4ndigkeit der Informationen auf dieser Website. Haftungsanspr\u00fcche gegen den R\u00f6mer-Quartierverein wegen Sch\u00e4den materieller oder immaterieller Art, welche aus dem Zugriff oder der Nutzung bzw. Nichtnutzung der ver\u00f6ffentlichten Informationen, durch Missbrauch der Verbindung oder durch technische St\u00f6rungen entstanden sind, werden ausgeschlossen. Alle Angebote sind unverbindlich. Der R\u00f6mer-Quartierverein beh\u00e4lt es sich ausdr\u00fccklich vor, Teile der Seiten oder das gesamte Angebot ohne gesonderte Ank\u00fcndigung zu ver\u00e4ndern, zu erg\u00e4nzen, zu l\u00f6schen oder die Ver\u00f6ffentlichung zeitweise oder endg\u00fcltig einzustellen.<\/p>\n<\/div>\n<p><strong>2. Haftungsausschluss f\u00fcr Links<br \/>\n<\/strong>Trotz sorgf\u00e4ltiger inhaltlicher Kontrolle k\u00f6nnen wir keine Haftung f\u00fcr die Inhalte externer Links \u00fcbernehmen. F\u00fcr den Inhalt der verlinkten Seiten sind ausschliesslich deren Betreiber verantwortlich. Die Autoren und Herausgeber \u00fcbernehmen keine Gew\u00e4hr und Haftung f\u00fcr die Richtigkeit, Zuverl\u00e4ssigkeit, Vollst\u00e4ndigkeit und Aktualit\u00e4t dieser Informationen. Der Zugriff und die Nutzung dieser Webseiten erfolgen auf eigene Gefahr des Nutzers oder der Nutzerin.&nbsp;<\/p>\n<p>&nbsp;<\/p>\n<p>&nbsp;<\/p>\n<p><strong>III. URHEBERRECHTE<br \/>\n<\/strong>Die Urheber- und alle anderen Rechte an Inhalten, Bildern, Fotos und anderen Dateien auf dieser Website geh\u00f6ren ausschliesslich dem R\u00f6mer-Quartierverein oder den speziell genannten Rechtsinhabern. Die auf den Seiten aufgef\u00fchrten Produkt- und Firmennamen sind gesch\u00fctzte Marken- und\/oder Firmennamen der jeweiligen Rechteinhaber. Die Vervielf\u00e4ltigung von Texten und Daten einschliesslich Speicherung und Nutzung auf optischen und elektronischen Datentr\u00e4gern darf nur mit vorheriger schriftlicher Zustimmung der Urheberrechtstr\u00e4ger erfolgen. Die Verwendung von Daten inklusive Einspeisung in Online-Dienste, Datenbanken oder Websites durch unberechtigte Dritte sowie die Ver\u00e4nderung oder Verf\u00e4lschung von Informationen ist untersagt. Der Download sowie der Ausdruck zum privaten, wissenschaftlichen und nicht kommerziellen Gebrauch ist gestattet. Das Setzen von Links auf unsere Website <a href=\"http:\/\/www.roemerquartier.ch\" target=\"_blank\" rel=\"noopener\">roemerquartier.ch<\/a> ist ausdr\u00fccklich erlaubt.<\/p>\n<\/div>\n","protected":false},"excerpt":{"rendered":"<p>I. DATENSCHUTZERKL\u00c4RUNG R\u00d6MER-QUARTIERVEREIN G\u00fcltig ab: 11.11.2023 1. Allgemeines Mit dieser Datenschutzerkl\u00e4rung informiert der R\u00f6mer-Quartierverein (nachfolgend \u00abVerein\u00bb, \u00abwir\u00bb oder \u00abuns\u00bb genannt), welche Daten er von nat\u00fcrlichen Personen wof\u00fcr, wie und wo bearbeitet, insbesondere im Zusammenhang mit seiner Website (https:\/\/www.roemerquartier.ch ) und seinem Dienstleistungs-Angebot. Ausserdem informiert er \u00fcber die Rechte von Personen, deren Daten er bearbeitet. Diese <a href=\"https:\/\/roemerquartier.ch\/index.php\/rechtliches\/\" class=\"more-link\">\u2026weiterlesen<span class=\"screen-reader-text\"> Datenschutzerkl\u00e4rung \/ Haftungsausschluss \/ Urheberrechte\"<\/span><\/a><\/p>\n","protected":false},"author":1,"featured_media":0,"parent":0,"menu_order":0,"comment_status":"closed","ping_status":"closed","template":"","meta":{"ngg_post_thumbnail":0,"footnotes":""},"class_list":["post-423","page","type-page","status-publish","h-entry","hentry","h-as-page"],"_links":{"self":[{"href":"https:\/\/roemerquartier.ch\/index.php\/wp-json\/wp\/v2\/pages\/423","targetHints":{"allow":["GET"]}}],"collection":[{"href":"https:\/\/roemerquartier.ch\/index.php\/wp-json\/wp\/v2\/pages"}],"about":[{"href":"https:\/\/roemerquartier.ch\/index.php\/wp-json\/wp\/v2\/types\/page"}],"author":[{"embeddable":true,"href":"https:\/\/roemerquartier.ch\/index.php\/wp-json\/wp\/v2\/users\/1"}],"replies":[{"embeddable":true,"href":"https:\/\/roemerquartier.ch\/index.php\/wp-json\/wp\/v2\/comments?post=423"}],"version-history":[{"count":9,"href":"https:\/\/roemerquartier.ch\/index.php\/wp-json\/wp\/v2\/pages\/423\/revisions"}],"predecessor-version":[{"id":2718,"href":"https:\/\/roemerquartier.ch\/index.php\/wp-json\/wp\/v2\/pages\/423\/revisions\/2718"}],"wp:attachment":[{"href":"https:\/\/roemerquartier.ch\/index.php\/wp-json\/wp\/v2\/media?parent=423"}],"curies":[{"name":"wp","href":"https:\/\/api.w.org\/{rel}","templated":true}]}}