{"id":445,"date":"2018-07-14T06:36:25","date_gmt":"2018-07-14T04:36:25","guid":{"rendered":"http:\/\/roemerquartier.ch\/?page_id=445"},"modified":"2022-01-13T15:18:33","modified_gmt":"2022-01-13T14:18:33","slug":"baederquartier","status":"publish","type":"page","link":"https:\/\/roemerquartier.ch\/index.php\/baederquartier\/","title":{"rendered":"B\u00e4derquartier"},"content":{"rendered":"<p><strong>Thermalbad<br \/>\n<\/strong><\/p>\n<p><a href=\"http:\/\/roemerquartier.ch\/index.php\/thermalbad\/\" target=\"_blank\" rel=\"noopener noreferrer\">Mehr Informationen<\/a><\/p>\n<p><img loading=\"lazy\" decoding=\"async\" class=\"alignnone size-full wp-image-55\" src=\"http:\/\/roemerquartier.ch\/wp-content\/uploads\/2017\/12\/Baederquartier.jpg\" alt=\"\" width=\"1600\" height=\"900\" srcset=\"https:\/\/roemerquartier.ch\/wp-content\/uploads\/2017\/12\/Baederquartier.jpg 1600w, https:\/\/roemerquartier.ch\/wp-content\/uploads\/2017\/12\/Baederquartier-300x169.jpg 300w, https:\/\/roemerquartier.ch\/wp-content\/uploads\/2017\/12\/Baederquartier-768x432.jpg 768w, https:\/\/roemerquartier.ch\/wp-content\/uploads\/2017\/12\/Baederquartier-1024x576.jpg 1024w, https:\/\/roemerquartier.ch\/wp-content\/uploads\/2017\/12\/Baederquartier-960x540.jpg 960w\" sizes=\"auto, (max-width: 1600px) 100vw, 1600px\" \/><br \/>\n<em>Foto: Baederbaden<\/em><\/p>\n<p>&nbsp;<\/p>\n<p><strong>B\u00e4derverein<\/strong><\/p>\n<p><a href=\"http:\/\/roemerquartier.ch\/index.php\/baederverein\/\" target=\"_blank\" rel=\"noopener noreferrer\">Mehr Informationen<\/a><\/p>\n<p><img loading=\"lazy\" decoding=\"async\" class=\"alignnone size-full wp-image-536\" src=\"http:\/\/roemerquartier.ch\/wp-content\/uploads\/2018\/07\/Baeder.jpg\" alt=\"\" width=\"1200\" height=\"347\" srcset=\"https:\/\/roemerquartier.ch\/wp-content\/uploads\/2018\/07\/Baeder.jpg 1200w, https:\/\/roemerquartier.ch\/wp-content\/uploads\/2018\/07\/Baeder-300x87.jpg 300w, https:\/\/roemerquartier.ch\/wp-content\/uploads\/2018\/07\/Baeder-768x222.jpg 768w, https:\/\/roemerquartier.ch\/wp-content\/uploads\/2018\/07\/Baeder-1024x296.jpg 1024w, https:\/\/roemerquartier.ch\/wp-content\/uploads\/2018\/07\/Baeder-960x278.jpg 960w\" sizes=\"auto, (max-width: 1200px) 100vw, 1200px\" \/><em>Die Thermalbad-Baustelle am 14. Juli 2018. Foto: LH<\/em><\/p>\n<p>&nbsp;<\/p>\n<p><strong>Bagni Popolari<\/strong><\/p>\n<p><a href=\"http:\/\/roemerquartier.ch\/index.php\/bagni-popolari\/\" target=\"_blank\" rel=\"noopener noreferrer\">Mehr Informationen<\/a><\/p>\n<p><img loading=\"lazy\" decoding=\"async\" class=\"alignnone size-full wp-image-521\" src=\"http:\/\/roemerquartier.ch\/wp-content\/uploads\/2018\/07\/BP.jpg\" alt=\"\" width=\"1800\" height=\"1013\" srcset=\"https:\/\/roemerquartier.ch\/wp-content\/uploads\/2018\/07\/BP.jpg 1800w, https:\/\/roemerquartier.ch\/wp-content\/uploads\/2018\/07\/BP-300x169.jpg 300w, https:\/\/roemerquartier.ch\/wp-content\/uploads\/2018\/07\/BP-768x432.jpg 768w, https:\/\/roemerquartier.ch\/wp-content\/uploads\/2018\/07\/BP-1024x576.jpg 1024w, https:\/\/roemerquartier.ch\/wp-content\/uploads\/2018\/07\/BP-960x540.jpg 960w\" sizes=\"auto, (max-width: 1800px) 100vw, 1800px\" \/><em>Visualisierung Bagno Popolare. Foto: Bagni Popolari<\/em><\/p>\n<p>&nbsp;<\/p>\n<p><strong>Ochsengarten<\/strong><\/p>\n<p><a href=\"http:\/\/roemerquartier.ch\/index.php\/ochsengarten\/\" target=\"_blank\" rel=\"noopener noreferrer\">Mehr Informationen<\/a><\/p>\n<p><img loading=\"lazy\" decoding=\"async\" class=\"alignnone size-full wp-image-534\" src=\"http:\/\/roemerquartier.ch\/wp-content\/uploads\/2018\/07\/Ochsengarten.jpg\" sizes=\"auto, (max-width: 1200px) 100vw, 1200px\" srcset=\"https:\/\/roemerquartier.ch\/wp-content\/uploads\/2018\/07\/Ochsengarten.jpg 1200w, https:\/\/roemerquartier.ch\/wp-content\/uploads\/2018\/07\/Ochsengarten-300x200.jpg 300w, https:\/\/roemerquartier.ch\/wp-content\/uploads\/2018\/07\/Ochsengarten-768x512.jpg 768w, https:\/\/roemerquartier.ch\/wp-content\/uploads\/2018\/07\/Ochsengarten-1024x683.jpg 1024w, https:\/\/roemerquartier.ch\/wp-content\/uploads\/2018\/07\/Ochsengarten-960x640.jpg 960w\" alt=\"\" width=\"1200\" height=\"800\"><em>Der Ochsengarten am 14. Juli 2018. Foto: LH<\/em><\/p>\n<p>&nbsp;<\/p>\n<p><strong>M\u00e4ttelisteg<\/strong><\/p>\n<p><a href=\"http:\/\/roemerquartier.ch\/index.php\/maettelisteg\/\" target=\"_blank\" rel=\"noopener noreferrer\">Mehr Informationen<\/a><\/p>\n<p><img decoding=\"async\" src=\"https:\/\/static.az-cdn.ch\/__ip\/IYJhGv3jY7yg4A9-18ZdEEwduEg\/b1b48a211545bf08def4540f5dfa82ac573b0107\/remote.adjust.rotate=0&amp;remote.size.w=1280&amp;remote.size.h=852&amp;local.crop.h=721&amp;local.crop.w=1280&amp;local.crop.x=0&amp;local.crop.y=45&amp;r=1,n-medium2x-16x9\" alt=\"https:\/\/static.az-cdn.ch\/__ip\/IYJhGv3jY7yg4A9-18ZdEEwduEg\/b1b48a211545bf08def4540f5dfa82ac573b0107\/remote.adjust.rotate=0&amp;remote.size.w=1280&amp;remote.size.h=852&amp;local.crop.h=721&amp;local.crop.w=1280&amp;local.crop.x=0&amp;local.crop.y=45&amp;r=1,n-medium2x-16x9\"><\/p>\n<p><em>Visualisierung: zvg AZ<\/em><\/p>\n<p>&nbsp;<\/p>\n<p><strong>Geschichte und Arch\u00e4ologie des B\u00e4derquartiers<\/strong><\/p>\n<p><a href=\"http:\/\/roemerquartier.ch\/index.php\/geschichte-und-archaeologie\/\" target=\"_blank\" rel=\"noopener noreferrer\">Mehr Informationen<\/a><\/p>\n<p><img decoding=\"async\" class=\"responsive-image__img\" title=\"Die Badener Altstadt mit den Grossen und den Kleinen B\u00e4dern (l.): Reproduktion des Merianstichs aus dem 17. Jahrhundert.\" src=\"https:\/\/static.az-cdn.ch\/__ip\/bNqJPfITHZJAt2_z93l_2U4W4g0\/a8e35ff30e05c19381bfef7dc8dcf1fa68f7f0c5\/remote.adjust.rotate=0&amp;remote.size.w=1280&amp;remote.size.h=969&amp;local.crop.h=538&amp;local.crop.w=958&amp;local.crop.x=126&amp;local.crop.y=111&amp;r=1,n-large-16x9\" sizes=\" (min-width: 1801px) 1800px, 100vw \" srcset=\"https:\/\/static.az-cdn.ch\/__ip\/bNqJPfITHZJAt2_z93l_2U4W4g0\/a8e35ff30e05c19381bfef7dc8dcf1fa68f7f0c5\/remote.adjust.rotate=0&amp;remote.size.w=1280&amp;remote.size.h=969&amp;local.crop.h=538&amp;local.crop.w=958&amp;local.crop.x=126&amp;local.crop.y=111&amp;r=1,n-avatar-16x9 90w, https:\/\/static.az-cdn.ch\/__ip\/bNqJPfITHZJAt2_z93l_2U4W4g0\/a8e35ff30e05c19381bfef7dc8dcf1fa68f7f0c5\/remote.adjust.rotate=0&amp;remote.size.w=1280&amp;remote.size.h=969&amp;local.crop.h=538&amp;local.crop.w=958&amp;local.crop.x=126&amp;local.crop.y=111&amp;r=1,n-avatar2x-16x9 180w, https:\/\/static.az-cdn.ch\/__ip\/bNqJPfITHZJAt2_z93l_2U4W4g0\/a8e35ff30e05c19381bfef7dc8dcf1fa68f7f0c5\/remote.adjust.rotate=0&amp;remote.size.w=1280&amp;remote.size.h=969&amp;local.crop.h=538&amp;local.crop.w=958&amp;local.crop.x=126&amp;local.crop.y=111&amp;r=1,n-mobile-16x9 290w, https:\/\/static.az-cdn.ch\/__ip\/bNqJPfITHZJAt2_z93l_2U4W4g0\/a8e35ff30e05c19381bfef7dc8dcf1fa68f7f0c5\/remote.adjust.rotate=0&amp;remote.size.w=1280&amp;remote.size.h=969&amp;local.crop.h=538&amp;local.crop.w=958&amp;local.crop.x=126&amp;local.crop.y=111&amp;r=1,n-narrow-16x9 340w, https:\/\/static.az-cdn.ch\/__ip\/bNqJPfITHZJAt2_z93l_2U4W4g0\/a8e35ff30e05c19381bfef7dc8dcf1fa68f7f0c5\/remote.adjust.rotate=0&amp;remote.size.w=1280&amp;remote.size.h=969&amp;local.crop.h=538&amp;local.crop.w=958&amp;local.crop.x=126&amp;local.crop.y=111&amp;r=1,n-small-16x9 500w, https:\/\/static.az-cdn.ch\/__ip\/bNqJPfITHZJAt2_z93l_2U4W4g0\/a8e35ff30e05c19381bfef7dc8dcf1fa68f7f0c5\/remote.adjust.rotate=0&amp;remote.size.w=1280&amp;remote.size.h=969&amp;local.crop.h=538&amp;local.crop.w=958&amp;local.crop.x=126&amp;local.crop.y=111&amp;r=1,n-mobile2x-16x9 580w, https:\/\/static.az-cdn.ch\/__ip\/bNqJPfITHZJAt2_z93l_2U4W4g0\/a8e35ff30e05c19381bfef7dc8dcf1fa68f7f0c5\/remote.adjust.rotate=0&amp;remote.size.w=1280&amp;remote.size.h=969&amp;local.crop.h=538&amp;local.crop.w=958&amp;local.crop.x=126&amp;local.crop.y=111&amp;r=1,n-medium-16x9 680w, https:\/\/static.az-cdn.ch\/__ip\/bNqJPfITHZJAt2_z93l_2U4W4g0\/a8e35ff30e05c19381bfef7dc8dcf1fa68f7f0c5\/remote.adjust.rotate=0&amp;remote.size.w=1280&amp;remote.size.h=969&amp;local.crop.h=538&amp;local.crop.w=958&amp;local.crop.x=126&amp;local.crop.y=111&amp;r=1,n-large-16x9 740w, https:\/\/static.az-cdn.ch\/__ip\/bNqJPfITHZJAt2_z93l_2U4W4g0\/a8e35ff30e05c19381bfef7dc8dcf1fa68f7f0c5\/remote.adjust.rotate=0&amp;remote.size.w=1280&amp;remote.size.h=969&amp;local.crop.h=538&amp;local.crop.w=958&amp;local.crop.x=126&amp;local.crop.y=111&amp;r=1,n-wide-16x9 900w, https:\/\/static.az-cdn.ch\/__ip\/bNqJPfITHZJAt2_z93l_2U4W4g0\/a8e35ff30e05c19381bfef7dc8dcf1fa68f7f0c5\/remote.adjust.rotate=0&amp;remote.size.w=1280&amp;remote.size.h=969&amp;local.crop.h=538&amp;local.crop.w=958&amp;local.crop.x=126&amp;local.crop.y=111&amp;r=1,n-small2x-16x9 1000w\" alt=\"Die Badener Altstadt mit den Grossen und den Kleinen B\u00e4dern (l.): Reproduktion des Merianstichs aus dem 17. Jahrhundert.\" data-reactid=\".vp6qqt9kdq.0.0.0.0.1.0.0.0.0.0\"><\/p>\n<p><em>Merian-Stich, 17. Jhdt.<\/em><\/p>\n<p>&nbsp;<\/p>\n<p><strong>Thema B\u00e4derquartier im Badener Tagblatt<\/strong><\/p>\n<p><a href=\"https:\/\/www.badenertagblatt.ch\/suche?q=b%C3%A4derquartier\" target=\"_blank\" rel=\"noopener noreferrer\">Link<\/a><\/p>\n<p><strong>\u00dcbersicht zu den Projekten im B\u00e4derquartier auf der Website der Stadt Baden <\/strong><\/p>\n<p><a href=\"https:\/\/www.baden.ch\/de\/stadt-behoerde\/stadtentwicklung\/projekte\/uebersicht-baeder.html\/1638\" target=\"_blank\" rel=\"noopener noreferrer\">Link<\/a><\/p>\n","protected":false},"excerpt":{"rendered":"<p>Thermalbad Mehr Informationen Foto: Baederbaden &nbsp; B\u00e4derverein Mehr Informationen Die Thermalbad-Baustelle am 14. Juli 2018. Foto: LH &nbsp; Bagni Popolari Mehr Informationen Visualisierung Bagno Popolare. Foto: Bagni Popolari &nbsp; Ochsengarten Mehr Informationen Der Ochsengarten am 14. Juli 2018. Foto: LH &nbsp; M\u00e4ttelisteg Mehr Informationen Visualisierung: zvg AZ &nbsp; Geschichte und Arch\u00e4ologie des B\u00e4derquartiers Mehr Informationen <a href=\"https:\/\/roemerquartier.ch\/index.php\/baederquartier\/\" class=\"more-link\">\u2026weiterlesen<span class=\"screen-reader-text\"> B\u00e4derquartier\"<\/span><\/a><\/p>\n","protected":false},"author":1,"featured_media":909,"parent":0,"menu_order":0,"comment_status":"closed","ping_status":"closed","template":"","meta":{"ngg_post_thumbnail":0,"footnotes":""},"class_list":["post-445","page","type-page","status-publish","has-post-thumbnail","h-entry","hentry","h-as-page"],"_links":{"self":[{"href":"https:\/\/roemerquartier.ch\/index.php\/wp-json\/wp\/v2\/pages\/445","targetHints":{"allow":["GET"]}}],"collection":[{"href":"https:\/\/roemerquartier.ch\/index.php\/wp-json\/wp\/v2\/pages"}],"about":[{"href":"https:\/\/roemerquartier.ch\/index.php\/wp-json\/wp\/v2\/types\/page"}],"author":[{"embeddable":true,"href":"https:\/\/roemerquartier.ch\/index.php\/wp-json\/wp\/v2\/users\/1"}],"replies":[{"embeddable":true,"href":"https:\/\/roemerquartier.ch\/index.php\/wp-json\/wp\/v2\/comments?post=445"}],"version-history":[{"count":75,"href":"https:\/\/roemerquartier.ch\/index.php\/wp-json\/wp\/v2\/pages\/445\/revisions"}],"predecessor-version":[{"id":2184,"href":"https:\/\/roemerquartier.ch\/index.php\/wp-json\/wp\/v2\/pages\/445\/revisions\/2184"}],"wp:featuredmedia":[{"embeddable":true,"href":"https:\/\/roemerquartier.ch\/index.php\/wp-json\/wp\/v2\/media\/909"}],"wp:attachment":[{"href":"https:\/\/roemerquartier.ch\/index.php\/wp-json\/wp\/v2\/media?parent=445"}],"curies":[{"name":"wp","href":"https:\/\/api.w.org\/{rel}","templated":true}]}}