{"id":453,"date":"2018-07-14T06:41:53","date_gmt":"2018-07-14T04:41:53","guid":{"rendered":"http:\/\/roemerquartier.ch\/?page_id=453"},"modified":"2022-08-06T16:59:38","modified_gmt":"2022-08-06T14:59:38","slug":"ochsengarten","status":"publish","type":"page","link":"https:\/\/roemerquartier.ch\/index.php\/ochsengarten\/","title":{"rendered":"Ochsengarten"},"content":{"rendered":"<p>Der Ochsengarten neben der Dreik\u00f6nigskapelle war einst ein Schmuckst\u00fcck des B\u00e4derquartiers. Nun liegt er unzug\u00e4nglich und zum Teil gerodet da. Das soll sich nach der Er\u00f6ffnung des Botta-Bads \u00e4ndern \u2013 aber nur ein bisschen. Nach Fertigstellung der B\u00e4der geht der heute der Verenahof AG geh\u00f6rende Park durch einen Landabtausch ins Eigentum der Stadt Baden \u00fcber. Eigentlich h\u00e4tte der Ochsengarten dann aus seinem Dornr\u00f6schenschlaf erweckt werden sollen. Daraus wird nichts. Der Ochsengarten wird durch die Einwohnergemeinde Baden nur minimal aufgewertet. Der Vorstand des Quartiervereins sich bei der Stadt f\u00fcr einen \u00f6ffentlichen Zugang im Sinne einer sanften Nutzung ein. Der Ochsengarten wurde 2022 fertiggestellt und eine neue Treppe verbindet nun die R\u00f6merstrasse mit dem Thermalbad.<\/p>\n<p><a href=\"https:\/\/map.geo.admin.ch\/?lang=de&amp;topic=are&amp;bgLayer=ch.swisstopo.swissimage&amp;layers=ch.are.bauzonen&amp;E=2665855.63&amp;N=1259255.88&amp;zoom=12&amp;catalogNodes=954,959,965,974,975,984&amp;layers_opacity=0.6\" target=\"_blank\" rel=\"noopener noreferrer\">Zonenplan<\/a> (Der Ochsengarten ist das V-f\u00f6rmige Gebiet in der Bildmitte)<\/p>\n<p><img loading=\"lazy\" decoding=\"async\" class=\"alignnone size-full wp-image-534\" src=\"http:\/\/roemerquartier.ch\/wp-content\/uploads\/2018\/07\/Ochsengarten.jpg\" alt=\"\" width=\"1200\" height=\"800\" srcset=\"https:\/\/roemerquartier.ch\/wp-content\/uploads\/2018\/07\/Ochsengarten.jpg 1200w, https:\/\/roemerquartier.ch\/wp-content\/uploads\/2018\/07\/Ochsengarten-300x200.jpg 300w, https:\/\/roemerquartier.ch\/wp-content\/uploads\/2018\/07\/Ochsengarten-768x512.jpg 768w, https:\/\/roemerquartier.ch\/wp-content\/uploads\/2018\/07\/Ochsengarten-1024x683.jpg 1024w, https:\/\/roemerquartier.ch\/wp-content\/uploads\/2018\/07\/Ochsengarten-960x640.jpg 960w\" sizes=\"auto, (max-width: 1200px) 100vw, 1200px\" \/><br \/>\n<em>Der Ochsengarten am 14. Juli 2018. Foto: LH<\/em><\/p>\n<p><img loading=\"lazy\" decoding=\"async\" class=\"alignnone size-full wp-image-534\" src=\"http:\/\/roemerquartier.ch\/wp-content\/uploads\/2022\/05\/OG-1.png\" alt=\"\" width=\"1200\" height=\"800\"><br \/>\n<em>Der Ochsengarten am 1. Mai 2022. Foto: DC<\/em><\/p>\n<p>Zeitungsberichte zum Thema (j\u00fcngste zuoberst):<\/p>\n<ul>\n<li><strong>Ochsengarten<\/strong> <strong>aufgeforstet<\/strong>: <a href=\"http:\/\/roemerquartier.ch\/wp-content\/uploads\/2022\/08\/Ochsengarten_Badenaktuell_MagazinJuni_Juli2022.pdf\" target=\"_blank\" rel=\"noopener\">Artikel<\/a> in Badenaktuell vom Juni\/Juli 2022<\/li>\n<\/ul>\n<p>&nbsp;<\/p>\n","protected":false},"excerpt":{"rendered":"<p>Der Ochsengarten neben der Dreik\u00f6nigskapelle war einst ein Schmuckst\u00fcck des B\u00e4derquartiers. Nun liegt er unzug\u00e4nglich und zum Teil gerodet da. Das soll sich nach der Er\u00f6ffnung des Botta-Bads \u00e4ndern \u2013 aber nur ein bisschen. Nach Fertigstellung der B\u00e4der geht der heute der Verenahof AG geh\u00f6rende Park durch einen Landabtausch ins Eigentum der Stadt Baden \u00fcber. <a href=\"https:\/\/roemerquartier.ch\/index.php\/ochsengarten\/\" class=\"more-link\">\u2026weiterlesen<span class=\"screen-reader-text\"> Ochsengarten\"<\/span><\/a><\/p>\n","protected":false},"author":1,"featured_media":0,"parent":0,"menu_order":0,"comment_status":"closed","ping_status":"closed","template":"","meta":{"ngg_post_thumbnail":0,"footnotes":""},"class_list":["post-453","page","type-page","status-publish","h-entry","hentry","h-as-page"],"_links":{"self":[{"href":"https:\/\/roemerquartier.ch\/index.php\/wp-json\/wp\/v2\/pages\/453","targetHints":{"allow":["GET"]}}],"collection":[{"href":"https:\/\/roemerquartier.ch\/index.php\/wp-json\/wp\/v2\/pages"}],"about":[{"href":"https:\/\/roemerquartier.ch\/index.php\/wp-json\/wp\/v2\/types\/page"}],"author":[{"embeddable":true,"href":"https:\/\/roemerquartier.ch\/index.php\/wp-json\/wp\/v2\/users\/1"}],"replies":[{"embeddable":true,"href":"https:\/\/roemerquartier.ch\/index.php\/wp-json\/wp\/v2\/comments?post=453"}],"version-history":[{"count":9,"href":"https:\/\/roemerquartier.ch\/index.php\/wp-json\/wp\/v2\/pages\/453\/revisions"}],"predecessor-version":[{"id":2319,"href":"https:\/\/roemerquartier.ch\/index.php\/wp-json\/wp\/v2\/pages\/453\/revisions\/2319"}],"wp:attachment":[{"href":"https:\/\/roemerquartier.ch\/index.php\/wp-json\/wp\/v2\/media?parent=453"}],"curies":[{"name":"wp","href":"https:\/\/api.w.org\/{rel}","templated":true}]}}