{"id":541,"date":"2018-07-14T18:41:55","date_gmt":"2018-07-14T16:41:55","guid":{"rendered":"http:\/\/roemerquartier.ch\/?page_id=541"},"modified":"2022-08-06T16:49:39","modified_gmt":"2022-08-06T14:49:39","slug":"gaertnerhaus","status":"publish","type":"page","link":"https:\/\/roemerquartier.ch\/index.php\/gaertnerhaus\/","title":{"rendered":"G\u00e4rtnerhaus"},"content":{"rendered":"<p>Das G\u00e4rtnerhaus an der R\u00f6merstrasse zwischen Kurtheater und Kurpark ist vom Abriss bedroht. Das Holzhaus wurde von Arthur Betschon entworfen und stand urspr\u00fcnglich als G\u00e4rtnerhaus im Park der Villa Burghalde, bevor es um 1930 an den heutigen Standort verschoben wurde. Es wurde f\u00fcr verschiedene Zwecke genutzt, als Wohnhaus, als Unterkunft f\u00fcr Asylsuchende und jetzt als Baub\u00fcro f\u00fcr die Kurtheater-Renovation. Nach dem Umbau soll es abgebrochen werden. Der R\u00f6mer-Quartierverein setzt sich daf\u00fcr ein, diesen einmaligen historischen Zeitzeugen zu erhalten und der \u00d6ffentlichkeit zug\u00e4nglich zu machen. Das Haus liegt an der Schnittstelle zwischen Stadt, Kurpark und B\u00e4derquartier. Der Quartierverein stellt sich einen Quartiertreffpunkt vor, ev. in Zusammenarbeit mit dem Kurtheater. 2020 wurde das G\u00e4rtnerhaus von der Stadt Baden zur Nutzung an den eigens gegr\u00fcndeten Verein <a href=\"https:\/\/gaertnerhausbaden.ch\/\" target=\"_blank\" rel=\"noopener\">G\u00e4rtnerhaus <\/a>freigegeben. Die Bewilligung f\u00fcr eine Umnutzung des Erdgeschosses liegt mittlerweile vor und der grosse Versammlungsraum konnte durch interne Umbauten vergr\u00f6ssert werden. Aktuell wird ein Antrag zur Startfinanzierung des Gesamtumbaus an die Stadt Baden gestellt. Neben dem <a href=\"https:\/\/gaertnerhausbaden.ch\" target=\"_blank\" rel=\"noopener\">G\u00e4rtnerhaus<\/a> entsteht der Permakultur-<a href=\"https:\/\/gaertnerhausbaden.ch\/roemergarten\/\" target=\"_blank\" rel=\"noopener\">R\u00f6mergarten<\/a>.<\/p>\n<p>Zeitungsberichte zum Thema (j\u00fcngste zuoberst):<\/p>\n<ul>\n<li><strong>Verein G\u00e4rtnerhaus<\/strong> und sein Projekt: <a href=\"http:\/\/roemerquartier.ch\/wp-content\/uploads\/2022\/08\/Gaertnerhaus_RSS_2822_g.pdf\" target=\"_blank\" rel=\"noopener\">Artikel<\/a> in der Rundschau S\u00fcd vom 14. Juli 2022<\/li>\n<li><strong>Permakultur<\/strong> f\u00fcr alle: <a href=\"http:\/\/roemerquartier.ch\/wp-content\/uploads\/2022\/08\/Gaertnerhaus_2022-06_RWB_PlusMinus_Nr.59.pdf\" target=\"_blank\" rel=\"noopener\">Artikel<\/a> im Magazin plusminus 59\/2022 der Regionalwerke<\/li>\n<li><strong>Permakultur im R\u00f6mergarten<\/strong>: <a href=\"http:\/\/roemerquartier.ch\/wp-content\/uploads\/2022\/08\/Permakultur_Badenaktuell_Magazin_AusgabeMai2022.pdf\" target=\"_blank\" rel=\"noopener\">Artikel<\/a> in Badenaktuell vom Mai 2022<\/li>\n<li><strong>Unterst\u00fctzung<\/strong> f\u00fcr den R\u00f6mergarten: <a href=\"http:\/\/roemerquartier.ch\/wp-content\/uploads\/2021\/12\/Roemergarten_2021-06_RWB_PlusMinus_Nr.58.pdf\" target=\"_blank\" rel=\"noopener\">Artikel<\/a> im Magazin plusminus 58\/2021 der Regionalwerke&nbsp;<\/li>\n<li><strong>Bl\u00fchende Zukunft<\/strong> f\u00fcr das G\u00e4rtnerhaus: <a href=\"http:\/\/roemerquartier.ch\/wp-content\/uploads\/2021\/11\/Gaertnerhaus_Badenaktuell_11_2021.pdf\" target=\"_blank\" rel=\"noopener\">Artikel<\/a> in Baden aktuell vom November 2021<\/li>\n<li>Der <strong>R\u00f6mergarten<\/strong> nimmt Form an. <a href=\"https:\/\/www.badenertagblatt.ch\/aargau\/baden\/baden-ein-gruener-fleck-im-beton-dschungel-der-neue-roemergarten-nimmt-form-an-ld.2163118\" target=\"_blank\" rel=\"noopener\">Artikel<\/a> im Badener Tagblatt vom 16. Juli 2021<\/li>\n<li><strong>Belebung des Quartiers<\/strong> durch das G\u00e4rtnerhaus. <a href=\"https:\/\/www.badenertagblatt.ch\/aargau\/baden\/gartnerhaus-soll-romerquartier-beleben-doch-die-quartierbewohner-werden-ausgebremst-ld.1280420\" target=\"_blank\" rel=\"noopener\">Artikel<\/a> im Badener Tagblatt vom 17. November 2020. <a href=\"https:\/\/www.badenertagblatt.ch\/bildergalerien\/bildstrecke\/gartnerhaus-soll-romerquartier-beleben-doch-die-quartierbewohner-werden-ausgebremst-ld.2099603\" target=\"_blank\" rel=\"noopener\">Bildstrecke<\/a>.<\/li>\n<li>Gr\u00fcndung des <strong>Tr\u00e4gervereins G\u00e4rtnerhaus<\/strong>. <a href=\"https:\/\/www.badenertagblatt.ch\/aargau\/baden\/start-einer-neuen-epoche-ein-gemeinschaftszentrum-fur-baden-ld.1250013\" target=\"_blank\" rel=\"noopener\">Artikel<\/a> im Badener Tagblatt vom 25. August 2020<\/li>\n<li>Die Vorstandsmitglieder des R\u00f6mer-Quartiervereins Anders Nordin und Georg Gindely geben <strong>Auskunft<\/strong> im <a href=\"https:\/\/www.badenertagblatt.ch\/aargau\/baden\/ein-abbruch-macht-keinen-sinn-verein-kaempft-fuer-das-gaertnerhaus-im-kurpark-132798348\" target=\"_blank\" rel=\"noopener\">Artikel<\/a> im Badener Tagblatt vom 12. Juli 2018<\/li>\n<\/ul>\n<p><img loading=\"lazy\" decoding=\"async\" class=\"alignnone size-full wp-image-469\" src=\"http:\/\/roemerquartier.ch\/wp-content\/uploads\/2018\/07\/Gaertnerhaus_2018_07_12.jpg\" alt=\"\" width=\"1200\" height=\"675\" srcset=\"https:\/\/roemerquartier.ch\/wp-content\/uploads\/2018\/07\/Gaertnerhaus_2018_07_12.jpg 1200w, https:\/\/roemerquartier.ch\/wp-content\/uploads\/2018\/07\/Gaertnerhaus_2018_07_12-300x169.jpg 300w, https:\/\/roemerquartier.ch\/wp-content\/uploads\/2018\/07\/Gaertnerhaus_2018_07_12-768x432.jpg 768w, https:\/\/roemerquartier.ch\/wp-content\/uploads\/2018\/07\/Gaertnerhaus_2018_07_12-1024x576.jpg 1024w, https:\/\/roemerquartier.ch\/wp-content\/uploads\/2018\/07\/Gaertnerhaus_2018_07_12-960x540.jpg 960w\" sizes=\"auto, (max-width: 1200px) 100vw, 1200px\" \/><br \/>\n<em>Das G\u00e4rtnerhaus am 7. Juli 2018, im Hintergrund die Baustelle des Kurtheaters. Foto: LH<\/em><\/p>\n","protected":false},"excerpt":{"rendered":"<p>Das G\u00e4rtnerhaus an der R\u00f6merstrasse zwischen Kurtheater und Kurpark ist vom Abriss bedroht. Das Holzhaus wurde von Arthur Betschon entworfen und stand urspr\u00fcnglich als G\u00e4rtnerhaus im Park der Villa Burghalde, bevor es um 1930 an den heutigen Standort verschoben wurde. Es wurde f\u00fcr verschiedene Zwecke genutzt, als Wohnhaus, als Unterkunft f\u00fcr Asylsuchende und jetzt als <a href=\"https:\/\/roemerquartier.ch\/index.php\/gaertnerhaus\/\" class=\"more-link\">\u2026weiterlesen<span class=\"screen-reader-text\"> G\u00e4rtnerhaus\"<\/span><\/a><\/p>\n","protected":false},"author":1,"featured_media":0,"parent":0,"menu_order":0,"comment_status":"closed","ping_status":"closed","template":"","meta":{"ngg_post_thumbnail":0,"footnotes":""},"class_list":["post-541","page","type-page","status-publish","h-entry","hentry","h-as-page"],"_links":{"self":[{"href":"https:\/\/roemerquartier.ch\/index.php\/wp-json\/wp\/v2\/pages\/541","targetHints":{"allow":["GET"]}}],"collection":[{"href":"https:\/\/roemerquartier.ch\/index.php\/wp-json\/wp\/v2\/pages"}],"about":[{"href":"https:\/\/roemerquartier.ch\/index.php\/wp-json\/wp\/v2\/types\/page"}],"author":[{"embeddable":true,"href":"https:\/\/roemerquartier.ch\/index.php\/wp-json\/wp\/v2\/users\/1"}],"replies":[{"embeddable":true,"href":"https:\/\/roemerquartier.ch\/index.php\/wp-json\/wp\/v2\/comments?post=541"}],"version-history":[{"count":13,"href":"https:\/\/roemerquartier.ch\/index.php\/wp-json\/wp\/v2\/pages\/541\/revisions"}],"predecessor-version":[{"id":2311,"href":"https:\/\/roemerquartier.ch\/index.php\/wp-json\/wp\/v2\/pages\/541\/revisions\/2311"}],"wp:attachment":[{"href":"https:\/\/roemerquartier.ch\/index.php\/wp-json\/wp\/v2\/media?parent=541"}],"curies":[{"name":"wp","href":"https:\/\/api.w.org\/{rel}","templated":true}]}}