{"id":550,"date":"2018-07-14T19:47:13","date_gmt":"2018-07-14T17:47:13","guid":{"rendered":"http:\/\/roemerquartier.ch\/?page_id=550"},"modified":"2022-10-23T19:26:47","modified_gmt":"2022-10-23T17:26:47","slug":"zukunft-langmatt","status":"publish","type":"page","link":"https:\/\/roemerquartier.ch\/index.php\/zukunft-langmatt\/","title":{"rendered":"Langmatt"},"content":{"rendered":"<p>Die Villa Langmatt an der R\u00f6merstrasse ist eine durch Sidney und Jenny Brown-Sulzer erbaute Jugendstilvilla und beherbergt als <a href=\"http:\/\/www.langmatt.ch\/\" target=\"_blank\" rel=\"noopener noreferrer\">Museum<\/a> die vom Paar zusammengestellte einzigartige Kunstsammlung franz\u00f6sischer Impressionisten. Das Geb\u00e4ude ist sanierungsbed\u00fcrftig. Die Firma <a href=\"https:\/\/www.hellerenter.ch\/open\/1\/1\/982\" target=\"_blank\" rel=\"noopener noreferrer\">Heller Enterprises<\/a> erstellte 2018 eine Studie zur m\u00f6glichen zuk\u00fcnftigen Nutzung des Museums und des umgebenden Parks (inkl. Gastronomie) zuhanden des Stadtrats. Eine \u00abEchogruppe\u00bb des Stadtrats begleitet diese Arbeiten. Der R\u00f6mer-Quartierverein ist durch Ursula Hasler vertreten, sie nimmt gerne Anregungen zum Thema entgegen (<a href=\"mailto:dialog@roemerquartier.ch\">dialog[at]roemerquartier.ch<\/a>).<\/p>\n<p>Zeitungsberichte zur Villa Langmatt (j\u00fcngste zuoberst):<\/p>\n<ul>\n<li>Langmatt vor grosser <strong>Renovation<\/strong>: Artikel im <a href=\"http:\/\/roemerquartier.ch\/wp-content\/uploads\/2022\/10\/Langmatt_Badener_Tagblatt_20220826_Seite_27.pdf\" target=\"_blank\" rel=\"noopener\">Badener Tagblatt<\/a> vom 26. August 2022, in der <a href=\"http:\/\/roemerquartier.ch\/wp-content\/uploads\/2022\/10\/Langmatt_2022_10_06_RSS_4022_g.pdf\" target=\"_blank\" rel=\"noopener\">Rundschau S\u00fcd<\/a> vom 6. Oktober 2022 und im <a href=\"http:\/\/roemerquartier.ch\/wp-content\/uploads\/2022\/10\/Badener_Tagblatt_20221005_Seite_17.pdf\" target=\"_blank\" rel=\"noopener\">Badener Tagblatt<\/a> vom 5. Oktober 2022<\/li>\n<li>Ein <strong>Dachs<\/strong> in der Langmatt: <a href=\"https:\/\/www.badenertagblatt.ch\/aargau\/baden\/baden-wir-haben-ein-neues-maskottchen-ein-dachspaar-hat-sich-im-langmattpark-haeuslich-eingerichtet-ld.2284964\" target=\"_blank\" rel=\"noopener\">Artikel<\/a> im Badener Tagblatt vom 10. Mai 2022<\/li>\n<li>Ein <strong>Pavillon<\/strong> f\u00fcr die Langmatt: <a href=\"https:\/\/www.badenertagblatt.ch\/aargau\/baden-das-museum-langmatt-erhaelt-einen-pavillon-ld.2161309\" target=\"_blank\" rel=\"noopener\">Artikel<\/a> im Badener Tagblatt vom 8. Juli 2021<\/li>\n<li>Park Langmatt schafft <strong>Lebensraum f\u00fcr seltene Pflanzen und Tiere<\/strong>: <a href=\"https:\/\/www.badenertagblatt.ch\/aargau\/baden\/baden-park-langmatt-schafft-lebensraum-fuer-seltene-pflanzen-und-tiere-wie-wildbienen-und-gartenrotschwanz-ld.2128538\" target=\"_blank\" rel=\"noopener\">Artikel<\/a> im Badener Tagblatt vom 26. April 2021<\/li>\n<li>Welche Bilder sollen f\u00fcr <strong>40 Millionen<\/strong> verkauft werden? <a href=\"https:\/\/www.badenertagblatt.ch\/aargau\/baden\/zur-rettung-der-stiftung-langmatt-welche-bilder-sollen-fuer-40-millionen-verkauft-werden-137903983\" target=\"_blank\" rel=\"noopener noreferrer\">Artikel<\/a> im Badener Tagblatt vom 20. Mai 2020<\/li>\n<li>Museum Langmatt: Das <strong>Warten hat sich gelohnt<\/strong>: <a href=\"https:\/\/www.badenertagblatt.ch\/kommentare-aaz\/museum-langmatt-das-warten-hat-sich-gelohnt-137878570\" target=\"_blank\" rel=\"noopener noreferrer\">Kolumne<\/a> im Badener Tagblatt vom 15. Mai 2020<\/li>\n<li>Das Museum Langmatt muss <strong>Bilder verkaufen<\/strong>: <a href=\"https:\/\/www.badenertagblatt.ch\/aargau\/baden\/jetzt-gibt-es-endlich-eine-strategie-das-museum-langmatt-wird-aufbluehen-muss-aber-bilder-verkaufen-137872899\" target=\"_blank\" rel=\"noopener noreferrer\">Artikel<\/a> im Badener Tagblatt vom 15. Mai 2020<\/li>\n<li>Badener <strong>Impressionisten-Museum<\/strong> muss Bilder verkaufen: <a href=\"https:\/\/www.tagesanzeiger.ch\/badener-impressionisten-museum-muss-bilder-verkaufen-852848607536\" target=\"_blank\" rel=\"noopener noreferrer\">Artikel<\/a> im Tages Anzeiger vom 14. Mai 2020<\/li>\n<li>Villa Langmatt schachmatt? Die <strong>Coronakrise<\/strong> trifft das Museum besonders hart. <a href=\"https:\/\/www.badenertagblatt.ch\/kommentare-aaz\/villa-langmatt-schachmatt-die-coronakrise-trifft-das-museum-besonders-hart-137688713\" target=\"_blank\" rel=\"noopener noreferrer\">Kolumne<\/a> im Badener Tagblatt vom 20. April 2020<\/li>\n<li><strong>Zeitkapsel<\/strong> Langmatt: <a href=\"https:\/\/www.badenertagblatt.ch\/kultur\/museum-langmatt-in-der-zeitkapsel-durch-badens-geschichte-136416310\" target=\"_blank\" rel=\"noopener noreferrer\">Artikel<\/a> im Badener Tagblatt vom 25. Februar 2020<\/li>\n<li><strong>Direktor<\/strong> als Gl\u00fccksfall: <a href=\"https:\/\/www.badenertagblatt.ch\/aargau\/baden\/museum-langmatt-der-direktor-ist-ein-gluecksfall-136380845\" target=\"_blank\" rel=\"noopener noreferrer\">Kommentar<\/a> im Badener Tagblatt vom 15. Februar 2020<\/li>\n<li>Ein sch\u00f6nes <strong>Geburtstagsgeschenk<\/strong>: <a href=\"https:\/\/www.badenertagblatt.ch\/aargau\/baden\/das-museum-langmatt-erhaelt-ein-schoenes-geburtstagsgeschenk-aus-uebersee-136372318\" target=\"_blank\" rel=\"noopener noreferrer\">Artikel<\/a> im Badener Tagblatt vom 15. Februar 2020<\/li>\n<li><strong>Sanatorium<\/strong> Langmatt: <a href=\"https:\/\/www.aargauerzeitung.ch\/aargau\/baden\/schlafen-im-museum-in-der-villa-langmatt-kein-problem-134464978\" target=\"_blank\" rel=\"noopener noreferrer\">Artikel<\/a> im Badener Tagblatt vom 13. Mai 2019<\/li>\n<li><strong>Zukunft<\/strong> Langmatt: <a href=\"https:\/\/www.badenertagblatt.ch\/aargau\/baden\/nun-werden-die-weichen-fuer-das-museum-langmatt-gestellt-134170315\" target=\"_blank\" rel=\"noopener noreferrer\">Artikel<\/a> im Badener Tagblatt vom 6. M\u00e4rz 2019<\/li>\n<li>Die Kunstsammlerin<strong> Jenny Brown<\/strong>: <a href=\"https:\/\/www.badenertagblatt.ch\/aargau\/baden\/wie-die-witwe-des-bbc-gruenders-baden-und-die-schweiz-veraenderte-133849504\" target=\"_blank\" rel=\"noopener noreferrer\">Artikel<\/a> im Badener Tagblatt vom 15. Dezember 2018<\/li>\n<li>Das lange Warten auf die <strong>Sanierung<\/strong> der Villa Langmatt: <a href=\"https:\/\/www.badenertagblatt.ch\/aargau\/baden\/bereits-zweimal-200000-franken-fuer-strategie-gesprochen-das-lange-warten-auf-die-sanierung-der-villa-langmatt-135682098\" target=\"_blank\" rel=\"noopener noreferrer\">Artikel<\/a> im Badener Tagblatt vom 15. Dezember 2018<\/li>\n<\/ul>\n<p><img loading=\"lazy\" decoding=\"async\" class=\"alignnone size-full wp-image-552\" src=\"http:\/\/roemerquartier.ch\/wp-content\/uploads\/2018\/07\/resized_650x365_origimage_563651.jpg\" alt=\"\" width=\"650\" height=\"365\" srcset=\"https:\/\/roemerquartier.ch\/wp-content\/uploads\/2018\/07\/resized_650x365_origimage_563651.jpg 650w, https:\/\/roemerquartier.ch\/wp-content\/uploads\/2018\/07\/resized_650x365_origimage_563651-300x168.jpg 300w\" sizes=\"auto, (max-width: 650px) 100vw, 650px\" \/><br \/>\n<em>Villa Langmatt. Foto: myswitzerland<\/em><\/p>\n<p><img loading=\"lazy\" decoding=\"async\" class=\"alignnone size-large wp-image-1061\" src=\"http:\/\/roemerquartier.ch\/wp-content\/uploads\/2019\/03\/n-wide2x-16x9-fill-1024x680.jpg\" alt=\"\" width=\"625\" height=\"415\" srcset=\"https:\/\/roemerquartier.ch\/wp-content\/uploads\/2019\/03\/n-wide2x-16x9-fill-1024x680.jpg 1024w, https:\/\/roemerquartier.ch\/wp-content\/uploads\/2019\/03\/n-wide2x-16x9-fill-300x199.jpg 300w, https:\/\/roemerquartier.ch\/wp-content\/uploads\/2019\/03\/n-wide2x-16x9-fill-768x510.jpg 768w, https:\/\/roemerquartier.ch\/wp-content\/uploads\/2019\/03\/n-wide2x-16x9-fill-960x638.jpg 960w, https:\/\/roemerquartier.ch\/wp-content\/uploads\/2019\/03\/n-wide2x-16x9-fill.jpg 1525w\" sizes=\"auto, (max-width: 625px) 100vw, 625px\" \/><em>Villa Langmatt: Aquarell von Jenny Brown, ca. 1904. Foto: Museum Langmatt \/ AZ<\/em><\/p>\n","protected":false},"excerpt":{"rendered":"<p>Die Villa Langmatt an der R\u00f6merstrasse ist eine durch Sidney und Jenny Brown-Sulzer erbaute Jugendstilvilla und beherbergt als Museum die vom Paar zusammengestellte einzigartige Kunstsammlung franz\u00f6sischer Impressionisten. Das Geb\u00e4ude ist sanierungsbed\u00fcrftig. Die Firma Heller Enterprises erstellte 2018 eine Studie zur m\u00f6glichen zuk\u00fcnftigen Nutzung des Museums und des umgebenden Parks (inkl. Gastronomie) zuhanden des Stadtrats. Eine <a href=\"https:\/\/roemerquartier.ch\/index.php\/zukunft-langmatt\/\" class=\"more-link\">\u2026weiterlesen<span class=\"screen-reader-text\"> Langmatt\"<\/span><\/a><\/p>\n","protected":false},"author":1,"featured_media":0,"parent":0,"menu_order":0,"comment_status":"closed","ping_status":"closed","template":"","meta":{"ngg_post_thumbnail":0,"footnotes":""},"class_list":["post-550","page","type-page","status-publish","h-entry","hentry","h-as-page"],"_links":{"self":[{"href":"https:\/\/roemerquartier.ch\/index.php\/wp-json\/wp\/v2\/pages\/550","targetHints":{"allow":["GET"]}}],"collection":[{"href":"https:\/\/roemerquartier.ch\/index.php\/wp-json\/wp\/v2\/pages"}],"about":[{"href":"https:\/\/roemerquartier.ch\/index.php\/wp-json\/wp\/v2\/types\/page"}],"author":[{"embeddable":true,"href":"https:\/\/roemerquartier.ch\/index.php\/wp-json\/wp\/v2\/users\/1"}],"replies":[{"embeddable":true,"href":"https:\/\/roemerquartier.ch\/index.php\/wp-json\/wp\/v2\/comments?post=550"}],"version-history":[{"count":25,"href":"https:\/\/roemerquartier.ch\/index.php\/wp-json\/wp\/v2\/pages\/550\/revisions"}],"predecessor-version":[{"id":2410,"href":"https:\/\/roemerquartier.ch\/index.php\/wp-json\/wp\/v2\/pages\/550\/revisions\/2410"}],"wp:attachment":[{"href":"https:\/\/roemerquartier.ch\/index.php\/wp-json\/wp\/v2\/media?parent=550"}],"curies":[{"name":"wp","href":"https:\/\/api.w.org\/{rel}","templated":true}]}}