{"id":80,"date":"2018-02-20T18:54:33","date_gmt":"2018-02-20T17:54:33","guid":{"rendered":"http:\/\/roemerquartier.ch\/?page_id=80"},"modified":"2025-11-07T12:03:19","modified_gmt":"2025-11-07T11:03:19","slug":"vorstand","status":"publish","type":"page","link":"https:\/\/roemerquartier.ch\/index.php\/vorstand\/","title":{"rendered":"Vorstand"},"content":{"rendered":"<p>Allgemeine Kontakt-Adresse: <a href=\"mailto:info@roemerquartier.ch\">info[at]roemerquartier.ch<\/a><\/p>\n<p>&nbsp;<\/p>\n<p><strong>Pr\u00e4sident, Finanzen, Veranstaltungen<\/strong><br \/>\n<img loading=\"lazy\" decoding=\"async\" class=\"alignnone wp-image-2647\" src=\"http:\/\/roemerquartier.ch\/wp-content\/uploads\/2023\/09\/Anders_Langmatt-300x300.jpg\" alt=\"\" width=\"149\" height=\"149\" srcset=\"https:\/\/roemerquartier.ch\/wp-content\/uploads\/2023\/09\/Anders_Langmatt-300x300.jpg 300w, https:\/\/roemerquartier.ch\/wp-content\/uploads\/2023\/09\/Anders_Langmatt-150x150.jpg 150w, https:\/\/roemerquartier.ch\/wp-content\/uploads\/2023\/09\/Anders_Langmatt.jpg 695w\" sizes=\"auto, (max-width: 149px) 100vw, 149px\" \/><br \/>\nAnders Nordin<br \/>\n<a href=\"mailto:praesident@roemerquartier.ch\">praesident[at]roemerquartier.ch<\/a><\/p>\n<p>&nbsp;<\/p>\n<p><strong>Vizepr\u00e4sidentin, Veranstaltungen<\/strong><br \/>\n<img loading=\"lazy\" decoding=\"async\" class=\"alignnone wp-image-2666\" src=\"http:\/\/roemerquartier.ch\/wp-content\/uploads\/2023\/09\/Stefania_neu-300x300.jpg\" alt=\"\" width=\"151\" height=\"151\" srcset=\"https:\/\/roemerquartier.ch\/wp-content\/uploads\/2023\/09\/Stefania_neu-300x300.jpg 300w, https:\/\/roemerquartier.ch\/wp-content\/uploads\/2023\/09\/Stefania_neu-150x150.jpg 150w, https:\/\/roemerquartier.ch\/wp-content\/uploads\/2023\/09\/Stefania_neu.jpg 512w\" sizes=\"auto, (max-width: 151px) 100vw, 151px\" \/><br \/>\nStefania Bellaio<br \/>\n<a href=\"mailto:info@roemerquartier.ch\">info[at]roemerquartier.ch<\/a><\/p>\n<p>&nbsp;<\/p>\n<p><strong>Aktuar, Beh\u00f6rdenkontakte, Mitgliederverwaltung, Anfragen, Vertreter im Tr\u00e4gerverein G\u00e4rtnerhaus<br \/>\n<\/strong><img loading=\"lazy\" decoding=\"async\" class=\"alignnone wp-image-190 size-thumbnail\" src=\"http:\/\/roemerquartier.ch\/wp-content\/uploads\/2018\/05\/GD-150x150.jpg\" alt=\"\" width=\"150\" height=\"150\" srcset=\"https:\/\/roemerquartier.ch\/wp-content\/uploads\/2018\/05\/GD-150x150.jpg 150w, https:\/\/roemerquartier.ch\/wp-content\/uploads\/2018\/05\/GD-300x300.jpg 300w, https:\/\/roemerquartier.ch\/wp-content\/uploads\/2018\/05\/GD.jpg 500w\" sizes=\"auto, (max-width: 150px) 100vw, 150px\" \/><br \/>\nGiuseppe Domeniconi<br \/>\n<a href=\"mailto:aktuar@roemerquartier.ch\">aktuar[at]roemerquartier.ch<\/a><\/p>\n<p>&nbsp;<\/p>\n<p><strong>\u00abR\u00f6vue\u00bb, Vertreterin im Tr\u00e4gerverein G\u00e4rtnerhaus<br \/>\n<\/strong><img loading=\"lazy\" decoding=\"async\" class=\"alignnone wp-image-2640\" src=\"http:\/\/roemerquartier.ch\/wp-content\/uploads\/2023\/09\/platzhalter.jpg\" alt=\"\" width=\"151\" height=\"151\" srcset=\"https:\/\/roemerquartier.ch\/wp-content\/uploads\/2023\/09\/platzhalter.jpg 222w, https:\/\/roemerquartier.ch\/wp-content\/uploads\/2023\/09\/platzhalter-150x150.jpg 150w\" sizes=\"auto, (max-width: 151px) 100vw, 151px\" \/><br \/>\nGianna Schneeberger<br \/>\n<a href=\"mailto:info@roemerquartier.ch\">info[at]roemerquartier.ch<\/a><\/p>\n<p>&nbsp;<\/p>\n<p><strong>Veranstaltungen<\/strong><br \/>\n<img loading=\"lazy\" decoding=\"async\" class=\"alignnone wp-image-2640\" src=\"http:\/\/roemerquartier.ch\/wp-content\/uploads\/2023\/09\/platzhalter.jpg\" alt=\"\" width=\"151\" height=\"151\" srcset=\"https:\/\/roemerquartier.ch\/wp-content\/uploads\/2023\/09\/platzhalter.jpg 222w, https:\/\/roemerquartier.ch\/wp-content\/uploads\/2023\/09\/platzhalter-150x150.jpg 150w\" sizes=\"auto, (max-width: 151px) 100vw, 151px\" \/><br \/>\nMartin Schmits<br \/>\n<a href=\"mailto:info@roemerquartier.ch\">info[at]roemerquartier.ch<\/a><\/p>\n<p>&nbsp;<\/p>\n<p><strong>Veranstaltungen<\/strong><br \/>\n<img loading=\"lazy\" decoding=\"async\" class=\"alignnone wp-image-2640\" src=\"http:\/\/roemerquartier.ch\/wp-content\/uploads\/2023\/09\/platzhalter.jpg\" alt=\"\" width=\"151\" height=\"151\" srcset=\"https:\/\/roemerquartier.ch\/wp-content\/uploads\/2023\/09\/platzhalter.jpg 222w, https:\/\/roemerquartier.ch\/wp-content\/uploads\/2023\/09\/platzhalter-150x150.jpg 150w\" sizes=\"auto, (max-width: 151px) 100vw, 151px\" \/><br \/>\nCorinne Steiner<br \/>\n<a href=\"mailto:info@roemerquartier.ch\">info[at]roemerquartier.ch<\/a><\/p>\n<p>&nbsp;<\/p>\n<p><strong>Social Media, Vertreterin im B\u00e4derverein, Veranstaltungen<\/strong><br \/>\n<img loading=\"lazy\" decoding=\"async\" class=\"alignnone wp-image-2087 \" src=\"http:\/\/roemerquartier.ch\/wp-content\/uploads\/2021\/11\/Daniela-150x150.jpg\" alt=\"\" width=\"150\" height=\"150\" srcset=\"https:\/\/roemerquartier.ch\/wp-content\/uploads\/2021\/11\/Daniela-150x150.jpg 150w, https:\/\/roemerquartier.ch\/wp-content\/uploads\/2021\/11\/Daniela-300x300.jpg 300w, https:\/\/roemerquartier.ch\/wp-content\/uploads\/2021\/11\/Daniela.jpg 320w\" sizes=\"auto, (max-width: 150px) 100vw, 150px\" \/><br \/>\nDaniela Corboz<br \/>\n<a href=\"mailto:info@roemerquartier.ch\">info[at]roemerquartier.ch<\/a><\/p>\n<p>&nbsp;<\/p>\n<p><strong>Webmaster, Social Media, Lektorat<\/strong><br \/>\n<img loading=\"lazy\" decoding=\"async\" class=\"alignnone wp-image-3002\" src=\"http:\/\/roemerquartier.ch\/wp-content\/uploads\/2025\/11\/Lorenz-Hurni-3_4_2025_10_24_quadrat-300x300.jpg\" alt=\"\" width=\"150\" height=\"150\" srcset=\"https:\/\/roemerquartier.ch\/wp-content\/uploads\/2025\/11\/Lorenz-Hurni-3_4_2025_10_24_quadrat-300x300.jpg 300w, https:\/\/roemerquartier.ch\/wp-content\/uploads\/2025\/11\/Lorenz-Hurni-3_4_2025_10_24_quadrat-150x150.jpg 150w, https:\/\/roemerquartier.ch\/wp-content\/uploads\/2025\/11\/Lorenz-Hurni-3_4_2025_10_24_quadrat-768x768.jpg 768w, https:\/\/roemerquartier.ch\/wp-content\/uploads\/2025\/11\/Lorenz-Hurni-3_4_2025_10_24_quadrat.jpg 862w\" sizes=\"auto, (max-width: 150px) 100vw, 150px\" \/><br \/>\nLorenz Hurni<br \/>\n<a href=\"mailto:webmaster@roemerquartier.ch\">webmaster[at]roemerquartier.ch<\/a><\/p>\n<p>&nbsp;<\/p>\n<p><strong>Weitere Vertretungen und Zust\u00e4ndigkeiten<\/strong><br \/>\nR\u00f6vue: Ursula Hasler<br \/>\nLangmatt: Ursula Hasler<br \/>\nSocial Media: Simone Kobler<\/p>\n<p>&nbsp;<\/p>\n","protected":false},"excerpt":{"rendered":"<p>Allgemeine Kontakt-Adresse: info[at]roemerquartier.ch &nbsp; Pr\u00e4sident, Finanzen, Veranstaltungen Anders Nordin praesident[at]roemerquartier.ch &nbsp; Vizepr\u00e4sidentin, Veranstaltungen Stefania Bellaio info[at]roemerquartier.ch &nbsp; Aktuar, Beh\u00f6rdenkontakte, Mitgliederverwaltung, Anfragen, Vertreter im Tr\u00e4gerverein G\u00e4rtnerhaus Giuseppe Domeniconi aktuar[at]roemerquartier.ch &nbsp; \u00abR\u00f6vue\u00bb, Vertreterin im Tr\u00e4gerverein G\u00e4rtnerhaus Gianna Schneeberger info[at]roemerquartier.ch &nbsp; Veranstaltungen Martin Schmits info[at]roemerquartier.ch &nbsp; Veranstaltungen Corinne Steiner info[at]roemerquartier.ch &nbsp; Social Media, Vertreterin im B\u00e4derverein, Veranstaltungen Daniela <a href=\"https:\/\/roemerquartier.ch\/index.php\/vorstand\/\" class=\"more-link\">\u2026weiterlesen<span class=\"screen-reader-text\"> Vorstand\"<\/span><\/a><\/p>\n","protected":false},"author":1,"featured_media":0,"parent":0,"menu_order":0,"comment_status":"closed","ping_status":"closed","template":"","meta":{"ngg_post_thumbnail":0,"footnotes":""},"class_list":["post-80","page","type-page","status-publish","h-entry","hentry","h-as-page"],"_links":{"self":[{"href":"https:\/\/roemerquartier.ch\/index.php\/wp-json\/wp\/v2\/pages\/80","targetHints":{"allow":["GET"]}}],"collection":[{"href":"https:\/\/roemerquartier.ch\/index.php\/wp-json\/wp\/v2\/pages"}],"about":[{"href":"https:\/\/roemerquartier.ch\/index.php\/wp-json\/wp\/v2\/types\/page"}],"author":[{"embeddable":true,"href":"https:\/\/roemerquartier.ch\/index.php\/wp-json\/wp\/v2\/users\/1"}],"replies":[{"embeddable":true,"href":"https:\/\/roemerquartier.ch\/index.php\/wp-json\/wp\/v2\/comments?post=80"}],"version-history":[{"count":40,"href":"https:\/\/roemerquartier.ch\/index.php\/wp-json\/wp\/v2\/pages\/80\/revisions"}],"predecessor-version":[{"id":3003,"href":"https:\/\/roemerquartier.ch\/index.php\/wp-json\/wp\/v2\/pages\/80\/revisions\/3003"}],"wp:attachment":[{"href":"https:\/\/roemerquartier.ch\/index.php\/wp-json\/wp\/v2\/media?parent=80"}],"curies":[{"name":"wp","href":"https:\/\/api.w.org\/{rel}","templated":true}]}}