{"id":803,"date":"2018-12-24T19:16:55","date_gmt":"2018-12-24T18:16:55","guid":{"rendered":"http:\/\/roemerquartier.ch\/?page_id=803"},"modified":"2023-01-20T17:14:44","modified_gmt":"2023-01-20T16:14:44","slug":"bagni-popolari","status":"publish","type":"page","link":"https:\/\/roemerquartier.ch\/index.php\/bagni-popolari\/","title":{"rendered":"Bagno Popolare \/ Bad zum Raben"},"content":{"rendered":"<p>Der provisorische Thermalbrunnen im B\u00e4derquartier war seit seiner Einweihung im Dezember 2017 ein beliebter Treffpunkt. Aus dem provisorischen Brunnen wurden 2021 fixe Bauten, Bagni popolari oder \u00abHeisse Brunnen\u00bb an der Promenade vor dem Thermalbad wie auch vis-\u00e0-vis auf der Ennetbadener Seite. Inzwischen hat der Verein \u00abBagno Popolare\u00bb auch das \u00abBad zum Raben\u00bb im Untergeschoss des Schweizerhofs genossenschaftlich gekauft und bespielt es mit Kunstausstellungen. Der Quartierverein ist Mitglied des Vereins \u00abBagno Popolare\u00bb<\/p>\n<p><a href=\"https:\/\/bagnopopolare.ch\/\" target=\"_blank\" rel=\"noopener noreferrer\">Website<\/a> Verein Bagni Popolari<br \/>\n<a href=\"https:\/\/www.rabenbaden.ch\" target=\"_blank\" rel=\"noopener\">Website<\/a> Bad zum Raben<\/p>\n<p>Zeitungsberichte zum Bagno popolare (j\u00fcngste zuoberst):<\/p>\n<ul>\n<li><strong>Petermanns Kunst<\/strong> im Raben: <a href=\"http:\/\/roemerquartier.ch\/wp-content\/uploads\/2023\/01\/Petermann_Raben_RSS_0223_g.pdf\" target=\"_blank\" rel=\"noopener\">Artikel<\/a> in der Rundschau S\u00fcd vom 12. Januar 2023<\/li>\n<li>Bagni Popolari wird <strong>zweimal ausgezeichnet<\/strong>: Artikel im Badener Tagblatt vom <a href=\"https:\/\/www.badenertagblatt.ch\/aargau\/baden\/baden-heisse-brunnen-der-verein-bagni-popolari-wird-ausgezeichnet-er-hat-das-badener-thermalwasser-frei-zugaenglich-gemacht-ld.2371826\" target=\"_blank\" rel=\"noopener\">12. November 2022<\/a>, vom <a href=\"https:\/\/www.badenertagblatt.ch\/aargau\/baden\/badenennetbaden-silberner-hase-fuer-bagni-popolari-verein-erhaelt-fuer-heisse-brunnen-begehrte-auszeichnung-von-hochparterre-ld.2383752\" target=\"_blank\" rel=\"noopener\">6. Dezember 2022<\/a> und vom <a href=\"https:\/\/www.badenertagblatt.ch\/aargau\/baden\/baden-heisse-brunnen-raeumen-preis-um-preis-ab-jetzt-sprechen-die-architekten-ueber-ihr-herzensprojekt-wir-haben-enorm-viel-zeit-energie-und-arbeit-investiert-ld.2387130\" target=\"_blank\" rel=\"noopener\">14. Dezember 2022<\/a> und in der Rundschau S\u00fcd vom <a href=\"http:\/\/roemerquartier.ch\/wp-content\/uploads\/2023\/01\/Raben_RSS_4622_g-2.pdf\" target=\"_blank\" rel=\"noopener\">17. November 2022<\/a><\/li>\n<li>Genossenschaft kauft <strong>Thermalbad<\/strong> \u00abZum Raben\u00bb: <a href=\"https:\/\/www.badenertagblatt.ch\/aargau\/baden\/bagni-popolari-baden-erhaelt-ein-neues-thermalbad-haetten-nie-gedacht-dass-es-so-schnell-geht-ld.2318851\" target=\"_blank\" rel=\"noopener\">Artikel<\/a> im Badener Tagblatt vom 18. Juli 2022 und <a href=\"http:\/\/roemerquartier.ch\/wp-content\/uploads\/2022\/10\/Seite_21_Tages-Anzeiger_2022-10-11.pdf\" target=\"_blank\" rel=\"noopener\">Artikel<\/a> im Tages Anzeiger vom 11. Oktober 2022<\/li>\n<li><strong>Beliebte Heisse Brunnen<\/strong>: <a href=\"http:\/\/roemerquartier.ch\/wp-content\/uploads\/2022\/08\/Heisse_Brunnen_RSS_2822_g.pdf\" target=\"_blank\" rel=\"noopener\">Artikel<\/a> in der Rundschau S\u00fcd vom 14. Juli 2022<\/li>\n<li>Heisse <strong>Brunnen heiss begehrt,<\/strong> Interview mit Bagni-Popolari-Pr\u00e4sident: <a href=\"https:\/\/www.badenertagblatt.ch\/aargau\/baden\/baden-manche-fahren-extra-mit-dem-velo-aus-zuerich-an-gratis-thermalbrunnen-in-baden-sind-heiss-begehrt-ld.2240842\" target=\"_blank\" rel=\"noopener\">Artikel<\/a> im Badener Tagblatt vom 21. Januar 2022<\/li>\n<li><strong>Heisse Brunnen eingeweiht<\/strong>: <a href=\"https:\/\/www.badenertagblatt.ch\/aargau\/baden\/badenennetbaden-die-heissen-brunnen-sind-eingeweiht-und-sorgen-fuer-leuchtende-augen-ld.2211186\" target=\"_blank\" rel=\"noopener\">Artikel<\/a> im Badener Tagblatt vom 8. November 2021<\/li>\n<li><strong>Badekunst<\/strong> im alten Gasthof zum Raben: Die Ausstellung \u00abthe touch of the things\u00bb geht in die zweite Runde: <a href=\"https:\/\/www.badenertagblatt.ch\/aargau\/baden\/baden-badekunst-im-alten-gasthof-zum-raben-die-ausstellung-the-touch-of-the-things-geht-in-die-zweite-runde-ld.2200631\" target=\"_blank\" rel=\"noopener\">Artikel<\/a> im Badener Tagblatt vom 13. Oktober 2021<\/li>\n<li><strong>Badeplausch<\/strong> in Ennetbaden: <a href=\"https:\/\/www.badenertagblatt.ch\/aargau\/baden\/statt-badeplausch-gibt-s-in-ennetbaden-wellness-fur-die-hande-ld.2080842\" target=\"_blank\" rel=\"noopener\">Artikel<\/a> im Badener Tagblatt vom 29. Dezember 2020 und <a href=\"https:\/\/www.badenertagblatt.ch\/aargau\/baden\/ennetbaden-warteschlangen-vor-oeffentlichen-badewannen-nur-ein-nacktbadender-sorgt-fuer-unmut-ld.2112375\" target=\"_blank\" rel=\"noopener\">Artikel<\/a> vom 10. M\u00e4rz 2021<\/li>\n<li>Heisser Brunnen in <strong>Ennetbaden<\/strong>: <a href=\"https:\/\/www.badenertagblatt.ch\/aargau\/baden\/vertrag-fur-gratis-thermalbad-besiegelt-wasser-fur-heissen-brunnen-kommt-vom-schwanen-ld.2071456\" target=\"_blank\" rel=\"noopener\">Artikel<\/a> im Badener Tagblatt vom 4. Dezember 2020<\/li>\n<li>Literarische <strong>Lesung<\/strong> im Raben: <a href=\"https:\/\/www.badenertagblatt.ch\/aargau\/baden\/wenn-kurschatten-durch-badens-badewelt-geistern-136442435\" target=\"_blank\" rel=\"noopener noreferrer\">Artikel<\/a> im Badener Tagblatt vom 29. Februar 2020<\/li>\n<li><strong>Tauchgang<\/strong> im Raben; \u00abK\u00f6rper.Baden.Flow\u00bb zum Zweiten: <a href=\"https:\/\/www.badenertagblatt.ch\/aargau\/baden\/koerper-baden-flow-bagni-popolari-laedt-zum-zweiten-tauchgang-ein-136435075\" target=\"_blank\" rel=\"noopener noreferrer\">Artikel<\/a> im Badener Tagblatt vom 28. Februar 2020<\/li>\n<li>Das <strong>Raben-Thermalbecken<\/strong> wird zum Kinosaal: <a href=\"https:\/\/www.badenertagblatt.ch\/aargau\/baden\/das-raben-thermalbecken-wird-zum-kinosaal-136348632\" target=\"_blank\" rel=\"noopener noreferrer\">Artikel<\/a> im Badener Tagblatt vom 10. Februar 2020<\/li>\n<li>Ein regelrechtes <strong>Wechselbad<\/strong> der Gef\u00fchle am Festival \u00abOne of a Million\u00bb: <a href=\"https:\/\/www.badenertagblatt.ch\/aargau\/baden\/ein-regelrechtes-wechselbad-der-gefuehle-am-festival-one-of-a-million-136340152\" target=\"_blank\" rel=\"noopener noreferrer\">Artikel<\/a> im Badener Tagblatt vom 7. Februar 2020<\/li>\n<li><strong>Baubewilligung<\/strong> f\u00fcr <strong>Heissen Brunnen<\/strong> erteilt: <a href=\"https:\/\/www.badenertagblatt.ch\/aargau\/baden\/kostenloses-thermalbecken-baubewilligung-fuer-heissen-brunnen-erteilt-136311009\">Artikel<\/a> im Badener Tagblatt vom 1. Februar 2020<\/li>\n<li>F\u00f6rderpreis f\u00fcr <strong>neues Projekt<\/strong> des Vereins \u00abBagni popolari\u00bb: <a href=\"https:\/\/www.badenertagblatt.ch\/aargau\/baden\/foerderpreis-fuer-neues-projekt-des-vereins-bagni-popolari-136155003\" target=\"_blank\" rel=\"noopener noreferrer\">Artikel<\/a> im Badener Tagblatt vom 27. Dezember 2019<\/li>\n<li>Einen Kulturschatz ausgegraben: Feierliche Er\u00f6ffnung der <strong>Ausstellung<\/strong> \u00abK\u00f6rper.Baden.Flow\u00bb im Thermalbad zum Raben: <a href=\"https:\/\/www.badenertagblatt.ch\/aargau\/baden\/einen-kulturschatz-ausgegraben-feierliche-eroeffnung-der-ausstellung-koerper-baden-flow-im-thermalbad-zum-raben-135957469\" target=\"_blank\" rel=\"noopener noreferrer\">Artikel<\/a> im Badener Tagblatt vom 12. November 2019<\/li>\n<li>Der \u00abBadgasthof Raben\u00bb wird zum <strong>Kulturthermalbad<\/strong>: <a href=\"https:\/\/www.badenertagblatt.ch\/aargau\/baden\/der-badgasthof-raben-wird-zum-kulturthermalbad-135777331\" target=\"_blank\" rel=\"noopener noreferrer\">Artikel<\/a> im Badener Tagblatt vom 12. November 2019<\/li>\n<li>Der <strong>Heisse Brunnen<\/strong> im B\u00e4derquartier r\u00fcckt n\u00e4her: <a href=\"https:\/\/www.badenertagblatt.ch\/aargau\/baden\/der-heisse-brunnen-im-baederquartier-rueckt-naeher-jetzt-liegt-das-baugesuch-auf-135858445\" target=\"_blank\" rel=\"noopener noreferrer\">Artikel<\/a> im Badener Tagblatt vom 24. Oktober 2019<\/li>\n<li>Die \u00abBlume\u00bb l\u00e4dt zum <strong>Baden unter freiem Himmel<\/strong>. <a href=\"https:\/\/www.badenertagblatt.ch\/aargau\/baden\/die-blume-laedt-zum-baden-unter-freiem-himmel-135771301\" target=\"_blank\" rel=\"noopener noreferrer\">Artikel<\/a> im Badener Tagblatt vom 9. Oktober 2019<\/li>\n<li>Der <strong>heisse Brunnen<\/strong> am Limmatufer in <strong>Ennetbaden<\/strong>: <a href=\"https:\/\/www.badenertagblatt.ch\/aargau\/baden\/so-koennte-er-aussehen-der-heisse-brunnen-am-limmatufer-nun-muessen-die-buerger-entscheiden-134542485\" target=\"_blank\" rel=\"noopener noreferrer\">Artikel<\/a> im Badener Tagblatt vom 29. Mai 2019<\/li>\n<li>Das <strong>Bagno Popolare<\/strong> zieht (einmal mehr) um: <a href=\"https:\/\/www.badenertagblatt.ch\/aargau\/baden\/ein-thermalbad-das-umzieht-das-bagno-popolare-wandert-flussaufwaerts-134295647\" target=\"_blank\" rel=\"noopener noreferrer\">Artikel<\/a> im Badener Tagblatt vom 4. April 2019<\/li>\n<li><strong>Ja zum Heissen Brunnen<\/strong>: <a href=\"http:\/\/roemerquartier.ch\/wp-content\/uploads\/2019\/02\/Seiten-aus-2019-06_Rundschau_Sued.pdf\" target=\"_blank\" rel=\"noopener noreferrer\">Artikel<\/a> in der Rundschau S\u00fcd Nr. 6 vom 7. Februar 2019<\/li>\n<li>Der <strong>Einwohnerrat<\/strong> stimmt dem Heissen Brunnen zu: <a href=\"https:\/\/www.badenertagblatt.ch\/aargau\/baden\/baden-erhaelt-ein-gratis-thermalbecken-134024059\" target=\"_blank\" rel=\"noopener noreferrer\">Artikel<\/a> im Badener Tagblatt vom 31. Januar 2019<\/li>\n<li>Der Heisse Brunnen schreibt die <strong>B\u00e4dertradition<\/strong> fort: <a href=\"https:\/\/www.badenertagblatt.ch\/aargau\/baden\/eine-uralte-badener-tradition-baden-unter-freiem-himmel-gratis-134019373\" target=\"_blank\" rel=\"noopener noreferrer\">Artikel<\/a> im Badener Tagblatt vom 29. Januar 2019<\/li>\n<li><strong>Badener Ortsb\u00fcrger<\/strong> unterst\u00fctzen Heissen Brunnen: <a href=\"https:\/\/www.badenertagblatt.ch\/aargau\/baden\/gratis-thermalbad-mitten-in-der-stadt-heisser-brunnen-wird-konkret-133708487\" target=\"_blank\" rel=\"noopener noreferrer\">Artikel<\/a> im Badener Tagblatt vom 5. Dezember 2018<\/li>\n<li>Heisser Brunnen wird <strong>konkret<\/strong>: <a href=\"https:\/\/www.badenertagblatt.ch\/aargau\/baden\/gratis-thermalbad-mitten-in-der-stadt-heisser-brunnen-wird-konkret-133708487\" target=\"_blank\" rel=\"noopener noreferrer\">Artikel<\/a> im Badener Tagblatt vom 13. November 2018<\/li>\n<li><strong>Treffpunkt<\/strong> Heisser Brunnen: <a href=\"https:\/\/www.limmatstadt.ch\/magazin\/\" target=\"_blank\" rel=\"noopener noreferrer\">Artikel<\/a> in 36km (Siehe Ausgabe 6, Seite 10)<\/li>\n<li>Das \u00abBagno Popolare\u00bb bereichert das diesj\u00e4hrige <strong>Fantoche<\/strong>: <a href=\"https:\/\/www.badenertagblatt.ch\/aargau\/baden\/das-bagno-popolare-bereichert-das-diesjaehrige-fantoche-133108227\" target=\"_blank\" rel=\"noopener noreferrer\">Artikel<\/a> in der Schweiz am Wochenende vom 8. September 2018<\/li>\n<li><strong>Gratis-Thermalbad<\/strong>: <a href=\"https:\/\/www.badenertagblatt.ch\/aargau\/baden\/gratis-becken-im-baederquartier-thermalbad-betreiber-sehen-nun-einen-gewissen-charme-132263768\" target=\"_blank\" rel=\"noopener noreferrer\">Artikel<\/a> im Badener Tagblatt vom&nbsp; 1. M\u00e4rz 2018<\/li>\n<li><strong>Gratis-Thermalbad<\/strong>: <a href=\"https:\/\/www.badenertagblatt.ch\/aargau\/baden\/gratis-thermalbad-mitten-in-der-stadt-das-bagno-popolare-soll-einen-festen-platz-erhalten-132241286\" target=\"_blank\" rel=\"noopener noreferrer\">Artikel<\/a> im Badener Tagblatt vom&nbsp; 23. Februar 2018<\/li>\n<\/ul>\n<p><img loading=\"lazy\" decoding=\"async\" class=\"alignnone size-full wp-image-521\" src=\"http:\/\/roemerquartier.ch\/wp-content\/uploads\/2018\/07\/BP.jpg\" alt=\"\" width=\"1800\" height=\"1013\" srcset=\"https:\/\/roemerquartier.ch\/wp-content\/uploads\/2018\/07\/BP.jpg 1800w, https:\/\/roemerquartier.ch\/wp-content\/uploads\/2018\/07\/BP-300x169.jpg 300w, https:\/\/roemerquartier.ch\/wp-content\/uploads\/2018\/07\/BP-768x432.jpg 768w, https:\/\/roemerquartier.ch\/wp-content\/uploads\/2018\/07\/BP-1024x576.jpg 1024w, https:\/\/roemerquartier.ch\/wp-content\/uploads\/2018\/07\/BP-960x540.jpg 960w\" sizes=\"auto, (max-width: 1800px) 100vw, 1800px\" \/><em>Visualisierung Bagno Popolare. Foto: Bagni Popolari<\/em><\/p>\n","protected":false},"excerpt":{"rendered":"<p>Der provisorische Thermalbrunnen im B\u00e4derquartier war seit seiner Einweihung im Dezember 2017 ein beliebter Treffpunkt. Aus dem provisorischen Brunnen wurden 2021 fixe Bauten, Bagni popolari oder \u00abHeisse Brunnen\u00bb an der Promenade vor dem Thermalbad wie auch vis-\u00e0-vis auf der Ennetbadener Seite. Inzwischen hat der Verein \u00abBagno Popolare\u00bb auch das \u00abBad zum Raben\u00bb im Untergeschoss des <a href=\"https:\/\/roemerquartier.ch\/index.php\/bagni-popolari\/\" class=\"more-link\">\u2026weiterlesen<span class=\"screen-reader-text\"> Bagno Popolare \/ Bad zum Raben\"<\/span><\/a><\/p>\n","protected":false},"author":1,"featured_media":0,"parent":0,"menu_order":0,"comment_status":"closed","ping_status":"closed","template":"","meta":{"ngg_post_thumbnail":0,"footnotes":""},"class_list":["post-803","page","type-page","status-publish","h-entry","hentry","h-as-page"],"_links":{"self":[{"href":"https:\/\/roemerquartier.ch\/index.php\/wp-json\/wp\/v2\/pages\/803","targetHints":{"allow":["GET"]}}],"collection":[{"href":"https:\/\/roemerquartier.ch\/index.php\/wp-json\/wp\/v2\/pages"}],"about":[{"href":"https:\/\/roemerquartier.ch\/index.php\/wp-json\/wp\/v2\/types\/page"}],"author":[{"embeddable":true,"href":"https:\/\/roemerquartier.ch\/index.php\/wp-json\/wp\/v2\/users\/1"}],"replies":[{"embeddable":true,"href":"https:\/\/roemerquartier.ch\/index.php\/wp-json\/wp\/v2\/comments?post=803"}],"version-history":[{"count":30,"href":"https:\/\/roemerquartier.ch\/index.php\/wp-json\/wp\/v2\/pages\/803\/revisions"}],"predecessor-version":[{"id":2521,"href":"https:\/\/roemerquartier.ch\/index.php\/wp-json\/wp\/v2\/pages\/803\/revisions\/2521"}],"wp:attachment":[{"href":"https:\/\/roemerquartier.ch\/index.php\/wp-json\/wp\/v2\/media?parent=803"}],"curies":[{"name":"wp","href":"https:\/\/api.w.org\/{rel}","templated":true}]}}