{"id":835,"date":"2018-12-24T20:29:02","date_gmt":"2018-12-24T19:29:02","guid":{"rendered":"http:\/\/roemerquartier.ch\/?page_id=835"},"modified":"2023-03-12T18:17:49","modified_gmt":"2023-03-12T17:17:49","slug":"oelrain-treppe","status":"publish","type":"page","link":"https:\/\/roemerquartier.ch\/index.php\/oelrain-treppe\/","title":{"rendered":"\u00d6lrain-Treppe und Limmatpromenade"},"content":{"rendered":"<p>Der Vorstand des Badener R\u00f6mer-Quartiervereins setzt sich schon seit l\u00e4ngerem f\u00fcr eine Beleuchtung des Wegs von der Reformierten Kirche zum Limmatsteg ein. Im Rahmen des Adventsfensterzyklus 2018 wurde die Treppe am Freitag den 14. Dezember mit unz\u00e4hligen Teelichtern sanft beleuchtet. Wir erhoffen uns dadurch, die zust\u00e4ndigen Beh\u00f6rden f\u00fcr eine dauerhafte L\u00f6sung zu sensibilisieren. Mittlerweile wurde das Vorhaben einer Beleuchtung bewilligt und wurde 2020 umgesetzt<em>. <\/em><\/p>\n<p>2023 liegen nun Pl\u00e4ne f\u00fcr eine Neugestaltung der Limmatpromenade vor.<\/p>\n<p>Zeitungsbeitr\u00e4ge (j\u00fcngste zuoberst):<\/p>\n<ul>\n<li><strong>Sitzstufen<\/strong> an der Limmatpromenade: <a href=\"http:\/\/roemerquartier.ch\/wp-content\/uploads\/2023\/03\/Pages-from-RSS_0623_g.pdf\" target=\"_blank\" rel=\"noopener\">Artikel<\/a> in der Rundschau S\u00fcd vom 9. Februar 2023<\/li>\n<li><strong>Weg frei<\/strong> f\u00fcr Limmatpromenade: <a href=\"https:\/\/www.badenertagblatt.ch\/aargau\/baden\/baden-ld.2409132\" target=\"_blank\" rel=\"noopener\">Artikel<\/a> im Badener Tagblatt vom 1. Februar 2023<\/li>\n<li>Neugestaltung der <strong>Limmatpromenade<\/strong>: Artikel im <a href=\"https:\/\/www.badenertagblatt.ch\/aargau\/baden\/baden-limmatpromenade-soll-fuer-25-millionen-franken-endlich-aufgewertet-werden-so-sehen-die-plaene-aus-ld.2398718\" target=\"_blank\" rel=\"noopener\">Badener Tagblatt<\/a> vom 12. Januar 2023 und in der <a href=\"http:\/\/roemerquartier.ch\/wp-content\/uploads\/2023\/01\/Limmatpromenade_RSS_0322_g.pdf\" target=\"_blank\" rel=\"noopener\">Rundschau S\u00fcd<\/a> vom 19. Januar 2023<\/li>\n<li>Die <strong>Stolperfalle<\/strong> war einmal. Oelraintreppe nun beleuchtet. <a href=\"https:\/\/www.badenertagblatt.ch\/aargau\/baden\/die-stolperfalle-war-einmal-oelrain-treppe-vom-limmatufer-zum-bahnhofplatz-ist-endlich-beleuchtet-ld.1313017\" target=\"_blank\" rel=\"noopener\">Artikel<\/a> im Badener Tagblatt vom 10. Oktober 2020.<br \/>\n<a href=\"http:\/\/roemerquartier.ch\/wp-content\/uploads\/2021\/03\/Seiten-aus-2020-42_Rundschau_Sued_g.pdf\" target=\"_blank\" rel=\"noopener\">Artikel<\/a> in der Rundschau S\u00fcd vom 15. Oktober 2020<\/li>\n<li><strong>Erfolg<\/strong> am Limmatufer: Ab Oktober gibt es Licht f\u00fcr die Oelrain-Treppe. <a href=\"https:\/\/www.badenertagblatt.ch\/aargau\/baden\/erfolg-am-limmatufer-ab-oktober-gibt-es-licht-fuer-die-oelrain-treppe-137895487\" target=\"_blank\" rel=\"noopener noreferrer\">Artikel<\/a> im Badener Tagblatt vom 19. Mai 2020<\/li>\n<li>Eine besonders sch\u00f6ne <strong>Adventsstimmung am Oelrain<\/strong>: <a href=\"http:\/\/roemerquartier.ch\/wp-content\/uploads\/2019\/12\/Oelrain_20191219_AZ-Badener-Tagblatt_E-Paper.pdf\" target=\"_blank\" rel=\"noopener noreferrer\">Artikel<\/a> im Badener Tagblatt vom 19. Dezember 2019<\/li>\n<li>Es wird doch noch <strong>Licht am \u00d6lrain<\/strong>: <a href=\"https:\/\/amp.aargauerzeitung.ch\/aargau\/baden\/es-wird-doch-noch-licht-am-oelrain-wie-die-beleuchtung-aussehen-wird-liegt-aber-noch-im-dunkeln-136038137\" target=\"_blank\" rel=\"noopener noreferrer\">Artikel<\/a> im Badener Tagblatt vom 29. November 2019<\/li>\n<li>Nach Raub\u00fcberfall auf Jugendliche: <strong>Ist die Limmatpromenade sicher?<\/strong> <a href=\"https:\/\/www.badenertagblatt.ch\/aargau\/baden\/nach-raubueberfall-auf-jugendliche-ist-die-limmatpromenade-sicher-135801132\" target=\"_blank\" rel=\"noopener noreferrer\">Artikel<\/a> im Badener Tagblatt vom 15. Oktober 2019<\/li>\n<li>Pro Natura ist <strong>gegen \u00d6lrain-Treppen-Projekt<\/strong>: <a href=\"https:\/\/www.badenertagblatt.ch\/aargau\/baden\/pro-natura-wehrt-sich-gegen-treppen-beleuchtung-und-schlaegt-andere-loesung-vor-134287141\" target=\"_blank\" rel=\"noopener noreferrer\">Artikel<\/a> im Badener Tagblatt vom 2. April 2019<\/li>\n<li><strong>Kritik<\/strong> am \u00d6lrain-Treppen-Projekt: <a href=\"https:\/\/www.badenertagblatt.ch\/aargau\/baden\/kein-licht-fuer-dunkle-treppe-kritik-an-den-oelrain-plaenen-der-stadt-134265118\" target=\"_blank\" rel=\"noopener noreferrer\">Artikel<\/a> im Badener Tagblatt vom 28. M\u00e4rz 2019<\/li>\n<li><strong>Baugesuch<\/strong> f\u00fcr Treppenbeleuchtung eingereicht: <a href=\"https:\/\/www.badenertagblatt.ch\/aargau\/baden\/stolperfalle-oelrain-nun-plant-die-stadt-vier-kandelaber-aber-nicht-alle-freuen-sich-134196006\" target=\"_blank\" rel=\"noopener noreferrer\">Artikel<\/a> im Badener Tagblatt vom 12. M\u00e4rz 2019<\/li>\n<li>Die ersten <strong>Reaktionen<\/strong> der Politik: <a href=\"https:\/\/www.badenertagblatt.ch\/aargau\/baden\/mehr-licht-auf-der-oelrain-treppe-stadt-ist-offen-fuer-ein-gesuch-133865357\" target=\"_blank\" rel=\"noopener noreferrer\">Artikel<\/a> im Badener Tagblatt vom 19. Dezember 2018<\/li>\n<li><strong>Beleuchtungsaktion<\/strong>: <a href=\"https:\/\/www.badenertagblatt.ch\/aargau\/baden\/weihnachtswunsch-licht-ins-dunkel-an-der-limmat-133855745\" target=\"_blank\" rel=\"noopener noreferrer\">Artikel<\/a> im Badener Tagblatt vom 17. Dezember 2018<\/li>\n<li><strong>Mehr Licht<\/strong>: R\u00f6mer-Quartierverein fordert Beleuchtung auf Fussweg zur Limmat: <a href=\"https:\/\/www.badenertagblatt.ch\/aargau\/baden\/mehr-licht-roemer-quartierverein-fordert-beleuchtung-auf-fussweg-zur-limmat-133839480?utm_source=shared-email&amp;utm_medium=shared&amp;utm_campaign=Social%20Media\" target=\"_blank\" rel=\"noopener noreferrer\">Artikel<\/a> im Badener Tagblatt vom 14. Dezember 2018<\/li>\n<\/ul>\n<p><img loading=\"lazy\" decoding=\"async\" class=\"alignnone size-large wp-image-1240\" src=\"http:\/\/roemerquartier.ch\/wp-content\/uploads\/2019\/12\/Oelrain_20191219_AZ-Badener-Tagblatt_E-Paper-1024x811.jpg\" alt=\"\" width=\"625\" height=\"495\" srcset=\"https:\/\/roemerquartier.ch\/wp-content\/uploads\/2019\/12\/Oelrain_20191219_AZ-Badener-Tagblatt_E-Paper-1024x811.jpg 1024w, https:\/\/roemerquartier.ch\/wp-content\/uploads\/2019\/12\/Oelrain_20191219_AZ-Badener-Tagblatt_E-Paper-300x237.jpg 300w, https:\/\/roemerquartier.ch\/wp-content\/uploads\/2019\/12\/Oelrain_20191219_AZ-Badener-Tagblatt_E-Paper-768x608.jpg 768w, https:\/\/roemerquartier.ch\/wp-content\/uploads\/2019\/12\/Oelrain_20191219_AZ-Badener-Tagblatt_E-Paper-1536x1216.jpg 1536w, https:\/\/roemerquartier.ch\/wp-content\/uploads\/2019\/12\/Oelrain_20191219_AZ-Badener-Tagblatt_E-Paper-2048x1621.jpg 2048w, https:\/\/roemerquartier.ch\/wp-content\/uploads\/2019\/12\/Oelrain_20191219_AZ-Badener-Tagblatt_E-Paper-960x760.jpg 960w\" sizes=\"auto, (max-width: 625px) 100vw, 625px\" \/><br \/>\n<em>Foto: Stefanie Garcia Lainez\/AZ<\/em><\/p>\n","protected":false},"excerpt":{"rendered":"<p>Der Vorstand des Badener R\u00f6mer-Quartiervereins setzt sich schon seit l\u00e4ngerem f\u00fcr eine Beleuchtung des Wegs von der Reformierten Kirche zum Limmatsteg ein. Im Rahmen des Adventsfensterzyklus 2018 wurde die Treppe am Freitag den 14. Dezember mit unz\u00e4hligen Teelichtern sanft beleuchtet. Wir erhoffen uns dadurch, die zust\u00e4ndigen Beh\u00f6rden f\u00fcr eine dauerhafte L\u00f6sung zu sensibilisieren. Mittlerweile wurde <a href=\"https:\/\/roemerquartier.ch\/index.php\/oelrain-treppe\/\" class=\"more-link\">\u2026weiterlesen<span class=\"screen-reader-text\"> \u00d6lrain-Treppe und Limmatpromenade\"<\/span><\/a><\/p>\n","protected":false},"author":1,"featured_media":755,"parent":0,"menu_order":0,"comment_status":"closed","ping_status":"closed","template":"","meta":{"ngg_post_thumbnail":0,"footnotes":""},"class_list":["post-835","page","type-page","status-publish","has-post-thumbnail","h-entry","hentry","h-as-page"],"_links":{"self":[{"href":"https:\/\/roemerquartier.ch\/index.php\/wp-json\/wp\/v2\/pages\/835","targetHints":{"allow":["GET"]}}],"collection":[{"href":"https:\/\/roemerquartier.ch\/index.php\/wp-json\/wp\/v2\/pages"}],"about":[{"href":"https:\/\/roemerquartier.ch\/index.php\/wp-json\/wp\/v2\/types\/page"}],"author":[{"embeddable":true,"href":"https:\/\/roemerquartier.ch\/index.php\/wp-json\/wp\/v2\/users\/1"}],"replies":[{"embeddable":true,"href":"https:\/\/roemerquartier.ch\/index.php\/wp-json\/wp\/v2\/comments?post=835"}],"version-history":[{"count":17,"href":"https:\/\/roemerquartier.ch\/index.php\/wp-json\/wp\/v2\/pages\/835\/revisions"}],"predecessor-version":[{"id":2581,"href":"https:\/\/roemerquartier.ch\/index.php\/wp-json\/wp\/v2\/pages\/835\/revisions\/2581"}],"wp:featuredmedia":[{"embeddable":true,"href":"https:\/\/roemerquartier.ch\/index.php\/wp-json\/wp\/v2\/media\/755"}],"wp:attachment":[{"href":"https:\/\/roemerquartier.ch\/index.php\/wp-json\/wp\/v2\/media?parent=835"}],"curies":[{"name":"wp","href":"https:\/\/api.w.org\/{rel}","templated":true}]}}