{"id":860,"date":"2018-12-26T10:00:55","date_gmt":"2018-12-26T09:00:55","guid":{"rendered":"http:\/\/roemerquartier.ch\/?page_id=860"},"modified":"2023-03-12T18:12:59","modified_gmt":"2023-03-12T17:12:59","slug":"buslinie-nr-9","status":"publish","type":"page","link":"https:\/\/roemerquartier.ch\/index.php\/buslinie-nr-9\/","title":{"rendered":"Ruftaxi Roggenboden"},"content":{"rendered":"<p><em><strong>2021 hat der Stadtrat beschlossen, die Buslinie Nr. 9 zum Roggenboden einzustellen. Ein Ruftaxi f\u00fcllt die L\u00fccke zumindest teilweise.<\/strong> <\/em><\/p>\n<p id=\"id-doc-1fkhibodf1\" class=\"articlecomponent text regwalled\" data-team-paragraph=\"\" data-nzz-article-component=\"\">Der Roggenboden ist seit dem Wegfall der Buslinie 9 schlecht erschlossen. Seit 2021 kann ein subventioniertes Ruftaxi benutzt werden. F\u00fcr die fixe Strecke Roggenboden bis zum Taxistand am Bahnhof Baden Ost k\u00f6nnen das Argovia-Taxi (056 288 22 22) und das Badener-Taxi (056 222 55 55) bestellt werden. Der Pauschalpreis pro Person betr\u00e4gt 7 Fr., bei mehreren Personen (bis zu 4 Personen) verringert er sich. Betriebszeit: 7.00 Uhr bis 19.30 Uhr.<\/p>\n<p><em><strong>R\u00fcckblick: Buslinie Nr. 9; Chronologie eines verlorenen Kampfes<\/strong><\/em><\/p>\n<p>Der Stadtrat will die Buslinie 9 zur Langmatt und zum Kraftwerk nach Abschluss der Bauarbeiten in den B\u00e4dern wegen mangelnder Rentabilit\u00e4t einstellen. Der kleine Bus mit der Nummer 9 soll in Zukunft nicht mehr via Langmatt zum Kraftwerk Kappelerhof fahren. Dies teilte der Stadtrat dem R\u00f6merquartierverein und dem Quartierverein Kappelerhof Ende August 2020 mit. Geplant ist, dass die Linie 3 ab der Er\u00f6ffnung des neuen Bads vom Bahnhof West \u00fcber eine Schlaufenfahrt zur Endhaltestelle Thermalbad und dann zur\u00fcck \u00fcber die Parkstrasse zum Bahnhof Ost gef\u00fchrt wird. Dieser Kurs soll t\u00e4glich zwischen 7.26 bis 22.30 Uhr im 15-Minuten-Takt verkehren. Ab diesem Zeitpunkt w\u00fcrde die Linie 9 gestrichen.<\/p>\n<p>Wie Stadtammann Markus Schneider selbst schreibt, wurde die Linie 9, welche bis 2005 nur bis zur Haltestelle Langmatt gef\u00fchrt wurde, mit einem geringen Mehraufwand von 21'000 Franken pro Jahr kosteng\u00fcnstig bis zum Kraftwerk verl\u00e4ngert, weil die Stillstandzeit ausgenutzt werden konnte.<\/p>\n<p>Heute spricht die Stadt von Gesamtkosten von 570'000 Franken pro Jahr f\u00fcr die Linie bei Ertr\u00e4gen von 180'000 Franken. Die Kostendeckung von 24 Prozent sei f\u00fcr die Stadt ungen\u00fcgend.<\/p>\n<p>F\u00fcr den R\u00f6mer-Quartierverein stellen sich nun einige Fragen. Grunds\u00e4tzlich ist es unglaubw\u00fcrdig, wenn 2005 eine sogenannte kosteng\u00fcnstige Verl\u00e4ngerung der Linie beschlossen wurde und die Linie heute als untragbar bezeichnet wird. Die Langmatt h\u00e4tte in Zukunft keine eigene Haltestelle mehr, was f\u00fcr die Besucherfrequenz nicht unbedingt f\u00f6rderlich w\u00e4re.<\/p>\n<p>Der Verkehr \u00fcber die Parkstrasse w\u00fcrde durch die gr\u00f6sseren Busse behindert werden, was zu Staus im Quartier f\u00fchren k\u00f6nnte. Dies hat auch die Polizei erkannt. Sie plant, an der Kreuzung R\u00f6merstrasse\/Parkstrasse eine Lichtsignalanlage zu installieren, um die freie Fahrt der Busse garantieren zu k\u00f6nnen. Ob die Busse die enge Kurve der Parkstrasse unterhalb des Hotels Du Parc bew\u00e4ltigen k\u00f6nnen, sei dahingestellt: Die meisten Lastwagen der Baustelle in den B\u00e4dern m\u00fcssen heute zweimal ansetzen, um die Kurve zu meistern.<\/p>\n<p>Zeitungsberichte zur Buslinie 9:<\/p>\n<ul>\n<li>Ruftaxi <strong>bleibt erhalten<\/strong>: <a href=\"http:\/\/roemerquartier.ch\/wp-content\/uploads\/2023\/03\/Roggebode_Badener_Tagblatt_20230131_Seite_24.pdf\" target=\"_blank\" rel=\"noopener\">Artikel<\/a> im Badener Tagblatt vom 31. Januar 2023<\/li>\n<li><strong>Ruftaxi<\/strong> f\u00fcr den Roggebode: <a href=\"https:\/\/www.badenertagblatt.ch\/aargau\/baden\/baden-nach-kuerzung-der-linie-9-roggebode-bewohner-fahren-bald-taxi-statt-bus-so-viel-kostet-das-billett-ld.2214381\" target=\"_blank\" rel=\"noopener\">Artikel<\/a> im Badener Tagblatt vom 16. November 2021<\/li>\n<li><strong>Buslinie Nr. 9 wird eingestellt<\/strong>: <a href=\"http:\/\/roemerquartier.ch\/wp-content\/uploads\/2021\/08\/Bus_9_Seite_29_Badener_Tagblatt_2021-08-21.pdf\" target=\"_blank\" rel=\"noopener\">Artikel<\/a> im Badener Tagblatt vom 22. August 2021<\/li>\n<li>Einwohnerrat will <strong>Buslinie retten<\/strong>: <a href=\"https:\/\/www.badenertagblatt.ch\/aargau\/baden\/baden-selbstfahrende-busse-oder-taxidienst-mit-diesen-ideen-will-der-einwohnerrat-die-buslinie-9-retten-ld.2117630\" target=\"_blank\" rel=\"noopener\">Artikel<\/a> im Badener Tagblatt vom 25. M\u00e4rz 2021<\/li>\n<li>Kampf gegen <strong>K\u00fcrzung<\/strong>: <a href=\"https:\/\/www.badenertagblatt.ch\/aargau\/baden\/vier-haltestellen-fur-eine-viertelmillion-quartier-bewohner-wehren-sich-gegen-kurzung-der-buslinie-ld.2066211\" target=\"_blank\" rel=\"noopener\">Artikel<\/a> im Badener Tagblatt vom 21. November 2020<\/li>\n<li>Die Buslinie 9 soll weiter durchs Badener R\u00f6merquartier fahren - das fordern viele <strong>Anwohner<\/strong>. <a href=\"https:\/\/www.badenertagblatt.ch\/aargau\/baden\/die-buslinie-9-soll-weiter-durchs-badener-romerquartier-fahren-das-fordern-viele-anwohner-ld.1237685\" target=\"_blank\" rel=\"noopener\">Artikel<\/a> im Badener Tagblatt vom 13. Juli 2020<\/li>\n<li>Buslinie 9-<strong>Haltestellen sollen verschwinden<\/strong>: <a href=\"https:\/\/www.badenertagblatt.ch\/aargau\/baden\/buslinie-9-haltestellen-sollen-verschwinden-doch-es-gibt-widerstand-133912580\" target=\"_blank\" rel=\"noopener noreferrer\">Artikel<\/a> im Badener Tagblatt vom 3. Januar 2019<\/li>\n<\/ul>\n<div class=\"notranslate\" style=\"all: initial;\">&nbsp;<\/div>\n","protected":false},"excerpt":{"rendered":"<p>2021 hat der Stadtrat beschlossen, die Buslinie Nr. 9 zum Roggenboden einzustellen. Ein Ruftaxi f\u00fcllt die L\u00fccke zumindest teilweise. Der Roggenboden ist seit dem Wegfall der Buslinie 9 schlecht erschlossen. Seit 2021 kann ein subventioniertes Ruftaxi benutzt werden. F\u00fcr die fixe Strecke Roggenboden bis zum Taxistand am Bahnhof Baden Ost k\u00f6nnen das Argovia-Taxi (056 288 <a href=\"https:\/\/roemerquartier.ch\/index.php\/buslinie-nr-9\/\" class=\"more-link\">\u2026weiterlesen<span class=\"screen-reader-text\"> Ruftaxi Roggenboden\"<\/span><\/a><\/p>\n","protected":false},"author":1,"featured_media":1379,"parent":0,"menu_order":0,"comment_status":"closed","ping_status":"closed","template":"","meta":{"ngg_post_thumbnail":0,"footnotes":""},"class_list":["post-860","page","type-page","status-publish","has-post-thumbnail","h-entry","hentry","h-as-page"],"_links":{"self":[{"href":"https:\/\/roemerquartier.ch\/index.php\/wp-json\/wp\/v2\/pages\/860","targetHints":{"allow":["GET"]}}],"collection":[{"href":"https:\/\/roemerquartier.ch\/index.php\/wp-json\/wp\/v2\/pages"}],"about":[{"href":"https:\/\/roemerquartier.ch\/index.php\/wp-json\/wp\/v2\/types\/page"}],"author":[{"embeddable":true,"href":"https:\/\/roemerquartier.ch\/index.php\/wp-json\/wp\/v2\/users\/1"}],"replies":[{"embeddable":true,"href":"https:\/\/roemerquartier.ch\/index.php\/wp-json\/wp\/v2\/comments?post=860"}],"version-history":[{"count":13,"href":"https:\/\/roemerquartier.ch\/index.php\/wp-json\/wp\/v2\/pages\/860\/revisions"}],"predecessor-version":[{"id":2578,"href":"https:\/\/roemerquartier.ch\/index.php\/wp-json\/wp\/v2\/pages\/860\/revisions\/2578"}],"wp:featuredmedia":[{"embeddable":true,"href":"https:\/\/roemerquartier.ch\/index.php\/wp-json\/wp\/v2\/media\/1379"}],"wp:attachment":[{"href":"https:\/\/roemerquartier.ch\/index.php\/wp-json\/wp\/v2\/media?parent=860"}],"curies":[{"name":"wp","href":"https:\/\/api.w.org\/{rel}","templated":true}]}}