{"id":872,"date":"2018-12-26T12:54:34","date_gmt":"2018-12-26T11:54:34","guid":{"rendered":"http:\/\/roemerquartier.ch\/?page_id=872"},"modified":"2022-10-23T19:41:35","modified_gmt":"2022-10-23T17:41:35","slug":"maettelisteg","status":"publish","type":"page","link":"https:\/\/roemerquartier.ch\/index.php\/maettelisteg\/","title":{"rendered":"M\u00e4ttelipark \/ M\u00e4ttelisteg \/ Oederlin-Areal \/ Limmatufer"},"content":{"rendered":"<p><img decoding=\"async\" src=\"https:\/\/static.az-cdn.ch\/__ip\/IYJhGv3jY7yg4A9-18ZdEEwduEg\/b1b48a211545bf08def4540f5dfa82ac573b0107\/remote.adjust.rotate=0&amp;remote.size.w=1280&amp;remote.size.h=852&amp;local.crop.h=721&amp;local.crop.w=1280&amp;local.crop.x=0&amp;local.crop.y=45&amp;r=1,n-medium2x-16x9\" alt=\"https:\/\/static.az-cdn.ch\/__ip\/IYJhGv3jY7yg4A9-18ZdEEwduEg\/b1b48a211545bf08def4540f5dfa82ac573b0107\/remote.adjust.rotate=0&amp;remote.size.w=1280&amp;remote.size.h=852&amp;local.crop.h=721&amp;local.crop.w=1280&amp;local.crop.x=0&amp;local.crop.y=45&amp;r=1,n-medium2x-16x9\"><br \/>\n<em>Foto: zvg AZ<\/em><\/p>\n<p>Schon seit geraumer Zeit besteht ein Plan, das B\u00e4derquartier vom M\u00e4ttelipark her \u00fcber einen neuen Fussg\u00e4ngersteg mit dem Oederlin-Areal zu verbinden. Das Projekt des M\u00e4ttelistegs hat eine wechselvolle Geschichte. Die Gemeinde Obersiggenthal hat im Herbst 2018 einen Finanzierungsbeitrag abgelehnt. Im Rahmen des Neubaus des Thermalbades wurde die Idee wieder auf den Tisch gebracht. Aktuell (2022) gibt es von Seiten der Gemeinde Ennetbaden wieder eine Initiative, den Steg doch noch zu realisieren. Der M\u00e4ttelipark wurde 2021\/22 neu gestaltet.<\/p>\n<p>Zeitungsberichte (j\u00fcngste zuoberst):<\/p>\n<ul>\n<li><strong>Skulpturen<\/strong> im M\u00e4ttelipark: <a href=\"https:\/\/www.badenertagblatt.ch\/aargau\/baden\/baden-die-kunst-in-der-stadt-ist-in-bewegung-nackte-frauen-aus-bronze-sind-in-den-park-gewandert-ld.2360728\" target=\"_blank\" rel=\"noopener\">Artikel<\/a> im Badener Tagblatt vom 20. Oktober 2022<\/li>\n<li>M\u00e4ttelisteg-Projekt wird <strong>aufgegeben<\/strong>: <a href=\"https:\/\/www.badenertagblatt.ch\/aargau\/baden\/baederquartier-aus-der-traum-vom-maettelisteg-baden-und-ennetbaden-schicken-das-brueckenprojekt-ueberraschend-bachab-ld.2346629\" target=\"_blank\" rel=\"noopener\">Artikel<\/a> im Badener Tagblatt vom 21. September 2022<\/li>\n<li><strong>Veloweg<\/strong> ins Brisgi: Artikel in der <a href=\"http:\/\/roemerquartier.ch\/wp-content\/uploads\/2022\/10\/Brisgi_Veloweg_2022_09_01_RSS_3522_g-2.pdf\" target=\"_blank\" rel=\"noopener\">Rundschau S\u00fcd<\/a> vom 1. September 2022 und im <a href=\"http:\/\/roemerquartier.ch\/wp-content\/uploads\/2022\/10\/Badener_Tagblatt_20220825_Seite_19.pdf\" target=\"_blank\" rel=\"noopener\">Badener Tagblatt<\/a> vom 25. August 2022<\/li>\n<li><strong>Spielplatz M\u00e4ttelipark<\/strong> bereit: <a href=\"http:\/\/roemerquartier.ch\/wp-content\/uploads\/2022\/08\/Spielplatz_RSS_2822_g.pdf\" target=\"_blank\" rel=\"noopener\">Artikel<\/a> in der Rundschau S\u00fcd vom 14. Juli 2022<\/li>\n<li>M\u00e4ttelisteg <strong>Revival?<\/strong>: <a href=\"http:\/\/roemerquartier.ch\/wp-content\/uploads\/2022\/08\/Maettelisteg_Badenaktuell_Magazin_AusgabeMai2022.pdf\" target=\"_blank\" rel=\"noopener\">Artikel<\/a> in Badenaktuell vom Mai 2022<\/li>\n<li>Ein <strong>neuer Anlauf<\/strong> f\u00fcr den M\u00e4ttelisteg: <a href=\"https:\/\/www.badenertagblatt.ch\/aargau\/baden\/baden-ennetbaden-neue-bruecke-im-baederquartier-baden-ist-angetan-von-der-idee-recherchen-zeigen-der-maettelisteg-war-schon-vor-130-jahren-geplant-ld.2273837?mktcid=smsh&amp;mktcval=E-mail\" target=\"_blank\" rel=\"noopener\">Artikel<\/a> im Badener Tagblatt vom 14. April 2022<\/li>\n<li>Betriebseinstellung <strong>Oederlin-Kraftwerk<\/strong>: <a href=\"https:\/\/www.badenertagblatt.ch\/aargau\/baden\/baden-mini-wasserkraftwerk-warum-der-stadtrat-einen-weiterbetrieb-ablehnt-ld.2258235\" target=\"_blank\" rel=\"noopener\">Artikel<\/a> im Badener Tagblatt vom 3. M\u00e4rz 2022<\/li>\n<li>Projekt <strong>M\u00e4ttelisteg reaktiviert<\/strong>: <a href=\"https:\/\/www.badenertagblatt.ch\/aargau\/baden\/baden-ennetbaden-die-zeit-ist-reif-maettelisteg-soll-doch-noch-gebaut-werden-ld.2246473\" target=\"_blank\" rel=\"noopener\">Artikel<\/a> im Badener Tagblatt vom 4. Februar 2022<\/li>\n<li><strong>Bronzeskulpturen<\/strong> im M\u00e4ttelipark: <a href=\"https:\/\/www.badenertagblatt.ch\/aargau\/baden\/badener-baederquartier-bronzene-frauenskulpturen-zurueck-im-maettelipark-neben-dem-neuen-thermalbad-fortyseven-ld.2229243\" target=\"_blank\" rel=\"noopener\">Artikel<\/a> im Badener Tagblatt vom 18. Dezember 2021<\/li>\n<li>100-Millionen-<strong>\u00dcberbauung<\/strong> auf dem Oederlin-Areal r\u00fcckt (langsam) n\u00e4her: <a href=\"https:\/\/www.badenertagblatt.ch\/aargau\/baden\/100-millionen-ueberbauung-auf-dem-oederlin-areal-rueckt-langsam-naeher-134611972\" target=\"_blank\" rel=\"noopener noreferrer\">Artikel<\/a> im Badener Tagblatt vom 14. Juni 2019<\/li>\n<\/ul>\n","protected":false},"excerpt":{"rendered":"<p>Foto: zvg AZ Schon seit geraumer Zeit besteht ein Plan, das B\u00e4derquartier vom M\u00e4ttelipark her \u00fcber einen neuen Fussg\u00e4ngersteg mit dem Oederlin-Areal zu verbinden. Das Projekt des M\u00e4ttelistegs hat eine wechselvolle Geschichte. Die Gemeinde Obersiggenthal hat im Herbst 2018 einen Finanzierungsbeitrag abgelehnt. Im Rahmen des Neubaus des Thermalbades wurde die Idee wieder auf den Tisch <a href=\"https:\/\/roemerquartier.ch\/index.php\/maettelisteg\/\" class=\"more-link\">\u2026weiterlesen<span class=\"screen-reader-text\"> M\u00e4ttelipark \/ M\u00e4ttelisteg \/ Oederlin-Areal \/ Limmatufer\"<\/span><\/a><\/p>\n","protected":false},"author":1,"featured_media":0,"parent":0,"menu_order":0,"comment_status":"closed","ping_status":"closed","template":"","meta":{"ngg_post_thumbnail":0,"footnotes":""},"class_list":["post-872","page","type-page","status-publish","h-entry","hentry","h-as-page"],"_links":{"self":[{"href":"https:\/\/roemerquartier.ch\/index.php\/wp-json\/wp\/v2\/pages\/872","targetHints":{"allow":["GET"]}}],"collection":[{"href":"https:\/\/roemerquartier.ch\/index.php\/wp-json\/wp\/v2\/pages"}],"about":[{"href":"https:\/\/roemerquartier.ch\/index.php\/wp-json\/wp\/v2\/types\/page"}],"author":[{"embeddable":true,"href":"https:\/\/roemerquartier.ch\/index.php\/wp-json\/wp\/v2\/users\/1"}],"replies":[{"embeddable":true,"href":"https:\/\/roemerquartier.ch\/index.php\/wp-json\/wp\/v2\/comments?post=872"}],"version-history":[{"count":14,"href":"https:\/\/roemerquartier.ch\/index.php\/wp-json\/wp\/v2\/pages\/872\/revisions"}],"predecessor-version":[{"id":2427,"href":"https:\/\/roemerquartier.ch\/index.php\/wp-json\/wp\/v2\/pages\/872\/revisions\/2427"}],"wp:attachment":[{"href":"https:\/\/roemerquartier.ch\/index.php\/wp-json\/wp\/v2\/media?parent=872"}],"curies":[{"name":"wp","href":"https:\/\/api.w.org\/{rel}","templated":true}]}}